{"id":967,"date":"2017-11-14T11:59:28","date_gmt":"2017-11-14T12:59:28","guid":{"rendered":"http:\/\/usism.pt\/wp\/?page_id=967"},"modified":"2017-11-14T11:59:28","modified_gmt":"2017-11-14T12:59:28","slug":"diabetes-mellitus","status":"publish","type":"page","link":"https:\/\/usism.azores.gov.pt\/wp\/?page_id=967","title":{"rendered":"Diabetes Mellitus"},"content":{"rendered":"<p>Dia Mundial da Diabetes &#8211; 14 de Novembro<\/p>\n<p><strong>O que \u00e9 a Diabetes Mellitus?<\/strong><\/p>\n<p>A Diabetes Mellitus \u00e9 uma doen\u00e7a cr\u00f3nica que resulta da produ\u00e7\u00e3o ou utiliza\u00e7\u00e3o inadequada da hormona insulina. Esta hormona, produzida pelo p\u00e2ncreas, \u00e9 respons\u00e1vel pelo controlo dos n\u00edveis de a\u00e7\u00facar no sangue, essenciais para a fun\u00e7\u00e3o celular de todos os \u00f3rg\u00e3os. As pessoas portadoras de Diabetes Mellitus, pela utiliza\u00e7\u00e3o inadequada a hormona, podem apresentar altera\u00e7\u00f5es dos valores de glic\u00e9mia (a\u00e7\u00facar) no sangue, situa\u00e7\u00e3o que, se n\u00e3o devidamente controlada, pode conduzir a complica\u00e7\u00f5es graves (problemas renais, oftalmol\u00f3gicos e card\u00edacos, entre outros)\u00a0<sup>1<\/sup>.<\/p>\n<p><strong>Quais os fatores de risco para vir a ter Diabetes Mellitus?<\/strong><\/p>\n<p>Devido \u00e0s altera\u00e7\u00f5es no estilo de vida e h\u00e1bitos alimentares da sociedade, esta doen\u00e7a, que est\u00e1 muito associada ao excesso de peso, \u00e0 alimenta\u00e7\u00e3o desequilibrada e ao estilo de vida sedent\u00e1rio, tem vindo a manifestar-se em popula\u00e7\u00f5es cada vez mais jovens. Em Portugal, segundo dados do \u00faltimo Relat\u00f3rio para o Observat\u00f3rio Nacional da Diabetes, a preval\u00eancia da Diabetes na popula\u00e7\u00e3o portuguesa, com idades compreendidas entre os 20 e os 79 anos, foi de 1 milh\u00e3o de pessoas e sabe-se que mais de um quarto dos portugueses entre os 60-79 anos tem Diabetes\u00a0<sup>2<\/sup>. Por este motivo, a estrat\u00e9gia nacional de controlo da Diabetes estabelece-se atrav\u00e9s de tr\u00eas grandes medidas: a preven\u00e7\u00e3o, tratamento e controlo da Diabetes\u00a0<sup>3<\/sup>.<\/p>\n<p><a href=\"http:\/\/usism.pt\/wp\/wp-content\/uploads\/2017\/11\/Diabetes.png\" data-rel=\"lightbox-gallery-d8qcwoDQ\" data-rl_title=\"\" data-rl_caption=\"\" title=\"\"><img fetchpriority=\"high\" decoding=\"async\" class=\"aligncenter size-full wp-image-968\" src=\"http:\/\/usism.pt\/wp\/wp-content\/uploads\/2017\/11\/Diabetes.png\" alt=\"Diabetes\" width=\"626\" height=\"832\" srcset=\"https:\/\/usism.azores.gov.pt\/wp\/wp-content\/uploads\/2017\/11\/Diabetes.png 626w, https:\/\/usism.azores.gov.pt\/wp\/wp-content\/uploads\/2017\/11\/Diabetes-226x300.png 226w\" sizes=\"(max-width: 626px) 100vw, 626px\" \/><\/a><\/p>\n<p><strong>Pessoas com probabilidade aumentada de desenvolver Diabetes:<\/strong><\/p>\n<p>Embora qualquer pessoa possa vir a desenvolver Diabetes Mellitus, algumas pessoas t\u00eam risco mais elevado de vir a manifestar a doen\u00e7a devendo, por esse motivo, ter um cuidado maior na sua preven\u00e7\u00e3o: pessoas com familiares diretos diab\u00e9ticos; com excesso de peso e\/ou muito sedent\u00e1rias; pessoas Idosas; mulheres que tenham tido diabetes durante a gravidez e\/ou que tenham tido filhos com mais de 4Kg; pessoas com s\u00edndrome metab\u00f3lico (conjunto de problemas que incluem per\u00edmetro da cintura aumentado, colesterol elevado, e hipertens\u00e3o arterial)\u00a0<sup>4<\/sup>.<\/p>\n<p><strong>Quais os Sintomas associados ao Diagn\u00f3stico da Doen\u00e7a?<\/strong><\/p>\n<p>O aparecimento \u00e9 habitualmente lento e os sintomas frequentemente associados \u00e0 dete\u00e7\u00e3o da doen\u00e7a s\u00e3o: sede, urinar frequentemente, cansa\u00e7o, vis\u00e3o turva, por vezes a perda de peso e o aumento de apetite. O diagn\u00f3stico efetivo da doen\u00e7a s\u00f3 \u00e9 poss\u00edvel atrav\u00e9s de an\u00e1lises sangu\u00edneas detalhadas\u00a0<sup>5<\/sup>.<\/p>\n<hr \/>\n<p><span style=\"font-size: 12px;\">[1] Sociedade Portuguesa de Diabetologia &#8211; <em>Recomenda\u00e7\u00f5es Nacionais da SPD para o Tratamento da Hiperglicemia na Diabetes Tipo 2 \u2013 Vers\u00e3o Resumida<\/em> \u2013 <a href=\"http:\/\/www.spd.pt\/\" target=\"_blank\">http:\/\/www.spd.pt\/<\/a><br \/>\n<\/span><span style=\"font-size: 12px;\">[2] Observat\u00f3rio da Diabetes &#8211; <em>Relat\u00f3rio Anual do Observat\u00f3rio Nacional da Diabetes<\/em> \u2013 <a href=\"http:\/\/www.spd.pt\/images\/bolsas\/dfn2015.pdf\" target=\"_blank\">http:\/\/www.spd.pt\/images\/bolsas\/dfn2015.pdf<\/a><br \/>\n<\/span><span style=\"font-size: 12px;\">[3] Dire\u00e7\u00e3o Geral da Sa\u00fade &#8211; <em>Programa Nacional para a Preven\u00e7\u00e3o e Controlo da Diabetes<\/em> \u2013 <a href=\"https:\/\/www.dgs.pt\/programa-nacional-para-a-diabetes.aspx\" target=\"_blank\">https:\/\/www.dgs.pt\/programa-nacional-para-a-diabetes.aspx<\/a><br \/>\n<\/span><span style=\"font-size: 12px;\">[4] World Health Organization \u2013 <em>Diabetes Fact Sheet &#8211; <\/em><a href=\"http:\/\/www.who.int\/mediacentre\/factsheets\/fs312\/en\/\" target=\"_blank\">http:\/\/www.who.int\/mediacentre\/factsheets\/fs312\/en\/<\/a><br \/>\n<\/span><span style=\"font-size: 12px;\">[5] Dire\u00e7\u00e3o Geral da Sa\u00fade &#8211; <em>Programa Nacional para a Preven\u00e7\u00e3o e Controlo da Diabetes<\/em> \u2013 <a href=\"https:\/\/www.dgs.pt\/programa-nacional-para-a-diabetes.aspx\" target=\"_blank\">https:\/\/www.dgs.pt\/programa-nacional-para-a-diabetes.aspx<\/a><br \/>\n<\/span><\/p>\n","protected":false},"excerpt":{"rendered":"<p>Dia Mundial da Diabetes &#8211; 14 de Novembro O que \u00e9 a Diabetes Mellitus? A Diabetes Mellitus \u00e9 uma doen\u00e7a cr\u00f3nica que resulta da produ\u00e7\u00e3o ou utiliza\u00e7\u00e3o inadequada da hormona insulina. Esta hormona, produzida pelo p\u00e2ncreas, \u00e9 respons\u00e1vel pelo controlo dos n\u00edveis de a\u00e7\u00facar no sangue, essenciais para a fun\u00e7\u00e3o celular de todos os \u00f3rg\u00e3os. [&hellip;]<\/p>\n","protected":false},"author":1,"featured_media":975,"parent":971,"menu_order":0,"comment_status":"closed","ping_status":"closed","template":"","meta":{"footnotes":""},"class_list":["post-967","page","type-page","status-publish","has-post-thumbnail","hentry"],"_links":{"self":[{"href":"https:\/\/usism.azores.gov.pt\/wp\/index.php?rest_route=\/wp\/v2\/pages\/967","targetHints":{"allow":["GET"]}}],"collection":[{"href":"https:\/\/usism.azores.gov.pt\/wp\/index.php?rest_route=\/wp\/v2\/pages"}],"about":[{"href":"https:\/\/usism.azores.gov.pt\/wp\/index.php?rest_route=\/wp\/v2\/types\/page"}],"author":[{"embeddable":true,"href":"https:\/\/usism.azores.gov.pt\/wp\/index.php?rest_route=\/wp\/v2\/users\/1"}],"replies":[{"embeddable":true,"href":"https:\/\/usism.azores.gov.pt\/wp\/index.php?rest_route=%2Fwp%2Fv2%2Fcomments&post=967"}],"version-history":[{"count":4,"href":"https:\/\/usism.azores.gov.pt\/wp\/index.php?rest_route=\/wp\/v2\/pages\/967\/revisions"}],"predecessor-version":[{"id":976,"href":"https:\/\/usism.azores.gov.pt\/wp\/index.php?rest_route=\/wp\/v2\/pages\/967\/revisions\/976"}],"up":[{"embeddable":true,"href":"https:\/\/usism.azores.gov.pt\/wp\/index.php?rest_route=\/wp\/v2\/pages\/971"}],"wp:featuredmedia":[{"embeddable":true,"href":"https:\/\/usism.azores.gov.pt\/wp\/index.php?rest_route=\/wp\/v2\/media\/975"}],"wp:attachment":[{"href":"https:\/\/usism.azores.gov.pt\/wp\/index.php?rest_route=%2Fwp%2Fv2%2Fmedia&parent=967"}],"curies":[{"name":"wp","href":"https:\/\/api.w.org\/{rel}","templated":true}]}}