{"id":839,"date":"2019-02-19T11:23:17","date_gmt":"2019-02-19T12:23:17","guid":{"rendered":"http:\/\/usism.pt\/wp\/?page_id=839"},"modified":"2026-03-02T10:14:27","modified_gmt":"2026-03-02T11:14:27","slug":"convencoes","status":"publish","type":"page","link":"https:\/\/usism.azores.gov.pt\/wp\/?page_id=839","title":{"rendered":"Conven\u00e7\u00f5es"},"content":{"rendered":"<p>Identifica\u00e7\u00e3o relativa \u00e0s conven\u00e7\u00f5es em vigor na Unidade de Sa\u00fade da Ilha de S\u00e3o Miguel.<\/p>\n<p><strong>Nota: A informa\u00e7\u00e3o presente esta p\u00e1gina encontra-se desatualizada. Estamos a proceder \u00e0 sua corre\u00e7\u00e3o. Pedimos desculpa pelos inc\u00f3modos causados.<\/strong><\/p>\n<hr \/>\n<p>Conven\u00e7\u00e3o n.\u00ba 1\/2018 &#8211;\u00a0<strong>Radiologia &#8211; Ecotomografia<\/strong> (<strong>Ecografia Obst\u00e9trica)<\/strong><\/p>\n<ul>\n<li><a title=\"Nova janela: documento\" href=\"http:\/\/usism.azores.gov.pt\/wp\/wp-content\/uploads\/convencoes\/Radiologia - Ecotomografia (Ecografia - Obst\u00e9trica) (Conven\u00e7\u00e3o n.\u00ba 1.2018) - Entidades Convencionadas.pdf.pdf\" target=\"_blank\" rel=\"noopener noreferrer\">Consultar Entidades Convencionadas<\/a>\u00a0&#8211; PDF &#8211; 167 Kb<\/li>\n<li><a title=\"Nova janela: documento\" href=\"http:\/\/usism.azores.gov.pt\/wp\/wp-content\/uploads\/convencoes\/Radiologia - Ecotomografia (Ecografia - Obst\u00e9trica) (Conven\u00e7\u00e3o n.\u00ba 1.2018) - Clausulado.pdf\" target=\"_blank\" rel=\"noopener noreferrer\">Consultar Clausulado<\/a>\u00a0&#8211; PDF &#8211; 384 Kb<\/li>\n<\/ul>\n<p>Conven\u00e7\u00e3o n.\u00ba 7\/2018 &#8211; <strong>Medicina F\u00edsica e de Reabilita\u00e7\u00e3o<\/strong><\/p>\n<ul>\n<li><a title=\"Nova janela: documento\" href=\"https:\/\/usism.azores.gov.pt\/wp\/?wpfb_dl=65\" target=\"_blank\" rel=\"noopener noreferrer\">Consultar Entidades Convencionadas<\/a> &#8211; PDF &#8211; 356 Kb<\/li>\n<li><a title=\"Nova janela: documento\" href=\"https:\/\/usism.azores.gov.pt\/wp\/wp-content\/uploads\/2022\/06\/7-II-Convencao-2018-12-10.pdf\" target=\"_blank\" rel=\"noopener noreferrer\">Consultar Clausulado<\/a> &#8211; PDF &#8211;\u00a01,34 Mb<\/li>\n<\/ul>\n<p>Conven\u00e7\u00e3o n.\u00ba 15\/2016 &#8211; <strong>An\u00e1lises Cl\u00ednicas &#8211; Anatomia Patol\u00f3gica<\/strong><\/p>\n<ul>\n<li><a title=\"Nova janela: documento\" href=\"http:\/\/usism.azores.gov.pt\/wp\/wp-content\/uploads\/2021\/06\/Entidades-Convencionadas-Anatomia-Patologica.pdf\" target=\"_blank\" rel=\"noopener noreferrer\">Consultar Entidades Convencionadas<\/a>\u00a0&#8211; PDF &#8211; 154 Kb<\/li>\n<li><a title=\"Nova janela: documento\" href=\"http:\/\/usism.azores.gov.pt\/wp\/wp-content\/uploads\/convencoes\/An\u00e1lises Cl\u00ednicas - Anatomia Patol\u00f3gica (Conven\u00e7\u00e3o n.\u00ba 15.2016) - Clausulado.pdf\" target=\"_blank\" rel=\"noopener noreferrer\">Consultar Clausulado<\/a>\u00a0&#8211; PDF &#8211; 179 Kb<\/li>\n<li><a title=\"Nova janela: documento\" href=\"http:\/\/usism.azores.gov.pt\/wp\/wp-content\/uploads\/convencoes\/An\u00e1lises Cl\u00ednicas - Anatomia Patol\u00f3gica (Conven\u00e7\u00e3o n.\u00ba 15.2016) - Clausulado - Anexo IV.pdf\" target=\"_blank\" rel=\"noopener noreferrer\">Consultar Clausulado &#8211; Anexo IV<\/a>\u00a0&#8211; PDF &#8211; 152 Kb<\/li>\n<\/ul>\n<p>Conven\u00e7\u00e3o n.\u00ba 16\/2016 &#8211; <strong>Cardiologia &#8211; Electrocardiologia e Ecocardiografia<\/strong><\/p>\n<ul>\n<li><a title=\"Nova janela: documento\" href=\"http:\/\/usism.azores.gov.pt\/wp\/wp-content\/uploads\/convencoes\/Cardiologia - Electrocardiologia e Ecocardiografia (Conven\u00e7\u00e3o n.\u00ba 16.2016) - Entidades Convencionadas.pdf\" target=\"_blank\" rel=\"noopener noreferrer\">Consultar Entidades Convencionadas<\/a>\u00a0&#8211; PDF &#8211; 113 Kb<\/li>\n<li><a title=\"Nova janela: documento\" href=\"http:\/\/usism.azores.gov.pt\/wp\/wp-content\/uploads\/convencoes\/Cardiologia - Electrocardiologia e Ecocardiografia (Conven\u00e7\u00e3o n.\u00ba 16.2016) - Clausulado.pdf\" target=\"_blank\" rel=\"noopener noreferrer\">Consultar Clausulado<\/a>\u00a0&#8211; PDF &#8211; 339 Kb<\/li>\n<\/ul>\n<p>Conven\u00e7\u00e3o n.\u00ba 18\/2016 &#8211; <strong>Radiologia &#8211; Osteodensitometria<\/strong><\/p>\n<ul>\n<li><a title=\"Nova janela: documento\" href=\"http:\/\/usism.azores.gov.pt\/wp\/wp-content\/uploads\/convencoes\/Radiologia - Osteodensitometria (Conven\u00e7\u00e3o n.\u00ba 18.2016) - Entidades Convenciadas.pdf\" target=\"_blank\" rel=\"noopener noreferrer\">Consultar Entidades Convencionadas<\/a>\u00a0&#8211; PDF &#8211; 159 Kb<\/li>\n<li><a title=\"Nova janela: documento\" href=\"http:\/\/usism.azores.gov.pt\/wp\/wp-content\/uploads\/convencoes\/Radiologia - Osteodensitometria (Conven\u00e7\u00e3o n.\u00ba 18.2016) - Clausulado.pdf\" target=\"_blank\" rel=\"noopener noreferrer\">Consultar Clausulado<\/a>\u00a0&#8211; PDF &#8211; 110 Kb<\/li>\n<\/ul>\n<p>Conven\u00e7\u00e3o n.\u00ba 19\/2016 &#8211; <strong>Radiologia &#8211; Radiologia Convencional<\/strong><\/p>\n<ul>\n<li><a title=\"Nova janela: documento\" href=\"http:\/\/usism.azores.gov.pt\/wp\/wp-content\/uploads\/2021\/06\/Entidades-Convencionadas-Radiologia-convencional.pdf\" target=\"_blank\" rel=\"noopener noreferrer\">Consultar Entidades Convencionadas<\/a>\u00a0&#8211; PDF &#8211; 349 Kb<\/li>\n<li><a title=\"Nova janela: documento\" href=\"http:\/\/usism.azores.gov.pt\/wp\/wp-content\/uploads\/convencoes\/Radiologia - Radiologia Convencional - (Conven\u00e7\u00e3o n.\u00ba19.2016) - Clausulado.pdf\" target=\"_blank\" rel=\"noopener noreferrer\">Consultar Clausulado<\/a>\u00a0&#8211; PDF &#8211; 513 Kb<\/li>\n<\/ul>\n<p>Conven\u00e7\u00e3o n.\u00ba 20\/2016 &#8211; <strong>Gastrenterologia &#8211; T\u00e9cnicas Endosc\u00f3picas Diagn\u00f3sticas<\/strong><\/p>\n<ul>\n<li><a title=\"Nova janela: documento\" href=\"http:\/\/usism.azores.gov.pt\/wp\/wp-content\/uploads\/2021\/06\/Entidades-Convencionadas-Gastro.pdf\" target=\"_blank\" rel=\"noopener noreferrer\">Consultar Entidades Convencionadas<\/a>\u00a0&#8211; PDF 82 Kb<\/li>\n<li><a title=\"Nova janela: documento\" href=\"http:\/\/usism.azores.gov.pt\/wp\/wp-content\/uploads\/convencoes\/Gastrenterologia - T\u00e9cnicas Endosc\u00f3picas Diagn\u00f3sticas (Conven\u00e7\u00e3o n.\u00ba 20.2016) - Clausulado.pdf\" target=\"_blank\" rel=\"noopener noreferrer\">Consultar Clausulado<\/a>\u00a0&#8211; PDF 147 Kb<\/li>\n<\/ul>\n<p>Conven\u00e7\u00e3o n.\u00ba 21\/2016 &#8211; <strong>An\u00e1lises Cl\u00ednicas &#8211; Bioqu\u00edmica\/Hematologia\/Hemostase\/Imunologia\/Citometria de Fluxo\/Microbiologia<\/strong><\/p>\n<ul>\n<li><a title=\"Nova janela: documento\" href=\"http:\/\/usism.azores.gov.pt\/wp\/wp-content\/uploads\/2021\/06\/Entidades-Convencionadas-Analises-clinicas.pdf\" target=\"_blank\" rel=\"noopener noreferrer\">Consultar Entidades Convencionadas<\/a>\u00a0&#8211; PDF &#8211; 80 Kb<\/li>\n<li><a title=\"Nova janela: documento\" href=\"http:\/\/usism.azores.gov.pt\/wp\/wp-content\/uploads\/convencoes\/An\u00e1lises Clinicas - Bioqu\u00edmica Hematologia Hemostase Imulogia Citometria de Fluxo Microbiologia (Conven\u00e7\u00e3o n.\u00ba 21.2016) - Clausulado.pdf\" target=\"_blank\" rel=\"noopener noreferrer\">Consultar Clausulado<\/a>\u00a0&#8211; PDF &#8211; 873 Kb<\/li>\n<\/ul>\n","protected":false},"excerpt":{"rendered":"<p>Identifica\u00e7\u00e3o relativa \u00e0s conven\u00e7\u00f5es em vigor na Unidade de Sa\u00fade da Ilha de S\u00e3o Miguel. Nota: A informa\u00e7\u00e3o presente esta p\u00e1gina encontra-se desatualizada. Estamos a proceder \u00e0 sua corre\u00e7\u00e3o. Pedimos desculpa pelos inc\u00f3modos causados. Conven\u00e7\u00e3o n.\u00ba 1\/2018 &#8211;\u00a0Radiologia &#8211; Ecotomografia (Ecografia Obst\u00e9trica) Consultar Entidades Convencionadas\u00a0&#8211; PDF &#8211; 167 Kb Consultar Clausulado\u00a0&#8211; PDF &#8211; 384 Kb [&hellip;]<\/p>\n","protected":false},"author":1,"featured_media":0,"parent":0,"menu_order":0,"comment_status":"closed","ping_status":"closed","template":"","meta":{"footnotes":""},"class_list":["post-839","page","type-page","status-publish","hentry"],"_links":{"self":[{"href":"https:\/\/usism.azores.gov.pt\/wp\/index.php?rest_route=\/wp\/v2\/pages\/839","targetHints":{"allow":["GET"]}}],"collection":[{"href":"https:\/\/usism.azores.gov.pt\/wp\/index.php?rest_route=\/wp\/v2\/pages"}],"about":[{"href":"https:\/\/usism.azores.gov.pt\/wp\/index.php?rest_route=\/wp\/v2\/types\/page"}],"author":[{"embeddable":true,"href":"https:\/\/usism.azores.gov.pt\/wp\/index.php?rest_route=\/wp\/v2\/users\/1"}],"replies":[{"embeddable":true,"href":"https:\/\/usism.azores.gov.pt\/wp\/index.php?rest_route=%2Fwp%2Fv2%2Fcomments&post=839"}],"version-history":[{"count":33,"href":"https:\/\/usism.azores.gov.pt\/wp\/index.php?rest_route=\/wp\/v2\/pages\/839\/revisions"}],"predecessor-version":[{"id":3227,"href":"https:\/\/usism.azores.gov.pt\/wp\/index.php?rest_route=\/wp\/v2\/pages\/839\/revisions\/3227"}],"wp:attachment":[{"href":"https:\/\/usism.azores.gov.pt\/wp\/index.php?rest_route=%2Fwp%2Fv2%2Fmedia&parent=839"}],"curies":[{"name":"wp","href":"https:\/\/api.w.org\/{rel}","templated":true}]}}