{"id":737,"date":"2016-05-11T14:47:02","date_gmt":"2016-05-11T15:47:02","guid":{"rendered":"http:\/\/usism.pt\/wp\/?page_id=737"},"modified":"2016-05-11T15:01:50","modified_gmt":"2016-05-11T16:01:50","slug":"atualizacao-de-dados-inscricao","status":"publish","type":"page","link":"https:\/\/usism.azores.gov.pt\/wp\/?page_id=737","title":{"rendered":"Atualiza\u00e7\u00e3o de Dados \/ Inscri\u00e7\u00e3o"},"content":{"rendered":"<p>&nbsp;<\/p>\n<p><strong>Atualiza\u00e7\u00e3o de Dados do Utente<\/strong><\/p>\n<p>O Utente dever\u00e1 proceder \u00e0 atualiza\u00e7\u00e3o dos seus dados (estado civil, agregado familiar, morada, contacto telef\u00f3nico, email) sempre que haja alguma altera\u00e7\u00e3o destes ou do seu agregado familiar.<\/p>\n<p>Sempre que se dirija ao Centro de Sa\u00fade, o Utente,\u00a0dever\u00e1 apresentar documento de identifica\u00e7\u00e3o (cart\u00e3o de cidad\u00e3o ou bilhete de identidade) e cart\u00e3o de subsistema (caso possua) v\u00e1lidos.<\/p>\n<p>&nbsp;<\/p>\n<p><strong>Inscri\u00e7\u00e3o no Centro de Sa\u00fade<\/strong><\/p>\n<p>Para proceder \u00e0 sua inscri\u00e7\u00e3o no Centro de Sa\u00fade, o Utente dever\u00e1 dirigir-se ao Centro de Sa\u00fade ou Unidade de Sa\u00fade da sua \u00e1rea de resid\u00eancia acompanhado dos seguintes documentos:<\/p>\n<ul>\n<li>Documento de identifica\u00e7\u00e3o (cart\u00e3o de cidad\u00e3o ou bilhete de identidade);<\/li>\n<li>Cart\u00e3o de Subsistema de Sa\u00fade (caso possua);<\/li>\n<li>Comprovativo de Morada.<\/li>\n<\/ul>\n<p>&nbsp;<\/p>\n","protected":false},"excerpt":{"rendered":"<p>&nbsp; Atualiza\u00e7\u00e3o de Dados do Utente O Utente dever\u00e1 proceder \u00e0 atualiza\u00e7\u00e3o dos seus dados (estado civil, agregado familiar, morada, contacto telef\u00f3nico, email) sempre que haja alguma altera\u00e7\u00e3o destes ou do seu agregado familiar. Sempre que se dirija ao Centro de Sa\u00fade, o Utente,\u00a0dever\u00e1 apresentar documento de identifica\u00e7\u00e3o (cart\u00e3o de cidad\u00e3o ou bilhete de identidade) [&hellip;]<\/p>\n","protected":false},"author":1,"featured_media":0,"parent":0,"menu_order":0,"comment_status":"closed","ping_status":"closed","template":"","meta":{"footnotes":""},"class_list":["post-737","page","type-page","status-publish","hentry"],"_links":{"self":[{"href":"https:\/\/usism.azores.gov.pt\/wp\/index.php?rest_route=\/wp\/v2\/pages\/737","targetHints":{"allow":["GET"]}}],"collection":[{"href":"https:\/\/usism.azores.gov.pt\/wp\/index.php?rest_route=\/wp\/v2\/pages"}],"about":[{"href":"https:\/\/usism.azores.gov.pt\/wp\/index.php?rest_route=\/wp\/v2\/types\/page"}],"author":[{"embeddable":true,"href":"https:\/\/usism.azores.gov.pt\/wp\/index.php?rest_route=\/wp\/v2\/users\/1"}],"replies":[{"embeddable":true,"href":"https:\/\/usism.azores.gov.pt\/wp\/index.php?rest_route=%2Fwp%2Fv2%2Fcomments&post=737"}],"version-history":[{"count":9,"href":"https:\/\/usism.azores.gov.pt\/wp\/index.php?rest_route=\/wp\/v2\/pages\/737\/revisions"}],"predecessor-version":[{"id":747,"href":"https:\/\/usism.azores.gov.pt\/wp\/index.php?rest_route=\/wp\/v2\/pages\/737\/revisions\/747"}],"wp:attachment":[{"href":"https:\/\/usism.azores.gov.pt\/wp\/index.php?rest_route=%2Fwp%2Fv2%2Fmedia&parent=737"}],"curies":[{"name":"wp","href":"https:\/\/api.w.org\/{rel}","templated":true}]}}