{"id":714,"date":"2016-05-10T12:48:21","date_gmt":"2016-05-10T13:48:21","guid":{"rendered":"http:\/\/usism.pt\/wp\/?page_id=714"},"modified":"2024-04-09T13:09:37","modified_gmt":"2024-04-09T14:09:37","slug":"consulta-complementar-consulta-aberta","status":"publish","type":"page","link":"https:\/\/usism.azores.gov.pt\/wp\/?page_id=714","title":{"rendered":"Consulta Complementar\/Aberta"},"content":{"rendered":"<p><strong>Acessibilidade<\/strong><\/p>\n<p>Cada centro de sa\u00fade disponibiliza uma consulta aberta\/consulta complementar de acordo com a sua din\u00e2mica.<\/p>\n<p>Os utentes sem m\u00e9dico de fam\u00edlia t\u00eam a possibilidade de aceder a uma consulta m\u00e9dica ou cuidados de enfermagem, em todos os centros de sa\u00fade da USISM.<\/p>\n<p>Antes de recorrer ao Servi\u00e7o de Urg\u00eancia, dever\u00e1 o utente agendar consulta para o m\u00e9dico de fam\u00edlia ou consulta aberta, salvo nos casos urgentes.<\/p>\n<p><strong>Unidade B\u00e1sica de Urg\u00eancia (UBU)<\/strong><\/p>\n<p>Hor\u00e1rio de funcionamento: Todos os dias da semana, das 08h00-24h00<\/p>\n<ul>\n<li>Centro de Sa\u00fade de Nordeste: <a href=\"tel:296480090\">296 480 090<\/a><\/li>\n<li>Centro de Sa\u00fade da Povoa\u00e7\u00e3o: <a href=\"tel:296550150\">296 550 150<\/a><\/li>\n<li>Centro de Sa\u00fade da Ribeira Grande: <a href=\"tel:296470500\">296 470 500<\/a><\/li>\n<\/ul>\n<p>Hor\u00e1rio de funcionamento: Todos os dias da semana, das 08h00-20h00<\/p>\n<ul>\n<li>Centro de Sa\u00fade Vila Franca do Campo: <a href=\"tel:296539420\">296 539 420<\/a><\/li>\n<\/ul>\n<p><strong>Servi\u00e7o de Atendimento Complementar (SAC) \/<\/strong>Hor\u00e1rio de funcionamento: 2.\u00aa a 6.\u00aa feira, das 08h00-19h30 (atendimento m\u00e9dico e de enfermagem). S\u00e1bados, domingos e feriados, das 08h30-15h00 (atendimento de enfermagem).<\/p>\n<ul>\n<li>Centro de Sa\u00fade de Ponta Delgada: <a href=\"tel:296249245\">296 249 245<\/a><\/li>\n<\/ul>\n<p><strong>Consulta do Dia Extra (Centro de Sa\u00fade de Ponta Delgada)<\/strong><\/p>\n<p>\u00c9 uma consulta agendada no pr\u00f3prio dia, por iniciativa do utente e para resolver situa\u00e7\u00f5es de doen\u00e7a aguda.<\/p>\n<ul>\n<li>Pretende aumentar a resposta sazonal \u00e0s situa\u00e7\u00f5es de doen\u00e7a aguda e ser\u00e1 disponibilizada sempre que necess\u00e1rio, por per\u00edodos de tempo limitado.<\/li>\n<li>\u00c9 um complemento ao tempo de consulta do dia que cada m\u00e9dico de fam\u00edlia (MF) tem na sua agenda.<\/li>\n<li>D\u00e1 oportunidade de resolver as situa\u00e7\u00f5es agudas dos utentes que n\u00e3o conseguem vaga junto do seu M\u00e9dico de Fam\u00edlia.<\/li>\n<\/ul>\n<p>Crit\u00e9rios de Acesso:<\/p>\n<ul>\n<li>Sintomas de in\u00edcio s\u00fabito, evolu\u00e7\u00e3o r\u00e1pida, com dura\u00e7\u00e3o de dias (febre, tosse, v\u00f3mitos, diarreia ,dor);<\/li>\n<li>Doen\u00e7a cr\u00f3nica descompensada ou com agravamento recente (hipertens\u00e3o, Diabetes ou doen\u00e7a pulmonar cr\u00f3nica);<\/li>\n<li>Mostrar resultados de exames urgentes se combinado com o MF ou se altera\u00e7\u00e3o grave sinalizada pelos t\u00e9cnicos ou m\u00e9dicos que executaram o exame;<\/li>\n<li>Situa\u00e7\u00e3o urgente combinada com o MF.<\/li>\n<\/ul>\n<p>N\u00e3o deve aceder a esta consulta para:<\/p>\n<ul>\n<li>Pedir renova\u00e7\u00e3o de medica\u00e7\u00e3o cr\u00f3nica (isto pode ser feito sem necessidade de marca\u00e7\u00e3o de consulta junto \u00e0 secretaria);<\/li>\n<li>Pedir relat\u00f3rios m\u00e9dicos, o preenchimento de formul\u00e1rios, atestados para licen\u00e7a de condu\u00e7\u00e3o ou outros similares;<\/li>\n<li>Pedir exames complementares de diagn\u00f3stico;<\/li>\n<li>Para mostrar informa\u00e7\u00f5es\/cartas de outros profissionais de sa\u00fade (exceto se comunicada situa\u00e7\u00e3o de urg\u00eancia\/gravidade);<\/li>\n<li>Para prorroga\u00e7\u00e3o de Certificados de Incapacidade Tempor\u00e1ria (&#8220;baixas&#8221;), exceto se doen\u00e7a aguda.<\/li>\n<\/ul>\n<p>&nbsp;<\/p>\n<p><strong>Nota<\/strong>: Para mais informa\u00e7\u00f5es, dever\u00e1 contactar o centro de sa\u00fade da sua \u00e1rea de resid\u00eancia ou a Linha de Sa\u00fade <a href=\"tel:808246024\">808 246 024<\/a>.<\/p>\n","protected":false},"excerpt":{"rendered":"<p>Acessibilidade Cada centro de sa\u00fade disponibiliza uma consulta aberta\/consulta complementar de acordo com a sua din\u00e2mica. Os utentes sem m\u00e9dico de fam\u00edlia t\u00eam a possibilidade de aceder a uma consulta m\u00e9dica ou cuidados de enfermagem, em todos os centros de sa\u00fade da USISM. Antes de recorrer ao Servi\u00e7o de Urg\u00eancia, dever\u00e1 o utente agendar consulta [&hellip;]<\/p>\n","protected":false},"author":1,"featured_media":567,"parent":557,"menu_order":0,"comment_status":"closed","ping_status":"closed","template":"","meta":{"footnotes":""},"class_list":["post-714","page","type-page","status-publish","has-post-thumbnail","hentry"],"_links":{"self":[{"href":"https:\/\/usism.azores.gov.pt\/wp\/index.php?rest_route=\/wp\/v2\/pages\/714","targetHints":{"allow":["GET"]}}],"collection":[{"href":"https:\/\/usism.azores.gov.pt\/wp\/index.php?rest_route=\/wp\/v2\/pages"}],"about":[{"href":"https:\/\/usism.azores.gov.pt\/wp\/index.php?rest_route=\/wp\/v2\/types\/page"}],"author":[{"embeddable":true,"href":"https:\/\/usism.azores.gov.pt\/wp\/index.php?rest_route=\/wp\/v2\/users\/1"}],"replies":[{"embeddable":true,"href":"https:\/\/usism.azores.gov.pt\/wp\/index.php?rest_route=%2Fwp%2Fv2%2Fcomments&post=714"}],"version-history":[{"count":9,"href":"https:\/\/usism.azores.gov.pt\/wp\/index.php?rest_route=\/wp\/v2\/pages\/714\/revisions"}],"predecessor-version":[{"id":2727,"href":"https:\/\/usism.azores.gov.pt\/wp\/index.php?rest_route=\/wp\/v2\/pages\/714\/revisions\/2727"}],"up":[{"embeddable":true,"href":"https:\/\/usism.azores.gov.pt\/wp\/index.php?rest_route=\/wp\/v2\/pages\/557"}],"wp:featuredmedia":[{"embeddable":true,"href":"https:\/\/usism.azores.gov.pt\/wp\/index.php?rest_route=\/wp\/v2\/media\/567"}],"wp:attachment":[{"href":"https:\/\/usism.azores.gov.pt\/wp\/index.php?rest_route=%2Fwp%2Fv2%2Fmedia&parent=714"}],"curies":[{"name":"wp","href":"https:\/\/api.w.org\/{rel}","templated":true}]}}