{"id":693,"date":"2016-05-03T10:16:29","date_gmt":"2016-05-03T11:16:29","guid":{"rendered":"http:\/\/usism.pt\/wp\/?page_id=693"},"modified":"2022-10-25T12:50:02","modified_gmt":"2022-10-25T13:50:02","slug":"gabinete-do-utente","status":"publish","type":"page","link":"https:\/\/usism.azores.gov.pt\/wp\/?page_id=693","title":{"rendered":"Gabinete do Utente"},"content":{"rendered":"<p>A Unidade de Sa\u00fade da Ilha de S\u00e3o Miguel, disponibiliza em cada um dos seus 5 centros de sa\u00fade\u00a0um &#8220;Gabinete do Utente&#8221; que serve como canal de comunica\u00e7\u00e3o entre o Utente e a Institui\u00e7\u00e3o.<br \/>\nAtrav\u00e9s deste gabinete, o Utente pode\u00a0remeter sugest\u00f5es, reclama\u00e7\u00f5es, elogios e qualquer outra\u00a0mensagem relacionada com os servi\u00e7os prestados nas diferentes Unidades de Sa\u00fade.<\/p>\n<p>O &#8220;Gabinete do Utente&#8221; \u00e9 um servi\u00e7o que ajuda a eliminar barreiras, facilitando a comunica\u00e7\u00e3o dos Utentes com a sua Unidade de Sa\u00fade.<br \/>\nO feedback do Utente \u00e9 de extrema import\u00e2ncia com vista\u00a0\u00e0 cont\u00ednua\u00a0evolu\u00e7\u00e3o da qualidade dos servi\u00e7os prestados pela USISM.<\/p>\n<p>Endere\u00e7o de E-mail:\u00a0<a href=\"mailto:usismiguel.gabineteutente@azores.gov.pt\">usismiguel.gabineteutente@azores.gov.pt<\/a><\/p>\n<p>Telefone: <a href=\"tel:296 249 247\">296 249 247<\/a><\/p>\n<table  class=\" table table-hover\" >\n<thead>\n<tr>\n<th>Centro de Sa\u00fade<\/th>\n<th>Respons\u00e1vel<\/th>\n<\/tr>\n<\/thead>\n<tbody>\n<tr>\n<td>Nordeste<\/td>\n<td>Andr\u00e9 \u00c1vila<\/td>\n<\/tr>\n<tr>\n<td>Ponta Delgada<\/td>\n<td>Raquel Vieira<\/td>\n<\/tr>\n<tr>\n<td>Povoa\u00e7\u00e3o<\/td>\n<td>Andr\u00e9 \u00c1vila<\/td>\n<\/tr>\n<tr>\n<td>Ribeira Grande<\/td>\n<td>Fl\u00e1via Pacheco<\/td>\n<\/tr>\n<tr>\n<td>Vila Franca do Campo<\/td>\n<td>Cl\u00e1udia Pacheco<\/td>\n<\/tr>\n<\/tbody>\n<\/table>\n","protected":false},"excerpt":{"rendered":"<p>A Unidade de Sa\u00fade da Ilha de S\u00e3o Miguel, disponibiliza em cada um dos seus 5 centros de sa\u00fade\u00a0um &#8220;Gabinete do Utente&#8221; que serve como canal de comunica\u00e7\u00e3o entre o Utente e a Institui\u00e7\u00e3o. Atrav\u00e9s deste gabinete, o Utente pode\u00a0remeter sugest\u00f5es, reclama\u00e7\u00f5es, elogios e qualquer outra\u00a0mensagem relacionada com os servi\u00e7os prestados nas diferentes Unidades de [&hellip;]<\/p>\n","protected":false},"author":1,"featured_media":710,"parent":557,"menu_order":0,"comment_status":"closed","ping_status":"closed","template":"","meta":{"footnotes":""},"class_list":["post-693","page","type-page","status-publish","has-post-thumbnail","hentry"],"_links":{"self":[{"href":"https:\/\/usism.azores.gov.pt\/wp\/index.php?rest_route=\/wp\/v2\/pages\/693","targetHints":{"allow":["GET"]}}],"collection":[{"href":"https:\/\/usism.azores.gov.pt\/wp\/index.php?rest_route=\/wp\/v2\/pages"}],"about":[{"href":"https:\/\/usism.azores.gov.pt\/wp\/index.php?rest_route=\/wp\/v2\/types\/page"}],"author":[{"embeddable":true,"href":"https:\/\/usism.azores.gov.pt\/wp\/index.php?rest_route=\/wp\/v2\/users\/1"}],"replies":[{"embeddable":true,"href":"https:\/\/usism.azores.gov.pt\/wp\/index.php?rest_route=%2Fwp%2Fv2%2Fcomments&post=693"}],"version-history":[{"count":9,"href":"https:\/\/usism.azores.gov.pt\/wp\/index.php?rest_route=\/wp\/v2\/pages\/693\/revisions"}],"predecessor-version":[{"id":2429,"href":"https:\/\/usism.azores.gov.pt\/wp\/index.php?rest_route=\/wp\/v2\/pages\/693\/revisions\/2429"}],"up":[{"embeddable":true,"href":"https:\/\/usism.azores.gov.pt\/wp\/index.php?rest_route=\/wp\/v2\/pages\/557"}],"wp:featuredmedia":[{"embeddable":true,"href":"https:\/\/usism.azores.gov.pt\/wp\/index.php?rest_route=\/wp\/v2\/media\/710"}],"wp:attachment":[{"href":"https:\/\/usism.azores.gov.pt\/wp\/index.php?rest_route=%2Fwp%2Fv2%2Fmedia&parent=693"}],"curies":[{"name":"wp","href":"https:\/\/api.w.org\/{rel}","templated":true}]}}