{"id":67,"date":"2015-06-04T15:38:26","date_gmt":"2015-06-04T15:38:26","guid":{"rendered":"http:\/\/usism.pt\/wp\/?page_id=67"},"modified":"2025-03-26T16:03:53","modified_gmt":"2025-03-26T17:03:53","slug":"contactos","status":"publish","type":"page","link":"https:\/\/usism.azores.gov.pt\/wp\/?page_id=67","title":{"rendered":"Contactos"},"content":{"rendered":"<p><strong>Unidade de Sa\u00fade da Ilha de S\u00e3o Miguel (Sede)<\/strong><\/p>\n<ul>\n<li>Morada: USI S\u00e3o Miguel, Grotinha n\u00ba1, 9500-354 Ponta Delgada (A\u00e7ores)<\/li>\n<li>E-mail: <a href=\"mailto:sres-usismiguel@azores.gov.pt\">sres-usismiguel@azores.gov.pt<\/a><\/li>\n<li>Telefone: <a href=\"tel:296249220\">296 249 220<\/a><\/li>\n<\/ul>\n<p>&nbsp;<\/p>\n<p><strong>Outros Contactos<\/strong><\/p>\n<ul>\n<li><a href=\"http:\/\/usism.azores.gov.pt\/wp\/contactos\/centro-de-saude-de-nordeste\/\">Centro de Sa\u00fade de Nordeste<\/a><\/li>\n<li><a href=\"http:\/\/usism.azores.gov.pt\/wp\/contactos\/centro-de-saude-de-ponta-delgada\/\">Centro de Sa\u00fade de Ponta Delgada<\/a><\/li>\n<li><a href=\"http:\/\/usism.azores.gov.pt\/wp\/contactos\/centro-de-saude-de-povoacao\/\">Centro de Sa\u00fade de Povoa\u00e7\u00e3o<\/a><\/li>\n<li><a href=\"http:\/\/usism.azores.gov.pt\/wp\/contactos\/centro-de-saude-de-ribeira-grande\/\">Centro de Sa\u00fade de Ribeira Grande<\/a><\/li>\n<li><a href=\"http:\/\/usism.azores.gov.pt\/wp\/contactos\/centro-de-saude-de-vila-franca-do-campo\/\">Centro de Sa\u00fade de Vila Franca do Campo<\/a><\/li>\n<\/ul>\n","protected":false},"excerpt":{"rendered":"<p>Unidade de Sa\u00fade da Ilha de S\u00e3o Miguel (Sede) Morada: USI S\u00e3o Miguel, Grotinha n\u00ba1, 9500-354 Ponta Delgada (A\u00e7ores) E-mail: sres-usismiguel@azores.gov.pt Telefone: 296 249 220 &nbsp; Outros Contactos Centro de Sa\u00fade de Nordeste Centro de Sa\u00fade de Ponta Delgada Centro de Sa\u00fade de Povoa\u00e7\u00e3o Centro de Sa\u00fade de Ribeira Grande Centro de Sa\u00fade de Vila [&hellip;]<\/p>\n","protected":false},"author":1,"featured_media":0,"parent":0,"menu_order":0,"comment_status":"closed","ping_status":"open","template":"","meta":{"footnotes":""},"class_list":["post-67","page","type-page","status-publish","hentry"],"_links":{"self":[{"href":"https:\/\/usism.azores.gov.pt\/wp\/index.php?rest_route=\/wp\/v2\/pages\/67","targetHints":{"allow":["GET"]}}],"collection":[{"href":"https:\/\/usism.azores.gov.pt\/wp\/index.php?rest_route=\/wp\/v2\/pages"}],"about":[{"href":"https:\/\/usism.azores.gov.pt\/wp\/index.php?rest_route=\/wp\/v2\/types\/page"}],"author":[{"embeddable":true,"href":"https:\/\/usism.azores.gov.pt\/wp\/index.php?rest_route=\/wp\/v2\/users\/1"}],"replies":[{"embeddable":true,"href":"https:\/\/usism.azores.gov.pt\/wp\/index.php?rest_route=%2Fwp%2Fv2%2Fcomments&post=67"}],"version-history":[{"count":7,"href":"https:\/\/usism.azores.gov.pt\/wp\/index.php?rest_route=\/wp\/v2\/pages\/67\/revisions"}],"predecessor-version":[{"id":2906,"href":"https:\/\/usism.azores.gov.pt\/wp\/index.php?rest_route=\/wp\/v2\/pages\/67\/revisions\/2906"}],"wp:attachment":[{"href":"https:\/\/usism.azores.gov.pt\/wp\/index.php?rest_route=%2Fwp%2Fv2%2Fmedia&parent=67"}],"curies":[{"name":"wp","href":"https:\/\/api.w.org\/{rel}","templated":true}]}}