{"id":613,"date":"2019-07-26T15:00:19","date_gmt":"2019-07-26T16:00:19","guid":{"rendered":"http:\/\/usism.pt\/wp\/?page_id=613"},"modified":"2026-01-28T10:57:33","modified_gmt":"2026-01-28T11:57:33","slug":"reembolsos","status":"publish","type":"page","link":"https:\/\/usism.azores.gov.pt\/wp\/?page_id=613","title":{"rendered":"Reembolsos"},"content":{"rendered":"<p>Por forma a agilizar o atendimento e minimizar o seu tempo de espera neste servi\u00e7o, dever\u00e1 ser portador da documenta\u00e7\u00e3o necess\u00e1ria \u00e0 valida\u00e7\u00e3o do processamento das despesas, nomeadamente, declara\u00e7\u00e3o e nota de liquida\u00e7\u00e3o de IRS, documento comprovativo do NIB com identifica\u00e7\u00e3o do titular da conta e respetivo cart\u00e3o de cidad\u00e3o.<\/p>\n<p>No ato da rece\u00e7\u00e3o das despesas apresentadas e ap\u00f3s a devida confer\u00eancia, \u00e9 emitido um comprovativo da entrega dos respetivos documentos.<\/p>\n<p>Relembramos que a Unidade de Sa\u00fade da Ilha de S\u00e3o Miguel disponibiliza duas modalidades de reembolso, a saber:<\/p>\n<ul>\n<li><strong>Transfer\u00eancia Banc\u00e1ria<\/strong> &#8211; o reembolso \u00e9 disponibilizado at\u00e9 10 dias ap\u00f3s a entrega dos respetivos documentos;<\/li>\n<\/ul>\n<p>A op\u00e7\u00e3o por transfer\u00eancia banc\u00e1ria garante que todo o processo fique conclu\u00eddo apenas numa \u00fanica desloca\u00e7\u00e3o a este servi\u00e7o.<\/p>\n<p><strong>Hor\u00e1rios dos Servi\u00e7os de Reembolsos da Unidade de Sa\u00fade da Ilha de S\u00e3o Miguel:<\/strong><\/p>\n<ul>\n<li><strong>Centro de Sa\u00fade de Ponta Delgada:\u00a0<\/strong>2\u00aa a 5\u00aa feira das 08h30 \u00e0s 16h (janeiro a junho e setembro a dezembro) e 2\u00aa a 5\u00aa feiras das 08h30 \u00e0s 13h (julho e agosto)<\/li>\n<li><strong>Centro de Sa\u00fade da Ribeira Grande:\u00a0<\/strong>5\u00aa e 6\u00aa feira das 08h30 \u00e0s 12h00 e das 13h30 \u00e0s 16h00<\/li>\n<li><strong>Centro de Sa\u00fade de Vila Franca do Campo:\u00a0<\/strong>3\u00aa, 4\u00aa e 6\u00aa feira das 08h30 \u00e0s 12h00<\/li>\n<li><strong>Centro de Sa\u00fade da Povoa\u00e7\u00e3o:\u00a0<\/strong>4\u00aa feira das 09h00 \u00e0s 12h30 e das 13h30 \u00e0s 15h30<\/li>\n<li><strong>Centro de Sa\u00fade do Nordeste:\u00a0<\/strong>6\u00aa feira das 08h30 \u00e0s 15h30<\/li>\n<\/ul>\n<p><strong>Hor\u00e1rios dos Servi\u00e7os de Tesouraria da Unidade de Sa\u00fade da Ilha de S\u00e3o Miguel:<\/strong><\/p>\n<ul>\n<li><strong>Centro de Sa\u00fade de Ponta Delgada:\u00a0<\/strong>6\u00aa feira das 08h30 \u00e0s 12h30 e das 13h30 \u00e0s 16h00<\/li>\n<li><strong>Centro de Sa\u00fade da Ribeira Grande:\u00a0<\/strong>4\u00aa feira das 08h30 \u00e0s 12h00 e das 13h30 \u00e0s 15h30<\/li>\n<li><strong>Centro de Sa\u00fade da Vila Franca do Campo:\u00a0<\/strong>3\u00aa, 4\u00aa e 6\u00aa feira das 08h30 \u00e0s 12h00<\/li>\n<li><strong>Centro de Sa\u00fade da Povoa\u00e7\u00e3o:\u00a0<\/strong>6\u00aa feira das 09h00 \u00e0s 12h30 e das 13h30 \u00e0s 15h30<\/li>\n<li><strong>Centro de Sa\u00fade do Nordeste:\u00a0<\/strong>6\u00aa feira das 09h00 \u00e0s 12h30 e das 13h30 \u00e0s 15h30<\/li>\n<\/ul>\n<p>&nbsp;<\/p>\n","protected":false},"excerpt":{"rendered":"<p>Por forma a agilizar o atendimento e minimizar o seu tempo de espera neste servi\u00e7o, dever\u00e1 ser portador da documenta\u00e7\u00e3o necess\u00e1ria \u00e0 valida\u00e7\u00e3o do processamento das despesas, nomeadamente, declara\u00e7\u00e3o e nota de liquida\u00e7\u00e3o de IRS, documento comprovativo do NIB com identifica\u00e7\u00e3o do titular da conta e respetivo cart\u00e3o de cidad\u00e3o. No ato da rece\u00e7\u00e3o das [&hellip;]<\/p>\n","protected":false},"author":1,"featured_media":616,"parent":0,"menu_order":0,"comment_status":"closed","ping_status":"closed","template":"","meta":{"footnotes":""},"class_list":["post-613","page","type-page","status-publish","has-post-thumbnail","hentry"],"_links":{"self":[{"href":"https:\/\/usism.azores.gov.pt\/wp\/index.php?rest_route=\/wp\/v2\/pages\/613","targetHints":{"allow":["GET"]}}],"collection":[{"href":"https:\/\/usism.azores.gov.pt\/wp\/index.php?rest_route=\/wp\/v2\/pages"}],"about":[{"href":"https:\/\/usism.azores.gov.pt\/wp\/index.php?rest_route=\/wp\/v2\/types\/page"}],"author":[{"embeddable":true,"href":"https:\/\/usism.azores.gov.pt\/wp\/index.php?rest_route=\/wp\/v2\/users\/1"}],"replies":[{"embeddable":true,"href":"https:\/\/usism.azores.gov.pt\/wp\/index.php?rest_route=%2Fwp%2Fv2%2Fcomments&post=613"}],"version-history":[{"count":25,"href":"https:\/\/usism.azores.gov.pt\/wp\/index.php?rest_route=\/wp\/v2\/pages\/613\/revisions"}],"predecessor-version":[{"id":3211,"href":"https:\/\/usism.azores.gov.pt\/wp\/index.php?rest_route=\/wp\/v2\/pages\/613\/revisions\/3211"}],"wp:featuredmedia":[{"embeddable":true,"href":"https:\/\/usism.azores.gov.pt\/wp\/index.php?rest_route=\/wp\/v2\/media\/616"}],"wp:attachment":[{"href":"https:\/\/usism.azores.gov.pt\/wp\/index.php?rest_route=%2Fwp%2Fv2%2Fmedia&parent=613"}],"curies":[{"name":"wp","href":"https:\/\/api.w.org\/{rel}","templated":true}]}}