{"id":592,"date":"2016-03-09T10:27:20","date_gmt":"2016-03-09T11:27:20","guid":{"rendered":"http:\/\/usism.pt\/wp\/?page_id=592"},"modified":"2024-01-09T15:03:14","modified_gmt":"2024-01-09T16:03:14","slug":"ligacoes-externas","status":"publish","type":"page","link":"https:\/\/usism.azores.gov.pt\/wp\/?page_id=592","title":{"rendered":"Liga\u00e7\u00f5es Externas"},"content":{"rendered":"<table  class=\" table table-hover\" >\n<thead>\n<tr>\n<th>Entidade<\/th>\n<th>Telefone <strong>\/<\/strong> P\u00e1gina Web<\/th>\n<\/tr>\n<\/thead>\n<tbody>\n<tr>\n<td>Linha &#8220;Sa\u00fade A\u00e7ores&#8221;<\/td>\n<td><a href=\"tel:808246024\">808 24 60 24<\/a><\/td>\n<\/tr>\n<tr>\n<td>Secretaria Regional da Sa\u00fade<\/td>\n<td><a href=\"tel:295204200\">295 204 200<\/a> <strong>\/<\/strong> <a href=\"http:\/\/www.azores.gov.pt\/Portal\/pt\/entidades\/srs\" target=\"_blank\" rel=\"noopener\">www.azores.gov.pt\/Portal\/pt\/entidades\/srs<\/a><\/td>\n<\/tr>\n<tr>\n<td>Hospital do Divino Esp\u00edrito Santo<\/td>\n<td><a href=\"tel:296203000 \">296 203 000<\/a> <strong>\/<\/strong> <a href=\"http:\/\/www.hdes.pt\" target=\"_blank\" rel=\"noopener\">www.hdes.pt<\/a><\/td>\n<\/tr>\n<tr>\n<td>Rede Regional de Cuidados Continuados Integrados (RRCCI)<\/td>\n<td><a href=\"http:\/\/rrcci.azores.gov.pt\" target=\"_blank\" rel=\"noopener\">rrcci.azores.gov.PT<\/a><\/td>\n<\/tr>\n<tr>\n<td>Sistema Nacional de Notifica\u00e7\u00e3o de Incidentes \u2013 NOTIFICA<\/td>\n<td><a href=\"https:\/\/usism.azores.gov.pt\/wp\/?p=1072\" target=\"_blank\" rel=\"noopener\">Informa\u00e7\u00f5es Adicionais<\/a><\/td>\n<\/tr>\n<\/tbody>\n<\/table>\n<p>&nbsp;<\/p>\n","protected":false},"excerpt":{"rendered":"<p>Entidade Telefone \/ P\u00e1gina Web Linha &#8220;Sa\u00fade A\u00e7ores&#8221; 808 24 60 24 Secretaria Regional da Sa\u00fade 295 204 200 \/ www.azores.gov.pt\/Portal\/pt\/entidades\/srs Hospital do Divino Esp\u00edrito Santo 296 203 000 \/ www.hdes.pt Rede Regional de Cuidados Continuados Integrados (RRCCI) rrcci.azores.gov.PT Sistema Nacional de Notifica\u00e7\u00e3o de Incidentes \u2013 NOTIFICA Informa\u00e7\u00f5es Adicionais &nbsp;<\/p>\n","protected":false},"author":1,"featured_media":611,"parent":0,"menu_order":0,"comment_status":"closed","ping_status":"closed","template":"","meta":{"footnotes":""},"class_list":["post-592","page","type-page","status-publish","has-post-thumbnail","hentry"],"_links":{"self":[{"href":"https:\/\/usism.azores.gov.pt\/wp\/index.php?rest_route=\/wp\/v2\/pages\/592","targetHints":{"allow":["GET"]}}],"collection":[{"href":"https:\/\/usism.azores.gov.pt\/wp\/index.php?rest_route=\/wp\/v2\/pages"}],"about":[{"href":"https:\/\/usism.azores.gov.pt\/wp\/index.php?rest_route=\/wp\/v2\/types\/page"}],"author":[{"embeddable":true,"href":"https:\/\/usism.azores.gov.pt\/wp\/index.php?rest_route=\/wp\/v2\/users\/1"}],"replies":[{"embeddable":true,"href":"https:\/\/usism.azores.gov.pt\/wp\/index.php?rest_route=%2Fwp%2Fv2%2Fcomments&post=592"}],"version-history":[{"count":14,"href":"https:\/\/usism.azores.gov.pt\/wp\/index.php?rest_route=\/wp\/v2\/pages\/592\/revisions"}],"predecessor-version":[{"id":2641,"href":"https:\/\/usism.azores.gov.pt\/wp\/index.php?rest_route=\/wp\/v2\/pages\/592\/revisions\/2641"}],"wp:featuredmedia":[{"embeddable":true,"href":"https:\/\/usism.azores.gov.pt\/wp\/index.php?rest_route=\/wp\/v2\/media\/611"}],"wp:attachment":[{"href":"https:\/\/usism.azores.gov.pt\/wp\/index.php?rest_route=%2Fwp%2Fv2%2Fmedia&parent=592"}],"curies":[{"name":"wp","href":"https:\/\/api.w.org\/{rel}","templated":true}]}}