{"id":41,"date":"2015-06-04T12:01:43","date_gmt":"2015-06-04T12:01:43","guid":{"rendered":"http:\/\/usism.pt\/wp\/?page_id=41"},"modified":"2025-05-22T10:27:57","modified_gmt":"2025-05-22T11:27:57","slug":"centro-de-saude-de-vila-franca-do-campo","status":"publish","type":"page","link":"https:\/\/usism.azores.gov.pt\/wp\/?page_id=41","title":{"rendered":"Centro de Sa\u00fade de Vila Franca do Campo"},"content":{"rendered":"<table  class=\" table table-hover\" >\n<thead>\n<tr>\n<th>Unidade<\/th>\n<th>Morada<\/th>\n<th>Telefone<\/th>\n<\/tr>\n<\/thead>\n<tbody>\n<tr>\n<td>Centro de Sa\u00fade de Vila Franca do Campo<\/td>\n<td>Rua Te\u00f3filo Braga<br \/>\n9680-179 Vila Franca do Campo<\/td>\n<td>296 539 420<\/td>\n<\/tr>\n<tr>\n<td>Unidade de Sa\u00fade de Ponta Gar\u00e7a<\/td>\n<td>Rua Carreira Miguel In\u00e1cio 65<br \/>\n9680-440 Ponta da Gar\u00e7a<\/td>\n<td>296 587 550<\/td>\n<\/tr>\n<\/tbody>\n<\/table>\n<p><img decoding=\"async\" class=\"wp-image-2955 aligncenter\" src=\"https:\/\/usism.azores.gov.pt\/wp\/wp-content\/uploads\/2025\/05\/marca_certificacion_verde-222x300.png\" alt=\"\" width=\"177\" height=\"240\" srcset=\"https:\/\/usism.azores.gov.pt\/wp\/wp-content\/uploads\/2025\/05\/marca_certificacion_verde-222x300.png 222w, https:\/\/usism.azores.gov.pt\/wp\/wp-content\/uploads\/2025\/05\/marca_certificacion_verde-757x1024.png 757w, https:\/\/usism.azores.gov.pt\/wp\/wp-content\/uploads\/2025\/05\/marca_certificacion_verde-768x1039.png 768w, https:\/\/usism.azores.gov.pt\/wp\/wp-content\/uploads\/2025\/05\/marca_certificacion_verde-1135x1536.png 1135w, https:\/\/usism.azores.gov.pt\/wp\/wp-content\/uploads\/2025\/05\/marca_certificacion_verde-1514x2048.png 1514w\" sizes=\"(max-width: 177px) 100vw, 177px\" \/><\/p>\n","protected":false},"excerpt":{"rendered":"<p>Unidade Morada Telefone Centro de Sa\u00fade de Vila Franca do Campo Rua Te\u00f3filo Braga 9680-179 Vila Franca do Campo 296 539 420 Unidade de Sa\u00fade de Ponta Gar\u00e7a Rua Carreira Miguel In\u00e1cio 65 9680-440 Ponta da Gar\u00e7a 296 587 550<\/p>\n","protected":false},"author":1,"featured_media":504,"parent":67,"menu_order":0,"comment_status":"closed","ping_status":"open","template":"","meta":{"footnotes":""},"class_list":["post-41","page","type-page","status-publish","has-post-thumbnail","hentry"],"_links":{"self":[{"href":"https:\/\/usism.azores.gov.pt\/wp\/index.php?rest_route=\/wp\/v2\/pages\/41","targetHints":{"allow":["GET"]}}],"collection":[{"href":"https:\/\/usism.azores.gov.pt\/wp\/index.php?rest_route=\/wp\/v2\/pages"}],"about":[{"href":"https:\/\/usism.azores.gov.pt\/wp\/index.php?rest_route=\/wp\/v2\/types\/page"}],"author":[{"embeddable":true,"href":"https:\/\/usism.azores.gov.pt\/wp\/index.php?rest_route=\/wp\/v2\/users\/1"}],"replies":[{"embeddable":true,"href":"https:\/\/usism.azores.gov.pt\/wp\/index.php?rest_route=%2Fwp%2Fv2%2Fcomments&post=41"}],"version-history":[{"count":5,"href":"https:\/\/usism.azores.gov.pt\/wp\/index.php?rest_route=\/wp\/v2\/pages\/41\/revisions"}],"predecessor-version":[{"id":2959,"href":"https:\/\/usism.azores.gov.pt\/wp\/index.php?rest_route=\/wp\/v2\/pages\/41\/revisions\/2959"}],"up":[{"embeddable":true,"href":"https:\/\/usism.azores.gov.pt\/wp\/index.php?rest_route=\/wp\/v2\/pages\/67"}],"wp:featuredmedia":[{"embeddable":true,"href":"https:\/\/usism.azores.gov.pt\/wp\/index.php?rest_route=\/wp\/v2\/media\/504"}],"wp:attachment":[{"href":"https:\/\/usism.azores.gov.pt\/wp\/index.php?rest_route=%2Fwp%2Fv2%2Fmedia&parent=41"}],"curies":[{"name":"wp","href":"https:\/\/api.w.org\/{rel}","templated":true}]}}