{"id":39,"date":"2015-06-04T12:01:17","date_gmt":"2015-06-04T12:01:17","guid":{"rendered":"http:\/\/usism.pt\/wp\/?page_id=39"},"modified":"2025-05-22T10:26:33","modified_gmt":"2025-05-22T11:26:33","slug":"centro-de-saude-de-nordeste","status":"publish","type":"page","link":"https:\/\/usism.azores.gov.pt\/wp\/?page_id=39","title":{"rendered":"Centro de Sa\u00fade de Nordeste"},"content":{"rendered":"<table  class=\" table table-hover\" >\n<thead>\n<tr>\n<th>Unidade<\/th>\n<th>Morada<\/th>\n<th>Telefone<\/th>\n<\/tr>\n<\/thead>\n<tbody>\n<tr>\n<td>Centro de Sa\u00fade de Nordeste<\/td>\n<td>Estrada Regional 7F<br \/>\n9630-161 Nordeste<\/td>\n<td>296 480 090<\/td>\n<\/tr>\n<tr>\n<td>Unidade de Sa\u00fade da Achada<\/td>\n<td>Rua do Vig\u00e1rio<br \/>\n9630-019 Achada Nordeste<\/td>\n<td>296 452 232<\/td>\n<\/tr>\n<\/tbody>\n<\/table>\n<p><img decoding=\"async\" class=\"wp-image-2955 aligncenter\" src=\"https:\/\/usism.azores.gov.pt\/wp\/wp-content\/uploads\/2025\/05\/marca_certificacion_verde-222x300.png\" alt=\"\" width=\"177\" height=\"240\" srcset=\"https:\/\/usism.azores.gov.pt\/wp\/wp-content\/uploads\/2025\/05\/marca_certificacion_verde-222x300.png 222w, https:\/\/usism.azores.gov.pt\/wp\/wp-content\/uploads\/2025\/05\/marca_certificacion_verde-757x1024.png 757w, https:\/\/usism.azores.gov.pt\/wp\/wp-content\/uploads\/2025\/05\/marca_certificacion_verde-768x1039.png 768w, https:\/\/usism.azores.gov.pt\/wp\/wp-content\/uploads\/2025\/05\/marca_certificacion_verde-1135x1536.png 1135w, https:\/\/usism.azores.gov.pt\/wp\/wp-content\/uploads\/2025\/05\/marca_certificacion_verde-1514x2048.png 1514w\" sizes=\"(max-width: 177px) 100vw, 177px\" \/><\/p>\n","protected":false},"excerpt":{"rendered":"<p>Unidade Morada Telefone Centro de Sa\u00fade de Nordeste Estrada Regional 7F 9630-161 Nordeste 296 480 090 Unidade de Sa\u00fade da Achada Rua do Vig\u00e1rio 9630-019 Achada Nordeste 296 452 232<\/p>\n","protected":false},"author":1,"featured_media":499,"parent":67,"menu_order":0,"comment_status":"closed","ping_status":"open","template":"","meta":{"footnotes":""},"class_list":["post-39","page","type-page","status-publish","has-post-thumbnail","hentry"],"_links":{"self":[{"href":"https:\/\/usism.azores.gov.pt\/wp\/index.php?rest_route=\/wp\/v2\/pages\/39","targetHints":{"allow":["GET"]}}],"collection":[{"href":"https:\/\/usism.azores.gov.pt\/wp\/index.php?rest_route=\/wp\/v2\/pages"}],"about":[{"href":"https:\/\/usism.azores.gov.pt\/wp\/index.php?rest_route=\/wp\/v2\/types\/page"}],"author":[{"embeddable":true,"href":"https:\/\/usism.azores.gov.pt\/wp\/index.php?rest_route=\/wp\/v2\/users\/1"}],"replies":[{"embeddable":true,"href":"https:\/\/usism.azores.gov.pt\/wp\/index.php?rest_route=%2Fwp%2Fv2%2Fcomments&post=39"}],"version-history":[{"count":5,"href":"https:\/\/usism.azores.gov.pt\/wp\/index.php?rest_route=\/wp\/v2\/pages\/39\/revisions"}],"predecessor-version":[{"id":2957,"href":"https:\/\/usism.azores.gov.pt\/wp\/index.php?rest_route=\/wp\/v2\/pages\/39\/revisions\/2957"}],"up":[{"embeddable":true,"href":"https:\/\/usism.azores.gov.pt\/wp\/index.php?rest_route=\/wp\/v2\/pages\/67"}],"wp:featuredmedia":[{"embeddable":true,"href":"https:\/\/usism.azores.gov.pt\/wp\/index.php?rest_route=\/wp\/v2\/media\/499"}],"wp:attachment":[{"href":"https:\/\/usism.azores.gov.pt\/wp\/index.php?rest_route=%2Fwp%2Fv2%2Fmedia&parent=39"}],"curies":[{"name":"wp","href":"https:\/\/api.w.org\/{rel}","templated":true}]}}