{"id":37,"date":"2015-06-04T12:00:46","date_gmt":"2015-06-04T12:00:46","guid":{"rendered":"http:\/\/usism.pt\/wp\/?page_id=37"},"modified":"2025-02-05T15:04:25","modified_gmt":"2025-02-05T16:04:25","slug":"centro-de-saude-da-ribeira-grande","status":"publish","type":"page","link":"https:\/\/usism.azores.gov.pt\/wp\/?page_id=37","title":{"rendered":"Centro de Sa\u00fade de Ribeira Grande"},"content":{"rendered":"<table  class=\" table table-hover\" >\n<thead>\n<tr>\n<th>Unidade<\/th>\n<th>Morada<\/th>\n<th>Telefone<\/th>\n<\/tr>\n<\/thead>\n<tbody>\n<tr>\n<td>Centro de Sa\u00fade de Ribeira Grande<\/td>\n<td>Rua de S\u00e3o Francisco<br \/>\n9600 &#8211; 537 Ribeira Grande<\/td>\n<td><span id=\"ctl00_MPBody_ProviderDetailV21_lblGeneralPhoneNumber\">296 470 500<\/span><\/td>\n<\/tr>\n<tr>\n<td>Unidade de Sa\u00fade de Fenais d&#8217;Ajuda<\/td>\n<td>Avenida Pensamento<br \/>\n9625-021 Fenais da Ajuda<\/td>\n<td>296 462 555<\/td>\n<\/tr>\n<tr>\n<td>Unidade de Sa\u00fade de Lomba da Maia<\/td>\n<td>Rua da Igreja<br \/>\n9625-115 Lomba da Maia<\/td>\n<td>296 446 152<\/td>\n<\/tr>\n<tr>\n<td>Unidade de Sa\u00fade de Maia<\/td>\n<td>3.\u00aa Travessa da Rua de Santa Catarina n. \u00ba1, 3 e 5<br \/>\n9625-325 Maia<\/td>\n<td>296 442 600<\/td>\n<\/tr>\n<tr>\n<td>Unidade de Sa\u00fade de Pico da Pedra<\/td>\n<td>Rua Doutor Dinis Moreira Mota 32<br \/>\n9600-075 Pico da Pedra<\/td>\n<td>296 498 880<\/td>\n<\/tr>\n<tr>\n<td>Unidade de Sa\u00fade de Rabo de Peixe<\/td>\n<td>Rua Eira<br \/>\n9600 Rabo de Peixe<\/td>\n<td>296 491 783<\/td>\n<\/tr>\n<\/tbody>\n<\/table>\n","protected":false},"excerpt":{"rendered":"<p>Unidade Morada Telefone Centro de Sa\u00fade de Ribeira Grande Rua de S\u00e3o Francisco 9600 &#8211; 537 Ribeira Grande 296 470 500 Unidade de Sa\u00fade de Fenais d&#8217;Ajuda Avenida Pensamento 9625-021 Fenais da Ajuda 296 462 555 Unidade de Sa\u00fade de Lomba da Maia Rua da Igreja 9625-115 Lomba da Maia 296 446 152 Unidade de [&hellip;]<\/p>\n","protected":false},"author":1,"featured_media":502,"parent":67,"menu_order":0,"comment_status":"closed","ping_status":"open","template":"","meta":{"footnotes":""},"class_list":["post-37","page","type-page","status-publish","has-post-thumbnail","hentry"],"_links":{"self":[{"href":"https:\/\/usism.azores.gov.pt\/wp\/index.php?rest_route=\/wp\/v2\/pages\/37","targetHints":{"allow":["GET"]}}],"collection":[{"href":"https:\/\/usism.azores.gov.pt\/wp\/index.php?rest_route=\/wp\/v2\/pages"}],"about":[{"href":"https:\/\/usism.azores.gov.pt\/wp\/index.php?rest_route=\/wp\/v2\/types\/page"}],"author":[{"embeddable":true,"href":"https:\/\/usism.azores.gov.pt\/wp\/index.php?rest_route=\/wp\/v2\/users\/1"}],"replies":[{"embeddable":true,"href":"https:\/\/usism.azores.gov.pt\/wp\/index.php?rest_route=%2Fwp%2Fv2%2Fcomments&post=37"}],"version-history":[{"count":7,"href":"https:\/\/usism.azores.gov.pt\/wp\/index.php?rest_route=\/wp\/v2\/pages\/37\/revisions"}],"predecessor-version":[{"id":2887,"href":"https:\/\/usism.azores.gov.pt\/wp\/index.php?rest_route=\/wp\/v2\/pages\/37\/revisions\/2887"}],"up":[{"embeddable":true,"href":"https:\/\/usism.azores.gov.pt\/wp\/index.php?rest_route=\/wp\/v2\/pages\/67"}],"wp:featuredmedia":[{"embeddable":true,"href":"https:\/\/usism.azores.gov.pt\/wp\/index.php?rest_route=\/wp\/v2\/media\/502"}],"wp:attachment":[{"href":"https:\/\/usism.azores.gov.pt\/wp\/index.php?rest_route=%2Fwp%2Fv2%2Fmedia&parent=37"}],"curies":[{"name":"wp","href":"https:\/\/api.w.org\/{rel}","templated":true}]}}