{"id":35,"date":"2015-06-04T12:00:09","date_gmt":"2015-06-04T12:00:09","guid":{"rendered":"http:\/\/usism.pt\/wp\/?page_id=35"},"modified":"2016-01-27T09:15:38","modified_gmt":"2016-01-27T10:15:38","slug":"centro-de-saude-de-povoacao","status":"publish","type":"page","link":"https:\/\/usism.azores.gov.pt\/wp\/?page_id=35","title":{"rendered":"Centro de Sa\u00fade de Povoa\u00e7\u00e3o"},"content":{"rendered":"<table  class=\" table table-hover\" >\n<thead>\n<tr>\n<th>Unidade<\/th>\n<th>Morada<\/th>\n<th>Telefone<\/th>\n<\/tr>\n<\/thead>\n<tbody>\n<tr>\n<td>Centro de Sa\u00fade de Povoa\u00e7\u00e3o<\/td>\n<td>Rua Monsenhor Jo\u00e3o Maur\u00edcio Amaral Ferreira<br \/>\n9650-426 Povoa\u00e7\u00e3o<\/td>\n<td>296 550 150<\/td>\n<\/tr>\n<tr>\n<td>Unidade de Sa\u00fade de \u00c1gua Retorta<\/td>\n<td>Rua do Marco<br \/>\n9650-021 Agua Retorta<\/td>\n<td>296 586 185<\/td>\n<\/tr>\n<tr>\n<td>Unidade de Sa\u00fade do Faial da Terra<\/td>\n<td>Rua Avenida<br \/>\n9650-107 Faial da Terra<\/td>\n<td>296 586 042<\/td>\n<\/tr>\n<tr>\n<td>Unidade de Sa\u00fade das Furnas<\/td>\n<td>Rua Parque<br \/>\n9675-012 Furnas<\/td>\n<td>296 584 224<\/td>\n<\/tr>\n<tr>\n<td>Unidade de Sa\u00fade da Ribeira Quente<\/td>\n<td>Estrada Municipal<br \/>\n9675 Ribeira Quente<\/td>\n<td>296 584 278<\/td>\n<\/tr>\n<\/tbody>\n<\/table>\n","protected":false},"excerpt":{"rendered":"<p>Unidade Morada Telefone Centro de Sa\u00fade de Povoa\u00e7\u00e3o Rua Monsenhor Jo\u00e3o Maur\u00edcio Amaral Ferreira 9650-426 Povoa\u00e7\u00e3o 296 550 150 Unidade de Sa\u00fade de \u00c1gua Retorta Rua do Marco 9650-021 Agua Retorta 296 586 185 Unidade de Sa\u00fade do Faial da Terra Rua Avenida 9650-107 Faial da Terra 296 586 042 Unidade de Sa\u00fade das Furnas [&hellip;]<\/p>\n","protected":false},"author":1,"featured_media":500,"parent":67,"menu_order":0,"comment_status":"closed","ping_status":"open","template":"","meta":{"footnotes":""},"class_list":["post-35","page","type-page","status-publish","has-post-thumbnail","hentry"],"_links":{"self":[{"href":"https:\/\/usism.azores.gov.pt\/wp\/index.php?rest_route=\/wp\/v2\/pages\/35","targetHints":{"allow":["GET"]}}],"collection":[{"href":"https:\/\/usism.azores.gov.pt\/wp\/index.php?rest_route=\/wp\/v2\/pages"}],"about":[{"href":"https:\/\/usism.azores.gov.pt\/wp\/index.php?rest_route=\/wp\/v2\/types\/page"}],"author":[{"embeddable":true,"href":"https:\/\/usism.azores.gov.pt\/wp\/index.php?rest_route=\/wp\/v2\/users\/1"}],"replies":[{"embeddable":true,"href":"https:\/\/usism.azores.gov.pt\/wp\/index.php?rest_route=%2Fwp%2Fv2%2Fcomments&post=35"}],"version-history":[{"count":2,"href":"https:\/\/usism.azores.gov.pt\/wp\/index.php?rest_route=\/wp\/v2\/pages\/35\/revisions"}],"predecessor-version":[{"id":501,"href":"https:\/\/usism.azores.gov.pt\/wp\/index.php?rest_route=\/wp\/v2\/pages\/35\/revisions\/501"}],"up":[{"embeddable":true,"href":"https:\/\/usism.azores.gov.pt\/wp\/index.php?rest_route=\/wp\/v2\/pages\/67"}],"wp:featuredmedia":[{"embeddable":true,"href":"https:\/\/usism.azores.gov.pt\/wp\/index.php?rest_route=\/wp\/v2\/media\/500"}],"wp:attachment":[{"href":"https:\/\/usism.azores.gov.pt\/wp\/index.php?rest_route=%2Fwp%2Fv2%2Fmedia&parent=35"}],"curies":[{"name":"wp","href":"https:\/\/api.w.org\/{rel}","templated":true}]}}