{"id":33,"date":"2019-08-12T10:32:25","date_gmt":"2019-08-12T11:32:25","guid":{"rendered":"http:\/\/usism.pt\/wp\/?page_id=33"},"modified":"2025-03-27T11:08:39","modified_gmt":"2025-03-27T12:08:39","slug":"centro-de-saude-de-ponta-delgada","status":"publish","type":"page","link":"https:\/\/usism.azores.gov.pt\/wp\/?page_id=33","title":{"rendered":"Centro de Sa\u00fade de Ponta Delgada"},"content":{"rendered":"<table  class=\" table table-hover\" >\n<thead>\n<tr>\n<th><strong>Unidade<\/strong><\/th>\n<th><strong>Morada<\/strong><\/th>\n<th><strong>Telefone<\/strong><\/th>\n<\/tr>\n<\/thead>\n<tbody>\n<tr>\n<td>Centro de Sa\u00fade de Ponta Delgada<\/td>\n<td>Grotinha n\u00ba1<br \/>\n9500-354 Ponta Delgada<\/td>\n<td>296 249 220<\/td>\n<\/tr>\n<tr>\n<td>Delega\u00e7\u00e3o de Sa\u00fade de Ponta Delgada<\/td>\n<td>Grotinha n\u00ba1<br \/>\n9500-354 Ponta Delgada<\/td>\n<td>296 249 250<\/td>\n<\/tr>\n<tr>\n<td>Delega\u00e7\u00e3o de Sa\u00fade de Lagoa<\/td>\n<td>Rua Francisco Amaral Almeida 4<br \/>\n9560-104 Lagoa<\/td>\n<td>296 960 286<\/td>\n<\/tr>\n<tr>\n<td>SAC- Servi\u00e7o de Atendimento Complementar<\/td>\n<td>Grotinha n\u00ba1<br \/>\n9500-354 Ponta Delgada<\/td>\n<td>296 249 245<\/td>\n<\/tr>\n<tr>\n<td>CDP\u00a0&#8211;\u00a0Centro de Diagn\u00f3stico\u00a0Pneumol\u00f3gico<\/td>\n<td>Grotinha n\u00ba1<br \/>\n9500-354 Ponta Delgada<\/td>\n<td>296 203 800<\/td>\n<\/tr>\n<tr>\n<td>Unidade de Sa\u00fade de \u00c1gua de Pau<\/td>\n<td>Rua Professor Jo\u00e3o Ferreira da Silva<br \/>\n9560-239 \u00c1gua de Pau<\/td>\n<td>296 913 555<\/td>\n<\/tr>\n<tr>\n<td>Unidade de Sa\u00fade de Arrifes<\/td>\n<td>Largo da Sa\u00fade<br \/>\n9500-363 Ponta Delgada<\/td>\n<td>296 682 131<\/td>\n<\/tr>\n<tr>\n<td>Unidade de Sa\u00fade de Cabouco<\/td>\n<td>Bairro D. Am\u00e9lia, Edif\u00edcio Polivalente<br \/>\n9560-302 Lagoa<\/td>\n<td>296 912 697<\/td>\n<\/tr>\n<tr>\n<td>Unidade de Sa\u00fade de Candel\u00e1ria<\/td>\n<td>Ramal da Igreja<br \/>\n9555-024 Candel\u00e1ria<\/td>\n<td>296 295 055<\/td>\n<\/tr>\n<tr>\n<td>Unidade de Sa\u00fade de Capelas<\/td>\n<td>Rua Nossa Senhora da Apresenta\u00e7\u00e3o<br \/>\n9545-149 Capelas<\/td>\n<td>296 248 240<\/td>\n<\/tr>\n<tr>\n<td>Unidade de Sa\u00fade de Covoada<\/td>\n<td>Rua Gaspar Medeiros<br \/>\n9500-405 Ponta Delgada<\/td>\n<td>296 682 150<\/td>\n<\/tr>\n<tr>\n<td>Unidade de Sa\u00fade de Faj\u00e3 de Baixo<\/td>\n<td>Rua Direita da Faj\u00e3, 124<br \/>\n9500-448 Ponta Delgada<\/td>\n<td>296 382 381<\/td>\n<\/tr>\n<tr>\n<td>Unidade de Sa\u00fade de Faj\u00e3 de Cima<\/td>\n<td>Rua Igreja, 110<br \/>\n9500-509 Ponta Delgada<\/td>\n<td>296 638 242<\/td>\n<\/tr>\n<tr>\n<td>Unidade de Sa\u00fade de Fenais Luz<\/td>\n<td>Estrada Regional<br \/>\n9545-218 Fenais da Luz<\/td>\n<td>296 919 651<\/td>\n<\/tr>\n<tr>\n<td>Unidade de Sa\u00fade de Feteiras<\/td>\n<td>Rua da Igreja, 18<br \/>\n9500-554 Ponta Delgada<\/td>\n<td>296 914 332<\/td>\n<\/tr>\n<tr>\n<td>Unidade de Sa\u00fade de Ginetes<\/td>\n<td>Estrada Regional, 94<br \/>\n9555-066 Ginetes<\/td>\n<td>296 295 100<\/td>\n<\/tr>\n<tr>\n<td>Unidade de Sa\u00fade de Lagoa<\/td>\n<td>Rua Francisco Amaral Almeida 4<br \/>\n9560-104 Lagoa<\/td>\n<td>296 960 280<\/td>\n<\/tr>\n<tr>\n<td>Unidade de Sa\u00fade de Livramento<\/td>\n<td>Rua Padre Domingos S. Costa<br \/>\n9500-614 Ponta Delgada<\/td>\n<td>296 385 580<\/td>\n<\/tr>\n<tr>\n<td>Unidade de Sa\u00fade de Mosteiros<\/td>\n<td>Rua das Pens\u00f5es 48<br \/>\n9555-156 Mosteiros<\/td>\n<td>296 950 010<\/td>\n<\/tr>\n<tr>\n<td>Unidade de Sa\u00fade de Relva<\/td>\n<td>Rua de Cima<br \/>\n9500-661 Ponta Delgada<\/td>\n<td>296 672 713<\/td>\n<\/tr>\n<tr>\n<td>Unidade de Sa\u00fade de Rem\u00e9dios<\/td>\n<td>Ch\u00e3 dos Rem\u00e9dios 4<br \/>\n9545-301 Rem\u00e9dios<\/td>\n<td>296 917 640<\/td>\n<\/tr>\n<tr>\n<td>Unidade de Sa\u00fade de Ribeira Ch\u00e3<\/td>\n<td>Rua dos Arrifes<br \/>\n9560-550 Lagoa<\/td>\n<td>296 913 310<\/td>\n<\/tr>\n<tr>\n<td>Unidade de Sa\u00fade de Santo Ant\u00f3nio<\/td>\n<td>R. M\u00e3e de Deus de Baixo<br \/>\n9545-437 St\u00ba Ant\u00f3nio<\/td>\n<td>296 989 156<\/td>\n<\/tr>\n<tr>\n<td>Unidade de Sa\u00fade de S\u00e3o Vicente<\/td>\n<td>Rua do Outeiro, 17<br \/>\n9545-535 S. Vicente<\/td>\n<td>296 919 639<\/td>\n<\/tr>\n<tr>\n<td>Unidade de Sa\u00fade de Sete Cidades<\/td>\n<td>Caminho das Ruas<br \/>\n9555-199 Sete Cidades<\/td>\n<td>296 295 930<\/td>\n<\/tr>\n<tr>\n<td>Servi\u00e7o de Apoio Integrado Domicili\u00e1rio<\/td>\n<td>Grotinha n\u00ba1<br \/>\n9500-354 Ponta Delgada<\/td>\n<td>296 205 268<\/td>\n<\/tr>\n<\/tbody>\n<\/table>\n","protected":false},"excerpt":{"rendered":"<p>Unidade Morada Telefone Centro de Sa\u00fade de Ponta Delgada Grotinha n\u00ba1 9500-354 Ponta Delgada 296 249 220 Delega\u00e7\u00e3o de Sa\u00fade de Ponta Delgada Grotinha n\u00ba1 9500-354 Ponta Delgada 296 249 250 Delega\u00e7\u00e3o de Sa\u00fade de Lagoa Rua Francisco Amaral Almeida 4 9560-104 Lagoa 296 960 286 SAC- Servi\u00e7o de Atendimento Complementar Grotinha n\u00ba1 9500-354 Ponta [&hellip;]<\/p>\n","protected":false},"author":1,"featured_media":506,"parent":67,"menu_order":0,"comment_status":"closed","ping_status":"open","template":"","meta":{"footnotes":""},"class_list":["post-33","page","type-page","status-publish","has-post-thumbnail","hentry"],"_links":{"self":[{"href":"https:\/\/usism.azores.gov.pt\/wp\/index.php?rest_route=\/wp\/v2\/pages\/33","targetHints":{"allow":["GET"]}}],"collection":[{"href":"https:\/\/usism.azores.gov.pt\/wp\/index.php?rest_route=\/wp\/v2\/pages"}],"about":[{"href":"https:\/\/usism.azores.gov.pt\/wp\/index.php?rest_route=\/wp\/v2\/types\/page"}],"author":[{"embeddable":true,"href":"https:\/\/usism.azores.gov.pt\/wp\/index.php?rest_route=\/wp\/v2\/users\/1"}],"replies":[{"embeddable":true,"href":"https:\/\/usism.azores.gov.pt\/wp\/index.php?rest_route=%2Fwp%2Fv2%2Fcomments&post=33"}],"version-history":[{"count":23,"href":"https:\/\/usism.azores.gov.pt\/wp\/index.php?rest_route=\/wp\/v2\/pages\/33\/revisions"}],"predecessor-version":[{"id":2907,"href":"https:\/\/usism.azores.gov.pt\/wp\/index.php?rest_route=\/wp\/v2\/pages\/33\/revisions\/2907"}],"up":[{"embeddable":true,"href":"https:\/\/usism.azores.gov.pt\/wp\/index.php?rest_route=\/wp\/v2\/pages\/67"}],"wp:featuredmedia":[{"embeddable":true,"href":"https:\/\/usism.azores.gov.pt\/wp\/index.php?rest_route=\/wp\/v2\/media\/506"}],"wp:attachment":[{"href":"https:\/\/usism.azores.gov.pt\/wp\/index.php?rest_route=%2Fwp%2Fv2%2Fmedia&parent=33"}],"curies":[{"name":"wp","href":"https:\/\/api.w.org\/{rel}","templated":true}]}}