{"id":3234,"date":"2026-03-11T14:49:06","date_gmt":"2026-03-11T15:49:06","guid":{"rendered":"https:\/\/usism.azores.gov.pt\/wp\/?page_id=3234"},"modified":"2026-03-11T14:49:06","modified_gmt":"2026-03-11T15:49:06","slug":"paracetamol-o-que-e-e-para-que-serve","status":"publish","type":"page","link":"https:\/\/usism.azores.gov.pt\/wp\/?page_id=3234","title":{"rendered":"Paracetamol: O que \u00e9 e para que serve?"},"content":{"rendered":"<p><strong>Paracetamol: o que \u00e9 e para que serve?<\/strong><\/p>\n<p>O paracetamol, tamb\u00e9m conhecido pela sua designa\u00e7\u00e3o qu\u00edmica <em>acetaminofeno<\/em>, \u00e9 um medicamento utilizado para o al\u00edvio da dor (analg\u00e9sico) e para o controlo da febre (antipir\u00e9tico). Est\u00e1 inclu\u00eddo na Lista de Medicamentos Essenciais da Organiza\u00e7\u00e3o Mundial da Sa\u00fade (OMS), devido \u00e0 sua efic\u00e1cia e seguran\u00e7a, quando utilizado adequadamente. (<a href=\"#_ftn1\" name=\"_ftnref1\">[1]<\/a>).<\/p>\n<p>\u00c9 frequentemente usado no tratamento de constipa\u00e7\u00f5es e s\u00edndromes gripais bem como no al\u00edvio de dores ligeiras a moderadas, tais como: dor de cabe\u00e7a, dores musculares ou reum\u00e1ticas, dores menstruais ou dor p\u00f3s-operat\u00f3ria. \u00c9 tamb\u00e9m um medicamento muito utilizado em pediatria, especialmente para o al\u00edvio da febre e do desconforto associado (<a href=\"#_ftn2\" name=\"_ftnref2\">[2]<\/a>).<\/p>\n<p>&nbsp;<\/p>\n<p><strong>Quais os nomes comerciais do medicamento?<\/strong><\/p>\n<p>O Paracetamol \u00e9 vendido em Portugal com diferentes nomes comerciais, como: Ben-U-Ron<sup>\u00ae<\/sup>, Panadol<sup>\u00ae<\/sup>, Dafalgan<sup>\u00ae<\/sup>, Paramolan<sup>\u00ae<\/sup>, Supofen<sup>\u00ae<\/sup>, entre outros. Al\u00e9m disso est\u00e1 presente em v\u00e1rios medicamentos combinados, tais como: Dol-U-Ron<sup>\u00ae<\/sup>; Panadol Extra<sup>\u00ae<\/sup>, Paramolan-C<sup>\u00ae<\/sup>, Griponal<sup>\u00ae<\/sup>, C\u00eagripe<sup>\u00ae<\/sup>, Antigrippine<sup>\u00ae<\/sup>, Ilvico<sup>\u00ae<\/sup>, entre outros.<\/p>\n<p>&nbsp;<\/p>\n<p><strong>Como pode ser administrado<\/strong><strong>?<\/strong><\/p>\n<p>A escolha da via de administra\u00e7\u00e3o deve considerar fatores como: a idade, o estado cl\u00ednico, a condi\u00e7\u00e3o f\u00edsica e a rapidez desejada para o al\u00edvio de sintomas. \u00c9 essencial que a <u>via de administra\u00e7\u00e3o<\/u>, a <u>dosagem<\/u> e os <u>hor\u00e1rios de toma<\/u> sejam recomendados por um profissional de sa\u00fade.<\/p>\n<p>As vias de administra\u00e7\u00e3o poss\u00edveis do medicamento incluem:<\/p>\n<p><strong>via oral<\/strong>: comprimidos ou c\u00e1psulas, pastilhas efervescentes, saquetas de p\u00f3 para dissolu\u00e7\u00e3o ou xarope.<\/p>\n<p><strong>via retal<\/strong>: suposit\u00f3rios;<\/p>\n<p><strong>via endo-venosa<\/strong>, administrada diretamente na corrente sangu\u00ednea atrav\u00e9s de cat\u00e9ter, habitualmente em contexto hospitalar (1).<\/p>\n<p>&nbsp;<\/p>\n<p><strong>A toma do Paracetamol \u00e9 segura e n\u00e3o implica riscos? <\/strong><\/p>\n<p>Qualquer medicamento implica riscos, se n\u00e3o for tomado corretamente, e o paracetamol n\u00e3o \u00e9 exce\u00e7\u00e3o. Embora seja seguro e eficaz quando utilizado nas doses recomendadas, o uso inadequado pode causar efeitos graves. O principal risco associado ao paracetamol \u00e9 a <strong>sobredosagem<\/strong>, isto \u00e9, a ingest\u00e3o de doses superiores \u00e0s recomendadas. A toma excessiva pode causar les\u00f5es renais, especialmente em casos de uso prolongado ou em doses elevadas, danos graves ou irrevers\u00edveis no f\u00edgado, podendo levar a necessidade de transplante hep\u00e1tico ou mesmo risco de morte (<a href=\"#_ftn3\" name=\"_ftnref3\">[3]<\/a>).<\/p>\n<p>&nbsp;<\/p>\n<p><strong>Que cuidados devo ter ao tomar paracetamol?<\/strong><\/p>\n<p>O paracetamol deve ser tomado com responsabilidade! Informe sempre o m\u00e9dico ou farmac\u00eautico sobre todos os medicamentos que utiliza para prevenir o risco de duplica\u00e7\u00e3o acidental e, consequente excesso de dose.<\/p>\n<p>Siga, com rigor, a dose e hor\u00e1rio de toma recomendado pelo profissional de sa\u00fade.<\/p>\n<p>Ligue a <strong>Linha de Sa\u00fade A\u00e7ores (LSA)<\/strong>: 808 24 60 24, se:<\/p>\n<ul>\n<li>a dor ou febre persistirem por mais de 48\u201372 horas;<\/li>\n<li>A doen\u00e7a agravar ou n\u00e3o apresentar sinais de melhoria;<\/li>\n<li>surjam sinais ou sintomas inesperados (n\u00e1useas, v\u00f3mitos, transpira\u00e7\u00e3o, mal-estar geral e sonol\u00eancia, dor abdominal).<\/li>\n<\/ul>\n<hr \/>\n<p><a href=\"#_ftnref1\" name=\"_ftn1\"><\/a>([1]) World Health Organization. (n.d.). <em>Paracetamol (acetaminophen)<\/em>. eEML \u2013 Electronic Essential Medicines List. Dispon\u00edvel em: <a href=\"https:\/\/list.essentialmeds.org\/?query=paracetamol\">https:\/\/list.essentialmeds.org\/?query=paracetamol<\/a>, acedido a 20\/02\/2026.<\/p>\n<p><a href=\"#_ftnref2\" name=\"_ftn2\"><\/a>([2]) Servi\u00e7o Nacional de Sa\u00fade. (n.d.). <em>Febre<\/em>. SNS24. Dispon\u00edvel em: <a href=\"https:\/\/www.sns24.gov.pt\/pt\/tema\/sintomas\/febre\/\">https:\/\/www.sns24.gov.pt\/pt\/tema\/sintomas\/febre\/<\/a>, acedido a 20\/02\/2026<\/p>\n<p><a href=\"#_ftnref3\" name=\"_ftn3\"><\/a>([3]) Ordem dos Farmac\u00eauticos. (2023). <em>O uso seguro do paracetamol<\/em>. Ordem dos Farmac\u00eauticos. Dispon\u00edvel em: <a href=\"https:\/\/www.ordemfarmaceuticos.pt\/pt\/artigos\/o-uso-seguro-do-paracetamol\/\">https:\/\/www.ordemfarmaceuticos.pt\/pt\/artigos\/o-uso-seguro-do-paracetamol\/<\/a>, acedido a 20\/02\/2026<\/p>\n","protected":false},"excerpt":{"rendered":"<p>Paracetamol: o que \u00e9 e para que serve? O paracetamol, tamb\u00e9m conhecido pela sua designa\u00e7\u00e3o qu\u00edmica acetaminofeno, \u00e9 um medicamento utilizado para o al\u00edvio da dor (analg\u00e9sico) e para o controlo da febre (antipir\u00e9tico). Est\u00e1 inclu\u00eddo na Lista de Medicamentos Essenciais da Organiza\u00e7\u00e3o Mundial da Sa\u00fade (OMS), devido \u00e0 sua efic\u00e1cia e seguran\u00e7a, quando utilizado [&hellip;]<\/p>\n","protected":false},"author":8,"featured_media":3235,"parent":971,"menu_order":0,"comment_status":"closed","ping_status":"closed","template":"","meta":{"footnotes":""},"class_list":["post-3234","page","type-page","status-publish","has-post-thumbnail","hentry"],"_links":{"self":[{"href":"https:\/\/usism.azores.gov.pt\/wp\/index.php?rest_route=\/wp\/v2\/pages\/3234","targetHints":{"allow":["GET"]}}],"collection":[{"href":"https:\/\/usism.azores.gov.pt\/wp\/index.php?rest_route=\/wp\/v2\/pages"}],"about":[{"href":"https:\/\/usism.azores.gov.pt\/wp\/index.php?rest_route=\/wp\/v2\/types\/page"}],"author":[{"embeddable":true,"href":"https:\/\/usism.azores.gov.pt\/wp\/index.php?rest_route=\/wp\/v2\/users\/8"}],"replies":[{"embeddable":true,"href":"https:\/\/usism.azores.gov.pt\/wp\/index.php?rest_route=%2Fwp%2Fv2%2Fcomments&post=3234"}],"version-history":[{"count":1,"href":"https:\/\/usism.azores.gov.pt\/wp\/index.php?rest_route=\/wp\/v2\/pages\/3234\/revisions"}],"predecessor-version":[{"id":3236,"href":"https:\/\/usism.azores.gov.pt\/wp\/index.php?rest_route=\/wp\/v2\/pages\/3234\/revisions\/3236"}],"up":[{"embeddable":true,"href":"https:\/\/usism.azores.gov.pt\/wp\/index.php?rest_route=\/wp\/v2\/pages\/971"}],"wp:featuredmedia":[{"embeddable":true,"href":"https:\/\/usism.azores.gov.pt\/wp\/index.php?rest_route=\/wp\/v2\/media\/3235"}],"wp:attachment":[{"href":"https:\/\/usism.azores.gov.pt\/wp\/index.php?rest_route=%2Fwp%2Fv2%2Fmedia&parent=3234"}],"curies":[{"name":"wp","href":"https:\/\/api.w.org\/{rel}","templated":true}]}}