{"id":3230,"date":"2026-03-04T14:08:09","date_gmt":"2026-03-04T15:08:09","guid":{"rendered":"https:\/\/usism.azores.gov.pt\/wp\/?page_id=3230"},"modified":"2026-03-04T14:08:09","modified_gmt":"2026-03-04T15:08:09","slug":"dia-mundial-da-obesidade-4-de-marco","status":"publish","type":"page","link":"https:\/\/usism.azores.gov.pt\/wp\/?page_id=3230","title":{"rendered":"Dia Mundial da Obesidade &#8211; 4 de mar\u00e7o"},"content":{"rendered":"<p><strong>Dia Mundial da Obesidade \u2013 4 de mar\u00e7o<\/strong><\/p>\n<p>No dia 4 de mar\u00e7o assinala\u2011se o Dia Mundial da Obesidade, uma data que sinaliza um dos maiores desafios atuais na sa\u00fade p\u00fablica mundial: a obesidade e o excesso de peso. Segundo dados das Na\u00e7\u00f5es Unidas, esta condi\u00e7\u00e3o afeta milh\u00f5es de pessoas e tem vindo a crescer de forma preocupante, em todas as faixas et\u00e1rias (<a href=\"#_ftn1\" name=\"_ftnref1\">[1]<\/a>).<\/p>\n<p>&nbsp;<\/p>\n<p><strong>A obesidade \u00e9 um problema global, em crescimento:<\/strong><\/p>\n<p>As previs\u00f5es internacionais apontam para um cen\u00e1rio preocupante: metade da popula\u00e7\u00e3o mundial poder\u00e1 viver com excesso de peso ou obesidade at\u00e9 2035. Estes n\u00fameros revelam que a obesidade passou a afetar, de forma profunda, pa\u00edses de diferentes n\u00edveis de rendimento, incluindo fam\u00edlias com menos recursos financeiros (1).<\/p>\n<p>Nos A\u00e7ores, o problema \u00e9 evidente. Os dados do Inqu\u00e9rito Nacional de Sa\u00fade com Exame F\u00edsico (INSEF) 2015 mostram que 70,4% dos residentes da Regi\u00e3o Aut\u00f3noma dos A\u00e7ores com 25 ou mais anos apresentam excesso de peso \u2014 valor superior \u00e0 m\u00e9dia nacional (67,6%). Isto significa que 7 em cada 10 adultos a\u00e7orianos t\u00eam altera\u00e7\u00f5es no seu estado nutricional relacionadas com excesso de peso ou obesidade (<a href=\"#_ftn2\" name=\"_ftnref2\">[2]<\/a>).<\/p>\n<p>&nbsp;<\/p>\n<p><strong>O que \u00e9 a Obesidade?<\/strong><\/p>\n<p>A obesidade \u00e9 uma acumula\u00e7\u00e3o anormal ou excessiva de gordura corporal que representa risco para a sa\u00fade. A Organiza\u00e7\u00e3o Mundial da Sa\u00fade (OMS) utiliza o \u00cdndice de Massa Corporal (IMC) para classificar o excesso de peso, na popula\u00e7\u00e3o adulta. O IMC calcula-se dividindo o peso (kg) pela altura \u00a0(m) ao quadrado. Deste modo:<\/p>\n<p><strong>IMC \u2265 25 \u2192 excesso de peso<\/strong><\/p>\n<p><strong>IMC \u2265 30 \u2192 obesidade<\/strong><\/p>\n<p>A OMS esclarece, ainda, que, na maioria dos casos, a obesidade resulta de um desequil\u00edbrio entre calorias ingeridas e gastas, embora fatores gen\u00e9ticos, metab\u00f3licos, comportamentais e ambientais tamb\u00e9m contribuam para o aumento de peso (3).<\/p>\n<p><strong>\u00a0<\/strong><\/p>\n<p><strong>Quais os riscos associados \u00e0 Obesidade?<\/strong><\/p>\n<p>A obesidade \u00e9 um dos principais fatores de risco para diversas doen\u00e7as n\u00e3o transmiss\u00edveis, como:<\/p>\n<ul>\n<li>Diabetes<\/li>\n<li>Hipertens\u00e3o Arterial<\/li>\n<li>Doen\u00e7as cardiovasculares<\/li>\n<li>Alguns tipos de cancro<\/li>\n<\/ul>\n<p>Al\u00e9m do impacto na sa\u00fade individual, a obesidade compromete a qualidade de vida e reduz anos de vida ativa, afetando tamb\u00e9m a economia e o desenvolvimento social das comunidades (<a href=\"#_ftn3\" name=\"_ftnref3\">[3]<\/a>).<\/p>\n<p>&nbsp;<\/p>\n<p><strong>Quais os motivos que podem estar na origem da obesidade?<\/strong><\/p>\n<p>O SNS (Servi\u00e7o Nacional de Sa\u00fade) identifica como fatores que contribuem para a obesidade, em Portugal:<\/p>\n<ul>\n<li><strong>Elevado consumo de produtos ultra processados<\/strong>: como refrigerantes, bebidas a\u00e7ucaradas, snacks, bolachas recheadas, refei\u00e7\u00f5es prontas congeladas (lasanhas, pizzas), enchidos e carnes processadas (salsichas, fiambre, nuggets);<\/li>\n<li><strong>Sedentarismo:<\/strong> refletido na falta de atividade f\u00edsica e exerc\u00edcio regular;<\/li>\n<li><strong>Condicionantes socioecon\u00f3micas<\/strong>: como a dificuldade de acesso a alimentos frescos, fruta e legumes;<\/li>\n<li><strong>Fatores gen\u00e9ticos, hormonais ou associados a medica\u00e7\u00e3o<\/strong>: como altera\u00e7\u00f5es da tiroide, resist\u00eancia \u00e0 insulina, problemas na regula\u00e7\u00e3o do apetite ou utiliza\u00e7\u00e3o de antidepressivos, corticoides e antipsic\u00f3ticos;<\/li>\n<li><strong>Fatores emocionais e psicossociais:<\/strong> stress cr\u00f3nico, ansiedade, depress\u00e3o, perturba\u00e7\u00f5es do sono e acontecimentos de vida que desestabilizam o bem\u2011estar emocional (<a href=\"#_ftn4\" name=\"_ftnref4\">[4]<\/a>).<\/li>\n<\/ul>\n<p><strong>O que fazer para evitar a obesidade?<\/strong><\/p>\n<p><strong>Adotar uma alimenta\u00e7\u00e3o mais equilibrada<\/strong>, privilegiando o consumo de alimentos frescos, reduzindo a ingest\u00e3o de produtos ultraprocessados, a\u00e7\u00facar e bebidas a\u00e7ucaradas e aumentando a presen\u00e7a de legumes nas refei\u00e7\u00f5es.<\/p>\n<p>\u00c9 igualmente importante promover um <strong>estilo de vida mais ativo<\/strong>, incorporando caminhadas di\u00e1rias, a utiliza\u00e7\u00e3o de escadas e a pr\u00e1tica regular de exerc\u00edcios ajustados \u00e0 idade e condi\u00e7\u00e3o f\u00edsica.<\/p>\n<p>A rela\u00e7\u00e3o com a alimenta\u00e7\u00e3o \u00e9 influenciada pelo estado emocional. <strong>Procurar apoio psicol\u00f3gico<\/strong>, quando necess\u00e1rio, pode contribuir para o controlo do peso e para a preven\u00e7\u00e3o da obesidade (<a href=\"#_ftn5\" name=\"_ftnref5\">[5]<\/a>).<\/p>\n<p>&nbsp;<\/p>\n<p><strong>Para saber mais: <\/strong><\/p>\n<p>Dire\u00e7\u00e3o\u2011Geral da Sa\u00fade. (2025). Estado nutricional: Excesso de peso e obesidade em Portugal. Programa Nacional para a Promo\u00e7\u00e3o da Alimenta\u00e7\u00e3o Saud\u00e1vel.<\/p>\n<p>Dire\u00e7\u00e3o Regional da Sa\u00fade. (2025). Programa Regional de Promo\u00e7\u00e3o da Alimenta\u00e7\u00e3o Saud\u00e1vel \u2013 PRPAS (Circular Normativa n.\u00ba DRS\u2011CNORM\/2025\/2). Governo Regional dos A\u00e7ores.<\/p>\n<p><a href=\"https:\/\/portal.azores.gov.pt\/documents\/37408\/17342735\/PRPAS_Final_CNORM_2_2025_2025_01-09.pdf\/29b38729-bcf0-0d65-1238-c0bf1424262f?t=1736784539504\">https:\/\/portal.azores.gov.pt\/documents\/37408\/17342735\/PRPAS_Final_CNORM_2_2025_2025_01-09.pdf\/29b38729-bcf0-0d65-1238-c0bf1424262f?t=1736784539504<\/a><\/p>\n<p>Dire\u00e7\u00e3o Regional da Sa\u00fade. (2025). Programa Regional de Preven\u00e7\u00e3o e Controlo de Doen\u00e7as N\u00e3o Transmiss\u00edveis (PRPCDNT) (Circular Normativa n.\u00ba DRS\u2011CNORM\/2025\/14). Governo Regional dos A\u00e7ores.<\/p>\n<p>https:\/\/portal.azores.gov.pt\/documents\/37408\/17342735\/CNORM_2025_14_2025-05-21-+PRPCDNT+Final.pdf\/32e9e2af-f8e8-15d9-b6e6-ab51ac997fcd?t=1747906277722<\/p>\n<p>&nbsp;<\/p>\n<hr \/>\n<p>&nbsp;<\/p>\n<p><a href=\"#_ftnref1\" name=\"_ftn1\"><\/a>([1]) \u00a0United Nations News. (2026). Dia Mundial da Obesidade real\u00e7a 8 bilh\u00f5es de raz\u00f5es para atuar contra a doen\u00e7a. Dispon\u00edvel em: <a href=\"https:\/\/news.un.org\/pt\/story\/2026\/03\/1852530\">https:\/\/news.un.org\/pt\/story\/2026\/03\/1852530<\/a>, acedido a 04\/03\/2026.<\/p>\n<p><a href=\"#_ftnref2\" name=\"_ftn2\"><\/a>([2]) Dire\u00e7\u00e3o Regional da Sa\u00fade. (2025). Programa Regional de Promo\u00e7\u00e3o da Alimenta\u00e7\u00e3o Saud\u00e1vel \u2013 PRPAS (Circular Normativa n.\u00ba DRS\u2011CNORM\/2025\/2). Governo Regional dos A\u00e7ores.<br \/>\nDispon\u00edvel em: <a href=\"https:\/\/portal.azores.gov.pt\/documents\/37408\/17342735\/PRPAS_Final_CNORM_2_2025_2025_01-09.pdf\/29b38729-bcf0-0d65-1238-c0bf1424262f?t=1736784539504\">https:\/\/portal.azores.gov.pt\/documents\/37408\/17342735\/PRPAS_Final_CNORM_2_2025_2025_01-09.pdf\/29b38729-bcf0-0d65-1238-c0bf1424262f?t=1736784539504<\/a>, acedido a 04\/03\/2026.<\/p>\n<p><a href=\"#_ftnref3\" name=\"_ftn3\"><\/a>([3])\u00a0 World Health Organization. (2026). Obesity. WHO. Dispon\u00edvel em: <a href=\"https:\/\/www.who.int\/health-topics\/obesity\/\">https:\/\/www.who.int\/health-topics\/obesity\/<\/a>, acedido a 04\/03\/2026.<\/p>\n<p><a href=\"#_ftnref4\" name=\"_ftn4\"><\/a>([4]) Servi\u00e7o Nacional de Sa\u00fade. (2024, maio 28). Fatores de risco relacionados com a alimenta\u00e7\u00e3o e o estado nutricional. Dispon\u00edvel em: <a href=\"https:\/\/www.sns.gov.pt\/noticias\/2024\/05\/28\/fatores-de-risco-relacionados-com-a-alimentacao-e-o-estado-nutricional\/\">https:\/\/www.sns.gov.pt\/noticias\/2024\/05\/28\/fatores-de-risco-relacionados-com-a-alimentacao-e-o-estado-nutricional\/<\/a>, acedido a 04\/03\/2026.<\/p>\n<p><a href=\"#_ftnref5\" name=\"_ftn5\"><\/a>([5]) Camolas, J., Greg\u00f3rio, M. J., Mendes de Sousa, S., &amp; Gra\u00e7a, P. (2017). Obesidade: Otimiza\u00e7\u00e3o da abordagem terap\u00eautica no Servi\u00e7o Nacional de Sa\u00fade. Dire\u00e7\u00e3o\u2011Geral da Sa\u00fade. Dispon\u00edvel em: <a href=\"https:\/\/dev.alimentacaosaudavel.dgs.pt\/wp-content\/uploads\/2020\/01\/Obesidade-otimiza\u00e7\u00e3o-da-abordagem-terap\u00eautica-no-servi\u00e7o-nacional-de-sa\u00fade.pdf\">https:\/\/dev.alimentacaosaudavel.dgs.pt\/wp-content\/uploads\/2020\/01\/Obesidade-otimiza\u00e7\u00e3o-da-abordagem-terap\u00eautica-no-servi\u00e7o-nacional-de-sa\u00fade.pdf<\/a>, acedido a 04\/03\/2026<\/p>\n","protected":false},"excerpt":{"rendered":"<p>Dia Mundial da Obesidade \u2013 4 de mar\u00e7o No dia 4 de mar\u00e7o assinala\u2011se o Dia Mundial da Obesidade, uma data que sinaliza um dos maiores desafios atuais na sa\u00fade p\u00fablica mundial: a obesidade e o excesso de peso. Segundo dados das Na\u00e7\u00f5es Unidas, esta condi\u00e7\u00e3o afeta milh\u00f5es de pessoas e tem vindo a crescer [&hellip;]<\/p>\n","protected":false},"author":8,"featured_media":3231,"parent":3118,"menu_order":0,"comment_status":"closed","ping_status":"closed","template":"","meta":{"footnotes":""},"class_list":["post-3230","page","type-page","status-publish","has-post-thumbnail","hentry"],"_links":{"self":[{"href":"https:\/\/usism.azores.gov.pt\/wp\/index.php?rest_route=\/wp\/v2\/pages\/3230","targetHints":{"allow":["GET"]}}],"collection":[{"href":"https:\/\/usism.azores.gov.pt\/wp\/index.php?rest_route=\/wp\/v2\/pages"}],"about":[{"href":"https:\/\/usism.azores.gov.pt\/wp\/index.php?rest_route=\/wp\/v2\/types\/page"}],"author":[{"embeddable":true,"href":"https:\/\/usism.azores.gov.pt\/wp\/index.php?rest_route=\/wp\/v2\/users\/8"}],"replies":[{"embeddable":true,"href":"https:\/\/usism.azores.gov.pt\/wp\/index.php?rest_route=%2Fwp%2Fv2%2Fcomments&post=3230"}],"version-history":[{"count":1,"href":"https:\/\/usism.azores.gov.pt\/wp\/index.php?rest_route=\/wp\/v2\/pages\/3230\/revisions"}],"predecessor-version":[{"id":3232,"href":"https:\/\/usism.azores.gov.pt\/wp\/index.php?rest_route=\/wp\/v2\/pages\/3230\/revisions\/3232"}],"up":[{"embeddable":true,"href":"https:\/\/usism.azores.gov.pt\/wp\/index.php?rest_route=\/wp\/v2\/pages\/3118"}],"wp:featuredmedia":[{"embeddable":true,"href":"https:\/\/usism.azores.gov.pt\/wp\/index.php?rest_route=\/wp\/v2\/media\/3231"}],"wp:attachment":[{"href":"https:\/\/usism.azores.gov.pt\/wp\/index.php?rest_route=%2Fwp%2Fv2%2Fmedia&parent=3230"}],"curies":[{"name":"wp","href":"https:\/\/api.w.org\/{rel}","templated":true}]}}