{"id":3188,"date":"2025-12-09T09:43:58","date_gmt":"2025-12-09T10:43:58","guid":{"rendered":"https:\/\/usism.azores.gov.pt\/wp\/?page_id=3188"},"modified":"2025-12-09T09:43:58","modified_gmt":"2025-12-09T10:43:58","slug":"tecnico-auxiliar-de-saude","status":"publish","type":"page","link":"https:\/\/usism.azores.gov.pt\/wp\/?page_id=3188","title":{"rendered":"T\u00e9cnico Auxiliar de Sa\u00fade"},"content":{"rendered":"<table class=\"table table-striped table-bordered\">\r\n<thead>\r\n\t<tr><th scope=\"col\"><a href=\"\/wp\/index.php?rest_route=%2Fwp%2Fv2%2Fpages%2F3188&wpfb_file_sort=&lt;file_display_name\">T\u00edtulo<\/a><\/th><\/tr>\r\n<\/thead>\r\n<tbody><tr><td><a href=\"https:\/\/usism.azores.gov.pt\/wp\/?wpfb_dl=170\" target=\"_blank\">C\u00f3digo de \u00c9tica e Conduta da USISM<\/a><\/tr><tr><td><a href=\"https:\/\/usism.azores.gov.pt\/wp\/?wpfb_dl=163\" target=\"_blank\">C\u00f3digo do Trabalho - Lei n.\u00ba 7\/2009, de 12 de fevereiro, na sua reda\u00e7\u00e3o atual<\/a><\/tr><tr><td><a href=\"https:\/\/usism.azores.gov.pt\/wp\/?wpfb_dl=164\" target=\"_blank\">Constitui\u00e7\u00e3o da Rep\u00fablica Portuguesa<\/a><\/tr><tr><td><a href=\"https:\/\/usism.azores.gov.pt\/wp\/?wpfb_dl=165\" target=\"_blank\">Decreto que cria a carreira especial de t\u00e9cnico auxiliar de sa\u00fade - Decreto-Lei n.\u00ba 120\/2023, de 22 de dezembro<\/a><\/tr><tr><td><a href=\"https:\/\/usism.azores.gov.pt\/wp\/?wpfb_dl=169\" target=\"_blank\">Estrutura Org\u00e2nica da Unidade de Sa\u00fade da Ilha de S\u00e3o Miguel \u2013 Decreto Regulamentar Regional n.\u00ba 26\/2011\/A, de 9 de dezembro<\/a><\/tr><tr><td><a href=\"https:\/\/usism.azores.gov.pt\/wp\/?wpfb_dl=166\" target=\"_blank\">Lei Geral do Trabalho em Fun\u00e7\u00f5es P\u00fablicas \u2013 Lei n.\u00ba 35\/2014, de 20 de junho, na sua reda\u00e7\u00e3o atual<\/a><\/tr><tr><td><a href=\"https:\/\/usism.azores.gov.pt\/wp\/?wpfb_dl=168\" target=\"_blank\">Manual do Cuidador - Cuidados \u00e0 Pessoa Dependente<\/a><\/tr><tr><td><a href=\"https:\/\/usism.azores.gov.pt\/wp\/?wpfb_dl=167\" target=\"_blank\">Manual do Cuidador - Preven\u00e7\u00e3o de \u00dalceras por Press\u00e3o<\/a><\/tr><tr><td><a href=\"https:\/\/usism.azores.gov.pt\/wp\/?wpfb_dl=171\" target=\"_blank\">Norma DGS \u2013 Precau\u00e7\u00f5es B\u00e1sicas Do Controlo Da Infe\u00e7\u00e3o<\/a><\/tr><tr><td><a href=\"https:\/\/usism.azores.gov.pt\/wp\/?wpfb_dl=172\" target=\"_blank\">Procedimento USISM - Descontamina\u00e7\u00e3o de dispositivos m\u00e9dicos e equipamentos<\/a><\/tr><tr><td><a href=\"https:\/\/usism.azores.gov.pt\/wp\/?wpfb_dl=159\" target=\"_blank\">Procedimento USISM - Manuseamento seguro da roupa <\/a><\/tr><tr><td><a href=\"https:\/\/usism.azores.gov.pt\/wp\/?wpfb_dl=162\" target=\"_blank\">Procedimento USISM - Precau\u00e7\u00f5es b\u00e1sicas de controlo de infe\u00e7\u00e3o<\/a><\/tr><tr><td><a href=\"https:\/\/usism.azores.gov.pt\/wp\/?wpfb_dl=161\" target=\"_blank\">Procedimento USISM \u2013 Higieniza\u00e7\u00e3o das m\u00e3os <\/a><\/tr><tr><td><a href=\"https:\/\/usism.azores.gov.pt\/wp\/?wpfb_dl=160\" target=\"_blank\">Procedimento USISM \u2013 Higieniza\u00e7\u00e3o por \u00e1rea de risco<\/a><\/tr><\/tbody>\r\n<\/table>\r\n<div class=\"tablenav-pages\"><\/div>\n","protected":false},"excerpt":{"rendered":"","protected":false},"author":1,"featured_media":1524,"parent":1518,"menu_order":0,"comment_status":"closed","ping_status":"closed","template":"","meta":{"footnotes":""},"class_list":["post-3188","page","type-page","status-publish","has-post-thumbnail","hentry"],"_links":{"self":[{"href":"https:\/\/usism.azores.gov.pt\/wp\/index.php?rest_route=\/wp\/v2\/pages\/3188","targetHints":{"allow":["GET"]}}],"collection":[{"href":"https:\/\/usism.azores.gov.pt\/wp\/index.php?rest_route=\/wp\/v2\/pages"}],"about":[{"href":"https:\/\/usism.azores.gov.pt\/wp\/index.php?rest_route=\/wp\/v2\/types\/page"}],"author":[{"embeddable":true,"href":"https:\/\/usism.azores.gov.pt\/wp\/index.php?rest_route=\/wp\/v2\/users\/1"}],"replies":[{"embeddable":true,"href":"https:\/\/usism.azores.gov.pt\/wp\/index.php?rest_route=%2Fwp%2Fv2%2Fcomments&post=3188"}],"version-history":[{"count":1,"href":"https:\/\/usism.azores.gov.pt\/wp\/index.php?rest_route=\/wp\/v2\/pages\/3188\/revisions"}],"predecessor-version":[{"id":3189,"href":"https:\/\/usism.azores.gov.pt\/wp\/index.php?rest_route=\/wp\/v2\/pages\/3188\/revisions\/3189"}],"up":[{"embeddable":true,"href":"https:\/\/usism.azores.gov.pt\/wp\/index.php?rest_route=\/wp\/v2\/pages\/1518"}],"wp:featuredmedia":[{"embeddable":true,"href":"https:\/\/usism.azores.gov.pt\/wp\/index.php?rest_route=\/wp\/v2\/media\/1524"}],"wp:attachment":[{"href":"https:\/\/usism.azores.gov.pt\/wp\/index.php?rest_route=%2Fwp%2Fv2%2Fmedia&parent=3188"}],"curies":[{"name":"wp","href":"https:\/\/api.w.org\/{rel}","templated":true}]}}