{"id":3123,"date":"2025-07-25T08:51:36","date_gmt":"2025-07-25T09:51:36","guid":{"rendered":"https:\/\/usism.azores.gov.pt\/wp\/?page_id=3123"},"modified":"2025-07-25T08:51:36","modified_gmt":"2025-07-25T09:51:36","slug":"dia-mundial-da-prevencao-do-afogamento-25-de-julho","status":"publish","type":"page","link":"https:\/\/usism.azores.gov.pt\/wp\/?page_id=3123","title":{"rendered":"Dia Mundial da Preven\u00e7\u00e3o do Afogamento &#8211; 25 de julho"},"content":{"rendered":"<p><strong>Dia Mundial da Preven\u00e7\u00e3o do Afogamento<\/strong><\/p>\n<p>A 25 de julho assinala-se o Dia Mundial da Preven\u00e7\u00e3o do Afogamento, proclamado pela Assembleia Geral da ONU em abril de 2021. O dia pretende destacar o impacto do afogamento nas fam\u00edlias e comunidades, incentivando, acima de tudo, a implementa\u00e7\u00e3o de medidas preventivas que evitem acidentes e salvem vidas (<a href=\"#_ftn1\" name=\"_ftnref1\">[1]<\/a>).<\/p>\n<p>A data reflete o per\u00edodo do ano em que acontece a maioria das mortes por afogamento que, em Portugal, ocorre com maior preval\u00eancia nos meses de ver\u00e3o (mais de um ter\u00e7o das mortes por afogamento), por ser a altura em que a popula\u00e7\u00e3o mais se exp\u00f5e aos ambientes aqu\u00e1ticos (<a href=\"#_ftn2\" name=\"_ftnref2\">[2]<\/a>).<\/p>\n<p><strong><em>Porqu\u00ea sensibilizar a popula\u00e7\u00e3o para a preven\u00e7\u00e3o do afogamento?<\/em><\/strong><\/p>\n<p>Todos os anos, quase 250 mil pessoas perdem a vida por afogamento, a n\u00edvel mundial, sendo quase 82 mil delas crian\u00e7as de 1 a 14 anos (1). Em Portugal, o relat\u00f3rio da Associa\u00e7\u00e3o para a Promo\u00e7\u00e3o da Seguran\u00e7a Infantil (APSI) aponta para uma tend\u00eancia crescente de casos de afogamento desde os \u00faltimos 4 anos. Com uma m\u00e9dia de 14 mortes por afogamento, por ano (quando 7,3 foi a m\u00e9dia do tri\u00e9nio antecessor). Este facto, associado ao maior n\u00famero de casos de afogamentos fatais e n\u00e3o fatais registados neste per\u00edodo, parece indiciar uma tend\u00eancia de aumento no n\u00famero de mortes por afogamento (<a href=\"#_ftn3\" name=\"_ftnref3\">[3]<\/a>).<\/p>\n<p><strong><em>O que \u00e9 o afogamento?<\/em><\/strong><\/p>\n<p>Afogamento \u00e9 o processo de comprometimento respirat\u00f3rio por submers\u00e3o ou imers\u00e3o em l\u00edquido, ou seja, a incapacidade de manter a respira\u00e7\u00e3o devido \u00e0 presen\u00e7a de l\u00edquido nos pulm\u00f5es. Os impactos negativos do afogamento podem ser morte ou morbilidade, resultante, muitas vezes, em les\u00f5es motoras e cerebrais irrevers\u00edveis e defici\u00eancia (<a href=\"#_ftn4\" name=\"_ftnref4\">[4]<\/a>).<\/p>\n<p><strong><em>Quem est\u00e1 em maior risco de afogamento?<\/em><\/strong><\/p>\n<p>Segundo a Organiza\u00e7\u00e3o Mundial da Sa\u00fade, OMS, as crian\u00e7as menores de quatro anos s\u00e3o as que correm maior risco de afogamento (1). Dados da APSI revelam que, em Portugal, o maior n\u00famero de mortes por afogamento ocorre na faixa et\u00e1ria dos 15 aos 19 anos e o maior n\u00famero de afogamentos e de internamentos por afogamento acontece at\u00e9 aos 4 anos de idade (3).<\/p>\n<p><strong><em>Onde e como acontecem a maioria dos afogamentos em Portugal?<\/em><\/strong><\/p>\n<p>\u00c9 nos rapazes que se verifica o maior n\u00famero de afogamentos, sendo as piscinas, especialmente as particulares, o local onde acontecem mais afogamentos, essencialmente em crian\u00e7as dos 0 aos 4 anos. Na faixa et\u00e1ria dos 10 aos 14 anos, os afogamentos registados acontecem, essencialmente em rios\/ribeiras e praias (3).<\/p>\n<p><strong><em>Quais as principais causas dos afogamentos?<\/em><\/strong><\/p>\n<p>A\u00a0maior parte dos acidentes acontece devido \u00e0 m\u00e1 avalia\u00e7\u00e3o dos riscos, nomeadamente: o estado do mar (em termos de corrente, vento, rebenta\u00e7\u00e3o); profundidade dos locais de\u00a0<a href=\"https:\/\/www.sns24.gov.pt\/guia\/cuidados-com-os-mergulhos\/\">mergulho<\/a>; sobrevaloriza\u00e7\u00e3o das capacidades do nadador; realiza\u00e7\u00e3o de desportos sem a devida prote\u00e7\u00e3o; consumo excessivo de \u00e1lcool ou de drogas il\u00edcitas; exist\u00eancia de doen\u00e7as debilitantes (2).<\/p>\n<p><strong><em>Que medidas podem ser cumpridas para prevenir o risco de afogamento?<\/em><\/strong><\/p>\n<p>Frequentar praias vigiadas\u00a0e respeitar os sinais das bandeiras e as instru\u00e7\u00f5es dos nadadores-salvadores; cumprir as regras de seguran\u00e7a\u00a0na praia e nas piscinas, sejam p\u00fablicas ou privadas; vedar o acesso a piscinas privadas, po\u00e7os e reservat\u00f3rios de \u00e1gua (usando veda\u00e7\u00f5es\u00a0e trinco de fecho autom\u00e1tico); assegurar a vigil\u00e2ncia das crian\u00e7as quando em zonas de ou pr\u00f3ximas de \u00e1gua; colocar bra\u00e7adeiras ou coletes \u00e0quelas que n\u00e3o sabem nadar; ensinar as crian\u00e7as a nadar t\u00e3o cedo quanto poss\u00edvel; usar colete de salva\u00e7\u00e3o na pr\u00e1tica de desportos aqu\u00e1ticos e de atividades de recreio; verificar a profundidade da \u00e1gua ou a exist\u00eancia de obst\u00e1culos que possam causar traumatismo em caso de mergulho; n\u00e3o entrar subitamente na \u00e1gua ap\u00f3s longos per\u00edodos de exposi\u00e7\u00e3o solar; evitar consumo de refei\u00e7\u00f5es pesadas e bebidas alco\u00f3licas antes de entrar na \u00e1gua (2)(4).<\/p>\n<p>Considere estas medidas para garantir um Ver\u00e3o seguro!<\/p>\n<hr \/>\n<p><a href=\"#_ftnref1\" name=\"_ftn1\"><\/a>([1]) Organiza\u00e7\u00e3o das Na\u00e7\u00f5es Unidas &#8211; No Dia Mundial de Preven\u00e7\u00e3o do Afogamento, OMS destaca riscos para crian\u00e7as. Dispon\u00edvel em <a href=\"https:\/\/news.un.org\/pt\/story\/2024\/07\/1835116\">https:\/\/news.un.org\/pt\/story\/2024\/07\/1835116<\/a>, acedido a 16\/07\/2025.<\/p>\n<p><a href=\"#_ftnref2\" name=\"_ftn2\"><\/a>([2]) SNS 24 \u2013 Evitar os afogamentos. Dispon\u00edvel em <a href=\"https:\/\/www.sns24.gov.pt\/pt\/tema\/prevencao-e-cuidados-de-saude\/evitar-os-afogamentos\">https:\/\/www.sns24.gov.pt\/pt\/tema\/prevencao-e-cuidados-de-saude\/evitar-os-afogamentos<\/a>, acedido a 16\/07\/2025.<\/p>\n<p><a href=\"#_ftnref3\" name=\"_ftn3\"><\/a>([3]) \u00a0Associa\u00e7\u00e3o para a Promo\u00e7\u00e3o da Seguran\u00e7a Infantil. Afogamentos de Crian\u00e7as e Jovens em Portugal Atualiza\u00e7\u00e3o de casos \u2013 julho de 2025. Dispon\u00edvel em <a href=\"https:\/\/www.apsi.org.pt\/images\/Campanhas\/Afogamentos2025\/Afogamentos_em_criancas_e_jovens_2005_a_2024_Principais_resultado_julho2025.pdf\">Afogamentos_em_criancas_e_jovens_2005_a_2024_Principais_resultado_julho2025.pdf<\/a>, acedido a 16\/07\/2025.<\/p>\n<p><a href=\"#_ftnref4\" name=\"_ftn4\"><\/a>([4]) SNS \u2013 INEM &#8211; Conselhos \u00fateis para a sua sa\u00fade \u2013 Afogamento. Dispon\u00edvel em: <a href=\"https:\/\/www.inem.pt\/2017\/08\/04\/conselhos-uteis-para-a-sua-saude-afogamento\/\">Conselhos \u00fateis para a sua sa\u00fade \u2013 Afogamento &#8211; INEM<\/a>, acedido a 16\/07\/2025.<\/p>\n","protected":false},"excerpt":{"rendered":"<p>Dia Mundial da Preven\u00e7\u00e3o do Afogamento A 25 de julho assinala-se o Dia Mundial da Preven\u00e7\u00e3o do Afogamento, proclamado pela Assembleia Geral da ONU em abril de 2021. O dia pretende destacar o impacto do afogamento nas fam\u00edlias e comunidades, incentivando, acima de tudo, a implementa\u00e7\u00e3o de medidas preventivas que evitem acidentes e salvem vidas [&hellip;]<\/p>\n","protected":false},"author":8,"featured_media":3124,"parent":3118,"menu_order":0,"comment_status":"closed","ping_status":"closed","template":"","meta":{"footnotes":""},"class_list":["post-3123","page","type-page","status-publish","has-post-thumbnail","hentry"],"_links":{"self":[{"href":"https:\/\/usism.azores.gov.pt\/wp\/index.php?rest_route=\/wp\/v2\/pages\/3123","targetHints":{"allow":["GET"]}}],"collection":[{"href":"https:\/\/usism.azores.gov.pt\/wp\/index.php?rest_route=\/wp\/v2\/pages"}],"about":[{"href":"https:\/\/usism.azores.gov.pt\/wp\/index.php?rest_route=\/wp\/v2\/types\/page"}],"author":[{"embeddable":true,"href":"https:\/\/usism.azores.gov.pt\/wp\/index.php?rest_route=\/wp\/v2\/users\/8"}],"replies":[{"embeddable":true,"href":"https:\/\/usism.azores.gov.pt\/wp\/index.php?rest_route=%2Fwp%2Fv2%2Fcomments&post=3123"}],"version-history":[{"count":1,"href":"https:\/\/usism.azores.gov.pt\/wp\/index.php?rest_route=\/wp\/v2\/pages\/3123\/revisions"}],"predecessor-version":[{"id":3125,"href":"https:\/\/usism.azores.gov.pt\/wp\/index.php?rest_route=\/wp\/v2\/pages\/3123\/revisions\/3125"}],"up":[{"embeddable":true,"href":"https:\/\/usism.azores.gov.pt\/wp\/index.php?rest_route=\/wp\/v2\/pages\/3118"}],"wp:featuredmedia":[{"embeddable":true,"href":"https:\/\/usism.azores.gov.pt\/wp\/index.php?rest_route=\/wp\/v2\/media\/3124"}],"wp:attachment":[{"href":"https:\/\/usism.azores.gov.pt\/wp\/index.php?rest_route=%2Fwp%2Fv2%2Fmedia&parent=3123"}],"curies":[{"name":"wp","href":"https:\/\/api.w.org\/{rel}","templated":true}]}}