{"id":2975,"date":"2025-07-21T13:15:56","date_gmt":"2025-07-21T14:15:56","guid":{"rendered":"https:\/\/usism.azores.gov.pt\/wp\/?page_id=2975"},"modified":"2025-07-29T15:00:27","modified_gmt":"2025-07-29T16:00:27","slug":"panfletos","status":"publish","type":"page","link":"https:\/\/usism.azores.gov.pt\/wp\/?page_id=2975","title":{"rendered":"Panfletos"},"content":{"rendered":"<div class=\"wpfilebase-fileicon\"><a href=\"https:\/\/usism.azores.gov.pt\/wp\/?wpfb_dl=115\" title=\"Download A import\u00e2ncia da higiene do sono no dia a dia e na pr\u00e1tica desportiva\"><img decoding=\"async\" align=\"middle\" src=\"https:\/\/usism.azores.gov.pt\/wp\/?wpfilebase_thumbnail=1&amp;fid=115&amp;name=thumb_20-150x300._UuC1tdyfcEtx.thumb.png\" \/><\/a><\/div>\n<div class=\"wpfilebase-fileicon\"><a href=\"https:\/\/usism.azores.gov.pt\/wp\/?wpfb_dl=123\" title=\"Download Como Cuidar dos Dentes\"><img decoding=\"async\" align=\"middle\" src=\"https:\/\/usism.azores.gov.pt\/wp\/?wpfilebase_thumbnail=1&amp;fid=123&amp;name=thumb_28-150x300._SbDnPgenogGX.thumb.png\" \/><\/a><\/div>\n<div class=\"wpfilebase-fileicon\"><a href=\"https:\/\/usism.azores.gov.pt\/wp\/?wpfb_dl=133\" title=\"Download Como Viver Com Artrose No Joelho\"><img decoding=\"async\" align=\"middle\" src=\"https:\/\/usism.azores.gov.pt\/wp\/?wpfilebase_thumbnail=1&amp;fid=133&amp;name=thumb_30-150x300._1gGQgPpRvtX3.thumb.png\" \/><\/a><\/div>\n<div class=\"wpfilebase-fileicon\"><a href=\"https:\/\/usism.azores.gov.pt\/wp\/?wpfb_dl=113\" title=\"Download Comportamentos de risco na adolesc\u00eancia\"><img decoding=\"async\" align=\"middle\" src=\"https:\/\/usism.azores.gov.pt\/wp\/?wpfilebase_thumbnail=1&amp;fid=113&amp;name=thumb_26-150x300._j0NTa3ees1sX.thumb.png\" \/><\/a><\/div>\n<div class=\"wpfilebase-fileicon\"><a href=\"https:\/\/usism.azores.gov.pt\/wp\/?wpfb_dl=119\" title=\"Download Consulta De Apoio Intensivo \u00e0 Cessa\u00e7\u00e3o Tab\u00e1gica\"><img decoding=\"async\" align=\"middle\" src=\"https:\/\/usism.azores.gov.pt\/wp\/?wpfilebase_thumbnail=1&amp;fid=119&amp;name=thumb_25-150x300._8x4J9TLLVoRe.thumb.png\" \/><\/a><\/div>\n<div class=\"wpfilebase-fileicon\"><a href=\"https:\/\/usism.azores.gov.pt\/wp\/?wpfb_dl=127\" title=\"Download Direitos E Deveres Dos Utentes\"><img decoding=\"async\" align=\"middle\" src=\"https:\/\/usism.azores.gov.pt\/wp\/?wpfilebase_thumbnail=1&amp;fid=127&amp;name=thumb_22-150x300._nwewT6i4h9hL.thumb.png\" \/><\/a><\/div>\n<div class=\"wpfilebase-fileicon\"><a href=\"https:\/\/usism.azores.gov.pt\/wp\/?wpfb_dl=110\" title=\"Download Diversifica\u00e7\u00e3o Alimentar no 1\u00ba ano de vida\"><img decoding=\"async\" align=\"middle\" src=\"https:\/\/usism.azores.gov.pt\/wp\/?wpfilebase_thumbnail=1&amp;fid=110&amp;name=thumb_21-150x300._BpT80kEq6qXV.thumb.png\" \/><\/a><\/div>\n<div class=\"wpfilebase-fileicon\"><a href=\"https:\/\/usism.azores.gov.pt\/wp\/?wpfb_dl=129\" title=\"Download Droits et Devoirs des Usagers des Services de Sant\u00e9\"><img decoding=\"async\" align=\"middle\" src=\"https:\/\/usism.azores.gov.pt\/wp\/?wpfilebase_thumbnail=1&amp;fid=129&amp;name=thumb_23-150x300._fUkEq1Bght5n.thumb.png\" \/><\/a><\/div>\n<div class=\"wpfilebase-fileicon\"><a href=\"https:\/\/usism.azores.gov.pt\/wp\/?wpfb_dl=131\" title=\"Download Implante contracetivo subcut\u00e2neo\"><img decoding=\"async\" align=\"middle\" src=\"https:\/\/usism.azores.gov.pt\/wp\/?wpfilebase_thumbnail=1&amp;fid=131&amp;name=thumb_Sem T\u00edtulo-147x300._196gkS0nt4iX.thumb.png\" \/><\/a><\/div>\n<div class=\"wpfilebase-fileicon\"><a href=\"https:\/\/usism.azores.gov.pt\/wp\/?wpfb_dl=116\" title=\"Download Insufici\u00eancia Card\u00edaca\"><img decoding=\"async\" align=\"middle\" src=\"https:\/\/usism.azores.gov.pt\/wp\/?wpfilebase_thumbnail=1&amp;fid=116&amp;name=thumb_17-150x300._nxCQ66pv9eLt.thumb.png\" \/><\/a><\/div>\n<div class=\"wpfilebase-fileicon\"><a href=\"https:\/\/usism.azores.gov.pt\/wp\/?wpfb_dl=118\" title=\"Download Interven\u00e7\u00e3o Breve Na Cessa\u00e7\u00e3o Tab\u00e1gica\"><img decoding=\"async\" align=\"middle\" src=\"https:\/\/usism.azores.gov.pt\/wp\/?wpfilebase_thumbnail=1&amp;fid=118&amp;name=thumb_29-150x300._LoxqHNXkbpvp.thumb.png\" \/><\/a><\/div>\n<div class=\"wpfilebase-fileicon\"><a href=\"https:\/\/usism.azores.gov.pt\/wp\/?wpfb_dl=120\" title=\"Download Lavagem Nasal\"><img decoding=\"async\" align=\"middle\" src=\"https:\/\/usism.azores.gov.pt\/wp\/?wpfilebase_thumbnail=1&amp;fid=120&amp;name=thumb_15-150x300._dtFykLsSBwUW.thumb.png\" \/><\/a><\/div>\n<div class=\"wpfilebase-fileicon\"><a href=\"https:\/\/usism.azores.gov.pt\/wp\/?wpfb_dl=124\" title=\"Download N\u00e3o vires as costas \u00e0 tua sa\u00fade\"><img decoding=\"async\" align=\"middle\" src=\"https:\/\/usism.azores.gov.pt\/wp\/?wpfilebase_thumbnail=1&amp;fid=124&amp;name=thumb_14-150x300._QmOAo9niRH7z.thumb.png\" \/><\/a><\/div>\n<div class=\"wpfilebase-fileicon\"><a href=\"https:\/\/usism.azores.gov.pt\/wp\/?wpfb_dl=108\" title=\"Download P\u00e2nico. Doutor vou enlouquecer\"><img decoding=\"async\" align=\"middle\" src=\"https:\/\/usism.azores.gov.pt\/wp\/?wpfilebase_thumbnail=1&amp;fid=108&amp;name=thumb_12-150x300._9FclahPszNFw.thumb.png\" \/><\/a><\/div>\n<div class=\"wpfilebase-fileicon\"><a href=\"https:\/\/usism.azores.gov.pt\/wp\/?wpfb_dl=135\" title=\"Download Prescri\u00e7\u00e3o Farmacol\u00f3gica Utentes Polimedicados\"><img decoding=\"async\" align=\"middle\" src=\"https:\/\/usism.azores.gov.pt\/wp\/?wpfilebase_thumbnail=1&amp;fid=135&amp;name=thumb_10-150x300._70TyQUDNCpyZ.thumb.png\" \/><\/a><\/div>\n<div class=\"wpfilebase-fileicon\"><a href=\"https:\/\/usism.azores.gov.pt\/wp\/?wpfb_dl=114\" title=\"Download Preven\u00e7\u00e3o da S\u00edndrome de Morte S\u00fabita do Lactente (SMSL)\"><img decoding=\"async\" align=\"middle\" src=\"https:\/\/usism.azores.gov.pt\/wp\/?wpfilebase_thumbnail=1&amp;fid=114&amp;name=thumb_5-150x300._cghyj8JKQSP1.thumb.png\" \/><\/a><\/div>\n<div class=\"wpfilebase-fileicon\"><a href=\"https:\/\/usism.azores.gov.pt\/wp\/?wpfb_dl=126\" title=\"Download Reclama\u00e7\u00f5es, Sugest\u00f5es, Elogios Ou Agradecimentos\"><img decoding=\"async\" align=\"middle\" src=\"https:\/\/usism.azores.gov.pt\/wp\/?wpfilebase_thumbnail=1&amp;fid=126&amp;name=thumb_9-150x300._kPdpVeY96C5Z.thumb.png\" \/><\/a><\/div>\n<div class=\"wpfilebase-fileicon\"><a href=\"https:\/\/usism.azores.gov.pt\/wp\/?wpfb_dl=130\" title=\"Download Registo Nacional de N\u00c3O Dadores\"><img decoding=\"async\" align=\"middle\" src=\"https:\/\/usism.azores.gov.pt\/wp\/?wpfilebase_thumbnail=1&amp;fid=130&amp;name=thumb_8-150x300._9CZVCWs01fC6.thumb.png\" \/><\/a><\/div>\n<div class=\"wpfilebase-fileicon\"><a href=\"https:\/\/usism.azores.gov.pt\/wp\/?wpfb_dl=128\" title=\"Download Rights and Duties of Users of Health Services\"><img decoding=\"async\" align=\"middle\" src=\"https:\/\/usism.azores.gov.pt\/wp\/?wpfilebase_thumbnail=1&amp;fid=128&amp;name=thumb_24-150x300._o3Eqgkw7xY5V.thumb.png\" \/><\/a><\/div>\n<div class=\"wpfilebase-fileicon\"><a href=\"https:\/\/usism.azores.gov.pt\/wp\/?wpfb_dl=125\" title=\"Download Roteiro De Informa\u00e7\u00e3o \u00e0 Pessoa Com UP\"><img decoding=\"async\" align=\"middle\" src=\"https:\/\/usism.azores.gov.pt\/wp\/?wpfilebase_thumbnail=1&amp;fid=125&amp;name=thumb_3-150x300._TZj2n4s5EkHh.thumb.png\" \/><\/a><\/div>\n<div class=\"wpfilebase-fileicon\"><a href=\"https:\/\/usism.azores.gov.pt\/wp\/?wpfb_dl=121\" title=\"Download Sa\u00fade Oral na Gravidez\"><img decoding=\"async\" align=\"middle\" src=\"https:\/\/usism.azores.gov.pt\/wp\/?wpfilebase_thumbnail=1&amp;fid=121&amp;name=thumb_6-150x300._yNIWV6GwYGFT.thumb.png\" \/><\/a><\/div>\n<div class=\"wpfilebase-fileicon\"><a href=\"https:\/\/usism.azores.gov.pt\/wp\/?wpfb_dl=122\" title=\"Download Sa\u00fade Oral no Beb\u00e9\"><img decoding=\"async\" align=\"middle\" src=\"https:\/\/usism.azores.gov.pt\/wp\/?wpfilebase_thumbnail=1&amp;fid=122&amp;name=thumb_7-150x300._Q4eqReyIubtu.thumb.png\" \/><\/a><\/div>\n<div class=\"wpfilebase-fileicon\"><a href=\"https:\/\/usism.azores.gov.pt\/wp\/?wpfb_dl=111\" title=\"Download S\u00edndrome P\u00e9-M\u00e3o-Boca\"><img decoding=\"async\" align=\"middle\" src=\"https:\/\/usism.azores.gov.pt\/wp\/?wpfilebase_thumbnail=1&amp;fid=111&amp;name=thumb_11-150x300._YAsKQzxLYcNm.thumb.png\" \/><\/a><\/div>\n<div class=\"wpfilebase-fileicon\"><a href=\"https:\/\/usism.azores.gov.pt\/wp\/?wpfb_dl=132\" title=\"Download Stafilococcus aureus resistente \u00e0 meticilina\"><img decoding=\"async\" align=\"middle\" src=\"https:\/\/usism.azores.gov.pt\/wp\/?wpfilebase_thumbnail=1&amp;fid=132&amp;name=thumb_13-150x300._NqDLVdEAU7mt.thumb.png\" \/><\/a><\/div>\n<div class=\"wpfilebase-fileicon\"><a href=\"https:\/\/usism.azores.gov.pt\/wp\/?wpfb_dl=109\" title=\"Download Tenho GOTA. O que posso fazer para tratar?\"><img decoding=\"async\" align=\"middle\" src=\"https:\/\/usism.azores.gov.pt\/wp\/?wpfilebase_thumbnail=1&amp;fid=109&amp;name=thumb_19-150x300._JuCFxttKD9Ba.thumb.png\" \/><\/a><\/div>\n<div class=\"wpfilebase-fileicon\"><a href=\"https:\/\/usism.azores.gov.pt\/wp\/?wpfb_dl=117\" title=\"Download Tuberculose\"><img decoding=\"async\" align=\"middle\" src=\"https:\/\/usism.azores.gov.pt\/wp\/?wpfilebase_thumbnail=1&amp;fid=117&amp;name=thumb_4-150x300._FQSRKRgj5O41.thumb.png\" \/><\/a><\/div>\n<div class=\"wpfilebase-fileicon\"><a href=\"https:\/\/usism.azores.gov.pt\/wp\/?wpfb_dl=112\" title=\"Download Vigil\u00e2ncia de Sa\u00fade Infantil e Juvenil\"><img decoding=\"async\" align=\"middle\" src=\"https:\/\/usism.azores.gov.pt\/wp\/?wpfilebase_thumbnail=1&amp;fid=112&amp;name=thumb_1-150x300._dO9XYXagl0sW.thumb.png\" \/><\/a><\/div>\n\n<p>&nbsp;<\/p>\n","protected":false},"excerpt":{"rendered":"<p>&nbsp;<\/p>\n","protected":false},"author":8,"featured_media":3133,"parent":971,"menu_order":0,"comment_status":"closed","ping_status":"closed","template":"","meta":{"footnotes":""},"class_list":["post-2975","page","type-page","status-publish","has-post-thumbnail","hentry"],"_links":{"self":[{"href":"https:\/\/usism.azores.gov.pt\/wp\/index.php?rest_route=\/wp\/v2\/pages\/2975","targetHints":{"allow":["GET"]}}],"collection":[{"href":"https:\/\/usism.azores.gov.pt\/wp\/index.php?rest_route=\/wp\/v2\/pages"}],"about":[{"href":"https:\/\/usism.azores.gov.pt\/wp\/index.php?rest_route=\/wp\/v2\/types\/page"}],"author":[{"embeddable":true,"href":"https:\/\/usism.azores.gov.pt\/wp\/index.php?rest_route=\/wp\/v2\/users\/8"}],"replies":[{"embeddable":true,"href":"https:\/\/usism.azores.gov.pt\/wp\/index.php?rest_route=%2Fwp%2Fv2%2Fcomments&post=2975"}],"version-history":[{"count":52,"href":"https:\/\/usism.azores.gov.pt\/wp\/index.php?rest_route=\/wp\/v2\/pages\/2975\/revisions"}],"predecessor-version":[{"id":3116,"href":"https:\/\/usism.azores.gov.pt\/wp\/index.php?rest_route=\/wp\/v2\/pages\/2975\/revisions\/3116"}],"up":[{"embeddable":true,"href":"https:\/\/usism.azores.gov.pt\/wp\/index.php?rest_route=\/wp\/v2\/pages\/971"}],"wp:featuredmedia":[{"embeddable":true,"href":"https:\/\/usism.azores.gov.pt\/wp\/index.php?rest_route=\/wp\/v2\/media\/3133"}],"wp:attachment":[{"href":"https:\/\/usism.azores.gov.pt\/wp\/index.php?rest_route=%2Fwp%2Fv2%2Fmedia&parent=2975"}],"curies":[{"name":"wp","href":"https:\/\/api.w.org\/{rel}","templated":true}]}}