{"id":2961,"date":"2025-05-23T13:15:44","date_gmt":"2025-05-23T14:15:44","guid":{"rendered":"https:\/\/usism.azores.gov.pt\/wp\/?page_id=2961"},"modified":"2025-05-23T13:15:44","modified_gmt":"2025-05-23T14:15:44","slug":"mes-do-coracao","status":"publish","type":"page","link":"https:\/\/usism.azores.gov.pt\/wp\/?page_id=2961","title":{"rendered":"M\u00eas do Cora\u00e7\u00e3o"},"content":{"rendered":"<p><strong>Dia Mundial da Hipertens\u00e3o Arterial<\/strong><\/p>\n<p>No m\u00eas do cora\u00e7\u00e3o, a 17 de maio assinalou-se o dia da Mundial da Hipertens\u00e3o. Data institu\u00edda e apoiada internacionalmente pela World Hypertension League (WHL) para divulgar a import\u00e2ncia da preven\u00e7\u00e3o, dete\u00e7\u00e3o e tratamento da hipertens\u00e3o arterial. Em Portugal, a Sociedade Portuguesa de Hipertens\u00e3o, refor\u00e7a a relev\u00e2ncia da sua comemora\u00e7\u00e3o junto de organiza\u00e7\u00f5es e institui\u00e7\u00f5es de sa\u00fade. (<a href=\"#_ftn1\" name=\"_ftnref1\">[1]<\/a>)<\/p>\n<p>A Hipertens\u00e3o Arterial afeta cerca de 36% da popula\u00e7\u00e3o adulta em Portugal e tem uma rela\u00e7\u00e3o direta com a incid\u00eancia de diversas doen\u00e7as e situa\u00e7\u00f5es cl\u00ednicas, como o Acidente Vascular cerebral (AVC) que \u00e9, no nosso pa\u00eds, uma das principais causas de morte e incapacidade. (2)<\/p>\n<p><strong><em>Quais os fatores de risco para desenvolver Hipertens\u00e3o Arterial?<\/em><\/strong><\/p>\n<p>Os principais fatores de risco para a Hipertens\u00e3o s\u00e3o: a alimenta\u00e7\u00e3o incorreta, com destaque para o consumo excessivo de sal que, em Portugal, quase excede o dobro do recomendado pela Organiza\u00e7\u00e3o Mundial da Sa\u00fade (<a href=\"#_ftn2\" name=\"_ftnref2\">[2]<\/a>). Outros fatores de risco s\u00e3o: obesidade, sedentarismo, consumo excessivo de a\u00e7\u00facar, \u00e1lcool e tabaco, diabetes, colesterol elevado, apneia do sono, doen\u00e7a renal, doen\u00e7a endocrinol\u00f3gica ou toma de medicamentos. (<a href=\"#_ftn3\" name=\"_ftnref3\">[3]<\/a>)<\/p>\n<p><strong><em>Qualquer pessoa pode apresentar Hipertens\u00e3o Arterial?<\/em><\/strong><\/p>\n<p>Sim, a Hipertens\u00e3o Arterial pode verificar-se em qualquer pessoa que apresente fatores de risco para a sua preval\u00eancia, o que pode acontecer a indiv\u00edduos de qualquer g\u00e9nero, ra\u00e7a ou idade, incluindo crian\u00e7as. Efetivamente, o n\u00famero de casos de hipertens\u00e3o arterial em crian\u00e7as e adolescentes entre os 4 e os 18 anos varia de 2,2% a 13%, em Portugal, verificando-se que este n\u00famero est\u00e1 a aumentar com a epidemia da obesidade. (3)<\/p>\n<p><strong><em>Como se diagnostica a Hipertens\u00e3o Arterial em crian\u00e7as?<\/em><\/strong><\/p>\n<p>A press\u00e3o arterial deve ser avaliada, em crian\u00e7as sem presen\u00e7a de fatores de risco conhecidos, a partir dos 3 anos de idade. A an\u00e1lise da Press\u00e3o Arterial das crian\u00e7as carece da interpreta\u00e7\u00e3o do Percentil de valores definidos para a respetiva idade pedi\u00e1trica. Define-se Hipertens\u00e3o Arterial quando a Press\u00e3o Arterial sist\u00f3lica e\/ou diast\u00f3lica se encontra acima do percentil (P) 95 para a idade da crian\u00e7a. A interpreta\u00e7\u00e3o destes par\u00e2metros \u00e9 realizada pelos profissionais de sa\u00fade, aquando das consultas da crian\u00e7a e o valor de press\u00e3o arterial avaliado pode classificar-se em quatro n\u00edveis, crescendo, em ordem de gravidade: Normal, Pr\u00e9-Hipertens\u00e3o Arterial, Hipertens\u00e3o Arterial Est\u00e1dio I e Hipertens\u00e3o Arterial Est\u00e1dio II (<a href=\"#_ftn4\" name=\"_ftnref4\">[4]<\/a>).<\/p>\n<p>Uma vez medida a press\u00e3o arterial, se a mesma \u00e9 classificada como normal, deve ser reavaliada a cada 2 anos. Em caso de altera\u00e7\u00f5es identificadas, a periodicidade de vigil\u00e2ncia ser\u00e1 indicada pelo profissional de sa\u00fade (3).<\/p>\n<p><strong><em>Porqu\u00ea avaliar regularmente a Press\u00e3o Arterial?<\/em><\/strong><\/p>\n<p>A medi\u00e7\u00e3o da Press\u00e3o Arterial representa um meio de avalia\u00e7\u00e3o de risco cardiovascular o que, por consequ\u00eancia pode ajudar a prevenir potencial risco em sa\u00fade (<a href=\"#_ftn5\" name=\"_ftnref5\">[5]<\/a>). Quando a Hipertens\u00e3o n\u00e3o tem uma causa direta identific\u00e1vel, ela pode ser classificada como secund\u00e1ria. Estes casos s\u00e3o mais frequentes na crian\u00e7a pr\u00e9-adolescente e a principal justifica\u00e7\u00e3o para a situa\u00e7\u00e3o s\u00e3o altera\u00e7\u00f5es renais. Nestas situa\u00e7\u00f5es, e por haver uma causa trat\u00e1vel, \u00e9 muito importante o diagn\u00f3stico oportuno e o tratamento atempado. (<a href=\"#_ftn6\" name=\"_ftnref6\">[6]<\/a>)<\/p>\n<hr \/>\n<p><a href=\"#_ftnref1\" name=\"_ftn1\"><\/a><span style=\"color: #999999;\">([1]) Sociedade Portuguesa de Literacia em Sa\u00fade. <em>Dia Mundial da Hipertens\u00e3o<\/em>. Dispon\u00edvel em: <a style=\"color: #999999;\" href=\"https:\/\/splsportugal.com\/events\/dia-mundial-da-hipertensao\/\">https:\/\/splsportugal.com\/events\/dia-mundial-da-hipertensao\/<\/a>, acedido a 21\/05\/2025.<\/span><\/p>\n<p><span style=\"color: #999999;\"><a style=\"color: #999999;\" href=\"#_ftnref2\" name=\"_ftn2\"><\/a>([2]) Servi\u00e7o Nacional de Sa\u00fade. <em>Hipertens\u00e3o Arterial<\/em>. Dispon\u00edvel em: <a style=\"color: #999999;\" href=\"https:\/\/www.sns.gov.pt\/noticias\/2018\/05\/08\/hipertensao-arterial\/\">https:\/\/www.sns.gov.pt\/noticias\/2018\/05\/08\/hipertensao-arterial\/<\/a>, acedido a 21\/05\/2025<\/span><\/p>\n<p><span style=\"color: #999999;\"><a style=\"color: #999999;\" href=\"#_ftnref3\" name=\"_ftn3\"><\/a>([3]) Servi\u00e7o Nacional de Sa\u00fade.\u00a0 Doen\u00e7as do Cora\u00e7\u00e3o: Hipertens\u00e3o Arterial.\u00a0 Dispon\u00edvel em: <a style=\"color: #999999;\" href=\"https:\/\/www.sns24.gov.pt\/pt\/tema\/doencas\/doencas-do-coracao\/hipertensao-arterial\">https:\/\/www.sns24.gov.pt\/pt\/tema\/doencas\/doencas-do-coracao\/hipertensao-arterial<\/a>, acedido a 21\/05\/2025.<\/span><\/p>\n<p><span style=\"color: #999999;\"><a style=\"color: #999999;\" href=\"#_ftnref4\" name=\"_ftn4\"><\/a>([4]) Dire\u00e7\u00e3o-Geral da Sa\u00fade. Norma n.\u00ba 010\/2013. <em>Programa Nacional de sa\u00fade Infantil e Juvenil<\/em>. Lisboa: DGS; 2013<\/span><\/p>\n<p><span style=\"color: #999999;\"><a style=\"color: #999999;\" href=\"#_ftnref5\" name=\"_ftn5\"><\/a>([5]) Sociedade Portuguesa de Cardiologia (SPC) <em>maio, m\u00eas do Cora\u00e7\u00e3o. <\/em>Dispon\u00edvel em <a style=\"color: #999999;\" href=\"https:\/\/spc.pt\/\">https:\/\/spc.pt\/<\/a>, acedido a 21\/05\/2025.<\/span><\/p>\n<p><span style=\"color: #999999;\"><a style=\"color: #999999;\" href=\"#_ftnref6\" name=\"_ftn6\"><\/a>([6]) Rocha, D., Faria, M. J., &amp; Regadas, R. (2023). HTA EM IDADE PEDI\u00c1TRICA\u2013O PAPEL DO M\u00c9DICO DE FAM\u00cdLIA AO DAR VOZ A UMA DOEN\u00c7A SILENCIOSA.\u00a0Revista Portuguesa de Hipertens\u00e3o e Risco Cardiovascular, (93), 38-42.<\/span><\/p>\n","protected":false},"excerpt":{"rendered":"<p>Dia Mundial da Hipertens\u00e3o Arterial No m\u00eas do cora\u00e7\u00e3o, a 17 de maio assinalou-se o dia da Mundial da Hipertens\u00e3o. Data institu\u00edda e apoiada internacionalmente pela World Hypertension League (WHL) para divulgar a import\u00e2ncia da preven\u00e7\u00e3o, dete\u00e7\u00e3o e tratamento da hipertens\u00e3o arterial. Em Portugal, a Sociedade Portuguesa de Hipertens\u00e3o, refor\u00e7a a relev\u00e2ncia da sua comemora\u00e7\u00e3o [&hellip;]<\/p>\n","protected":false},"author":8,"featured_media":2962,"parent":0,"menu_order":0,"comment_status":"closed","ping_status":"closed","template":"","meta":{"footnotes":""},"class_list":["post-2961","page","type-page","status-publish","has-post-thumbnail","hentry"],"_links":{"self":[{"href":"https:\/\/usism.azores.gov.pt\/wp\/index.php?rest_route=\/wp\/v2\/pages\/2961","targetHints":{"allow":["GET"]}}],"collection":[{"href":"https:\/\/usism.azores.gov.pt\/wp\/index.php?rest_route=\/wp\/v2\/pages"}],"about":[{"href":"https:\/\/usism.azores.gov.pt\/wp\/index.php?rest_route=\/wp\/v2\/types\/page"}],"author":[{"embeddable":true,"href":"https:\/\/usism.azores.gov.pt\/wp\/index.php?rest_route=\/wp\/v2\/users\/8"}],"replies":[{"embeddable":true,"href":"https:\/\/usism.azores.gov.pt\/wp\/index.php?rest_route=%2Fwp%2Fv2%2Fcomments&post=2961"}],"version-history":[{"count":1,"href":"https:\/\/usism.azores.gov.pt\/wp\/index.php?rest_route=\/wp\/v2\/pages\/2961\/revisions"}],"predecessor-version":[{"id":2963,"href":"https:\/\/usism.azores.gov.pt\/wp\/index.php?rest_route=\/wp\/v2\/pages\/2961\/revisions\/2963"}],"wp:featuredmedia":[{"embeddable":true,"href":"https:\/\/usism.azores.gov.pt\/wp\/index.php?rest_route=\/wp\/v2\/media\/2962"}],"wp:attachment":[{"href":"https:\/\/usism.azores.gov.pt\/wp\/index.php?rest_route=%2Fwp%2Fv2%2Fmedia&parent=2961"}],"curies":[{"name":"wp","href":"https:\/\/api.w.org\/{rel}","templated":true}]}}