{"id":2902,"date":"2025-03-19T14:24:17","date_gmt":"2025-03-19T15:24:17","guid":{"rendered":"https:\/\/usism.azores.gov.pt\/wp\/?page_id=2902"},"modified":"2025-03-19T14:24:17","modified_gmt":"2025-03-19T15:24:17","slug":"dia-mundial-da-saude-oral-20-de-marco","status":"publish","type":"page","link":"https:\/\/usism.azores.gov.pt\/wp\/?page_id=2902","title":{"rendered":"Dia Mundial da Sa\u00fade Oral &#8211; 20 de mar\u00e7o"},"content":{"rendered":"<p>A 20 de mar\u00e7o comemora-se o Dia Mundial da Sa\u00fade Oral. A iniciativa de assinalar esta data partiu da <em>World Dental Federation<\/em>, com o intuito de consciencializar a popula\u00e7\u00e3o para a import\u00e2ncia da preven\u00e7\u00e3o de problemas relacionados com a sa\u00fade oral e desmistificar em que consiste a Sa\u00fade Oral<a href=\"#_ftn1\" name=\"_ftnref1\">[1]<\/a>. Comemorar esta data \u00e9 tamb\u00e9m uma oportunidade de sensibilizar, motivar e estimular a popula\u00e7\u00e3o para a manuten\u00e7\u00e3o da sa\u00fade oral durante a vida, atrav\u00e9s da ado\u00e7\u00e3o de h\u00e1bitos adequados de higiene oral, alimenta\u00e7\u00e3o e vigil\u00e2ncia. O mote adotado para marcar o Dia Mundial da Sa\u00fade Oral, em 2025 foi \u201cTem orgulho da tua boca\u201d.<a href=\"#_ftn2\" name=\"_ftnref2\">[2]<\/a><\/p>\n<p>As doen\u00e7as orais afiguram-se como as doen\u00e7as cr\u00f3nicas mais comuns a n\u00edvel mundial. Sendo muito elevada a probabilidade de ocorr\u00eancia de algum tipo de dist\u00farbio a n\u00edvel oral, ao longo da vida, desde les\u00f5es de c\u00e1rie (destrui\u00e7\u00e3o progressiva da estrutura dent\u00e1ria), a doen\u00e7as peridontais (destrui\u00e7\u00e3o dos tecidos que ligam o dente ao osso), a cancro oral<a href=\"#_ftn3\" name=\"_ftnref3\">[3]<\/a>.<\/p>\n<p>Uma boca saud\u00e1vel \u00e9 fundamental para a sa\u00fade em geral. L\u00e1bios cuidados, denti\u00e7\u00e3o completa, gengiva, ossos s\u00e3os e uma oclus\u00e3o equilibrada permitem uma boa est\u00e1tica e boas fun\u00e7\u00f5es de fona\u00e7\u00e3o, mastiga\u00e7\u00e3o e m\u00edmica facial. Na fase de desenvolvimento infantil \u00e9 crucial, iniciar-se uma boa rotina de sa\u00fade oral como forma de favorecer a evolu\u00e7\u00e3o das estruturas anat\u00f3micas essenciais ao desenvolvimento da crian\u00e7a e prevenir doen\u00e7as da cavidade oral.<\/p>\n<p>Estes cuidados devem incluir a higieniza\u00e7\u00e3o oral antes da erup\u00e7\u00e3o dos primeiros dentes, passando para duas vezes por dia (pelo menos), ap\u00f3s a erup\u00e7\u00e3o dos primeiros dentes. Devem ser evitados h\u00e1bitos nocivos como: suc\u00e7\u00e3o do polegar e\/ou outros dedos, uso de chucha e consumo de subst\u00e2ncias a\u00e7ucaradas<a href=\"#_ftn4\" name=\"_ftnref4\">[4]<\/a>.<\/p>\n<p>At\u00e9 e durante a idade adulta, outros bons h\u00e1bitos em benef\u00edcio da sua sa\u00fade oral devem prevalecer como: escovar todas as superf\u00edcies dos dentes, durante 2 minutos, com uma pasta com fl\u00faor; n\u00e3o enxaguar a boca com \u00e1gua mas apenas cuspir o excesso de pasta ap\u00f3s a escovagem; passar fio dent\u00e1rio, pelo menos, uma vez por dia; cumprir uma alimenta\u00e7\u00e3o variada e equilibrada; evitar consumo de \u00e1lcool e tabaco e visitar o dentista com regularidade.<a href=\"#_ftn5\" name=\"_ftnref5\">[5]<\/a><\/p>\n<p>O Servi\u00e7o de Sa\u00fade Oral da USISM (Unidade de Sa\u00fade da Ilha de S\u00e3o Miguel) ir\u00e1 comemorar o Dia Mundial da Sa\u00fade Oral, a 20 de mar\u00e7o, com diversas atividades, a decorrer em v\u00e1rias escolas da ilha, onde ser\u00e3o realizados rastreios e sess\u00f5es de educa\u00e7\u00e3o para a sa\u00fade oral e, em todos os Centros de Sa\u00fade, com a\u00e7\u00f5es de sensibiliza\u00e7\u00e3o para Cuidados de Higiene e Sa\u00fade Oral e divulga\u00e7\u00e3o do Programa PICCOA (Programa de Interven\u00e7\u00e3o no cancro da Cavidade Oral nos A\u00e7ores).<\/p>\n<p>Se recorrer aos nossos servi\u00e7os de sa\u00fade nesta data, aproveite para se informar e fomentar a sua Sa\u00fade Oral!<\/p>\n<hr \/>\n<p><a href=\"#_ftnref1\" name=\"_ftn1\">[1]<\/a> World Dental Federation &#8211; World Oral Health Day 2025, dispon\u00edvel em <a href=\"https:\/\/www.worldoralhealthday.org\/\">https:\/\/www.worldoralhealthday.org\/<\/a>, acedido a 18\/03\/2025;<\/p>\n<p><a href=\"#_ftnref2\" name=\"_ftn2\">[2]<\/a> Ordem dos M\u00e9dicos Dentistas &#8211; OMD assinala semana da sa\u00fade oral, dispon\u00edvel em <a href=\"https:\/\/www.omd.pt\/2023\/03\/saude-oral-campanha\/\">https:\/\/www.omd.pt\/2023\/03\/saude-oral-campanha\/<\/a>, acedido a 18\/03\/2025;<\/p>\n<p><a href=\"#_ftnref3\" name=\"_ftn3\">[3]<\/a> World Health Organization &#8211; Dia Mundial da Sa\u00fade Oral 2025, dispon\u00edvel em <a href=\"https:\/\/www.who.int\/pt\/regional-director\/speeches-messages\/dia-mundial-da-saude-oral-2025\">https:\/\/www.who.int\/pt\/regional-director\/speeches-messages\/dia-mundial-da-saude-oral-2025<\/a>, \u00a0acedido a 18\/03\/2025;<\/p>\n<p><a href=\"#_ftnref4\" name=\"_ftn4\">[4]<\/a> World Oral Health Day \u2013 Fact Sheet \u2013 Child, dispon\u00edvel em <a href=\"https:\/\/www.wohd.org\/fact-sheet-child\">https:\/\/www.wohd.org\/fact-sheet-child<\/a>, acedido a 18\/03\/2025;<\/p>\n<p><a href=\"#_ftnref5\" name=\"_ftn5\">[5]<\/a> World Oral Health Day \u2013 Fact Sheet \u2013 Protect. Dispon\u00edvel em <a href=\"https:\/\/www.wohd.org\/fact-sheet-protect\">https:\/\/www.wohd.org\/fact-sheet-protect<\/a>, acedido a 18\/03\/2025.<\/p>\n","protected":false},"excerpt":{"rendered":"<p>A 20 de mar\u00e7o comemora-se o Dia Mundial da Sa\u00fade Oral. A iniciativa de assinalar esta data partiu da World Dental Federation, com o intuito de consciencializar a popula\u00e7\u00e3o para a import\u00e2ncia da preven\u00e7\u00e3o de problemas relacionados com a sa\u00fade oral e desmistificar em que consiste a Sa\u00fade Oral[1]. Comemorar esta data \u00e9 tamb\u00e9m uma [&hellip;]<\/p>\n","protected":false},"author":8,"featured_media":2903,"parent":0,"menu_order":0,"comment_status":"closed","ping_status":"closed","template":"","meta":{"footnotes":""},"class_list":["post-2902","page","type-page","status-publish","has-post-thumbnail","hentry"],"_links":{"self":[{"href":"https:\/\/usism.azores.gov.pt\/wp\/index.php?rest_route=\/wp\/v2\/pages\/2902","targetHints":{"allow":["GET"]}}],"collection":[{"href":"https:\/\/usism.azores.gov.pt\/wp\/index.php?rest_route=\/wp\/v2\/pages"}],"about":[{"href":"https:\/\/usism.azores.gov.pt\/wp\/index.php?rest_route=\/wp\/v2\/types\/page"}],"author":[{"embeddable":true,"href":"https:\/\/usism.azores.gov.pt\/wp\/index.php?rest_route=\/wp\/v2\/users\/8"}],"replies":[{"embeddable":true,"href":"https:\/\/usism.azores.gov.pt\/wp\/index.php?rest_route=%2Fwp%2Fv2%2Fcomments&post=2902"}],"version-history":[{"count":1,"href":"https:\/\/usism.azores.gov.pt\/wp\/index.php?rest_route=\/wp\/v2\/pages\/2902\/revisions"}],"predecessor-version":[{"id":2904,"href":"https:\/\/usism.azores.gov.pt\/wp\/index.php?rest_route=\/wp\/v2\/pages\/2902\/revisions\/2904"}],"wp:featuredmedia":[{"embeddable":true,"href":"https:\/\/usism.azores.gov.pt\/wp\/index.php?rest_route=\/wp\/v2\/media\/2903"}],"wp:attachment":[{"href":"https:\/\/usism.azores.gov.pt\/wp\/index.php?rest_route=%2Fwp%2Fv2%2Fmedia&parent=2902"}],"curies":[{"name":"wp","href":"https:\/\/api.w.org\/{rel}","templated":true}]}}