{"id":2877,"date":"2025-01-06T10:36:02","date_gmt":"2025-01-06T11:36:02","guid":{"rendered":"https:\/\/usism.azores.gov.pt\/wp\/?page_id=2877"},"modified":"2025-01-06T10:36:02","modified_gmt":"2025-01-06T11:36:02","slug":"diabetes-em-movimento","status":"publish","type":"page","link":"https:\/\/usism.azores.gov.pt\/wp\/?page_id=2877","title":{"rendered":"Diabetes em movimento"},"content":{"rendered":"<p><strong>Diabetes\u2026 em Movimento: a Import\u00e2ncia da pr\u00e1tica de atividade f\u00edsica para o controlo da Diabetes<\/strong><\/p>\n<p>&nbsp;<\/p>\n<p>O Dia Mundial da Diabetes, criado pela Organiza\u00e7\u00e3o Mundial de Sa\u00fade e pela Federa\u00e7\u00e3o Internacional da Diabetes e celebrado, anualmente, a 14 de Novembro, tem como objetivo aumentar a consciencializa\u00e7\u00e3o para \u00a0a Diabetes Mellitus, uma doen\u00e7a cr\u00f3nica que afeta cerca de 537 milh\u00f5es de pessoas no mundo.<sup>1<\/sup> A data foi escolhida em homenagem ao anivers\u00e1rio do m\u00e9dico Canadiano Frederick Banting, que, juntamente com Charles Best, em 1921, descobriu a insulina, hormona produzida pelo p\u00e2ncreas, uma descoberta crucial no tratamento da Diabetes.<sup>2<\/sup><\/p>\n<p>A Diabetes \u00e9 um dist\u00farbio metab\u00f3lico caracterizado pela persist\u00eancia de n\u00edveis elevados de glicose (vulgarmente denominada de a\u00e7\u00facar) no sangue, que ocorre quando o corpo n\u00e3o usa a adequadamente a insulina (resist\u00eancia \u00e0 insulina) ou n\u00e3o produz insulina suficiente para gerir, eficazmente, a quantidade de glicose dispon\u00edvel no sangue<sup>(<a href=\"#_ftn1\" name=\"_ftnref1\">[1]<\/a>)<\/sup>. Embora a glicose seja muito importante para assegurar a fun\u00e7\u00e3o celular de todos os \u00f3rg\u00e3os, manter n\u00edveis elevados de glicose no sangue (hiperglicemia), pode conduzir a complica\u00e7\u00f5es graves, como insufici\u00eancia renal, cegueira, doen\u00e7as cardiovasculares, entre outras<sup>3<\/sup>.<\/p>\n<p>Os tipos mais comuns de Diabetes, s\u00e3o a Diabetes Tipo 1, em que o organismo n\u00e3o produz insulina e por isso as pessoas dependem da administra\u00e7\u00e3o de insulina e a Diabetes Tipo 2, que resulta do uso n\u00e3o adequado ou produ\u00e7\u00e3o insuficiente de insulina pelo organismo, sendo que esta \u00faltima est\u00e1 geralmente associada a fatores como obesidade, sedentarismo e alimenta\u00e7\u00e3o inadequada.<sup>4<\/sup><\/p>\n<p>A Diabetes Tipo 2 \u00e9 o tipo mais comum de Diabetes no mundo. Segundo o IDF (International Diabetes Federation), 90% das pessoas que t\u00eam Diabetes no mundo, s\u00e3o do Tipo 2. Para uma gest\u00e3o eficaz da sua situa\u00e7\u00e3o de sa\u00fade\/doen\u00e7a as pessoas com Diabetes tipo 2 devem adotar uma alimenta\u00e7\u00e3o saud\u00e1vel, aumentar a pr\u00e1tica de atividade f\u00edsica, n\u00e3o fumar e manter um peso corporal saud\u00e1vel. Medicamentos orais, muitas vezes chamados de antidiab\u00e9ticos orais, e insulina tamb\u00e9m s\u00e3o frequentemente prescritos para ajudar a controlar os n\u00edveis de glicose no sangue.<sup>5<\/sup><\/p>\n<p>De acordo com a ADA (American Diabetes Association), o exerc\u00edcio ajuda a reduzir os valores de glicose no sangue (glicemia), chegando a proporcionar uma redu\u00e7\u00e3o de 10% da Hemoglobina glicada (HbA1c \u2013 par\u00e2metro usado para avaliar os valores m\u00e9dios da glicose no sangue). As mais recentes recomenda\u00e7\u00f5es, desta organiza\u00e7\u00e3o, s\u00e3o para que as pessoas com diabetes realizem 150 minutos por semana de atividade f\u00edsica moderada a intensa e que, duas a tr\u00eas vezes por semana, realizem treinos de exerc\u00edcios resistidos e de flexibilidade\/equil\u00edbrio.<sup>6<\/sup><\/p>\n<p>Para al\u00e9m de ajudar a melhorar o controlo da glicose no sangue, a pr\u00e1tica regular de exerc\u00edcio f\u00edsico permite tamb\u00e9m:<\/p>\n<ul>\n<li>Melhorar a press\u00e3o arterial, reduzindo o risco de doen\u00e7a cardiovascular e de outras complica\u00e7\u00f5es da diabetes;<\/li>\n<li>Reduzir o colesterol \u201cmau\u201d (colesterol LDL) e aumentar o colesterol \u00abbom\u00bb (colesterol HDL), reduzindo o risco de doen\u00e7as cardiovasculares;<\/li>\n<li>Reduzir ou manter um peso saud\u00e1vel;<\/li>\n<li>Aumentar a energia e ajuda a manter a flexibilidade;<\/li>\n<li>Melhorar a qualidade do sono e das articula\u00e7\u00f5es;<\/li>\n<li>Reduzir o stresse e melhorar o humor, ao libertar endorfinas (as chamadas hormonas da felicidade).<sup>7<\/sup><\/li>\n<\/ul>\n<p>Os estudos apontam ainda que as pessoas com diabetes tipo 2 que s\u00e3o acompanhadas durante o treino t\u00eam um melhor controlo dos n\u00edveis de glic\u00e9mia do que as que fazem treinos sem supervis\u00e3o.<sup>8<\/sup><\/p>\n<p>O <em>Diabetes em Movimento<\/em>\u00ae \u00e9 um programa comunit\u00e1rio de exerc\u00edcio f\u00edsico para pessoas com diabetes tipo 2, implementado em Portugal sob a coordena\u00e7\u00e3o da Dire\u00e7\u00e3o-Geral da Sa\u00fade, atrav\u00e9s do Programa Nacional para a Promo\u00e7\u00e3o da Atividade F\u00edsica e do Programa Nacional para a Diabetes. \u00c9 um programa multi-institucional, multidisciplinar e multicomponente que decorre em ciclos de nove meses (outubro a junho), realizando-se tr\u00eas sess\u00f5es semanais de exerc\u00edcio f\u00edsico (2\u00aas, 4\u00aas e 6\u00aas feiras), de 90 minutos de dura\u00e7\u00e3o. As sess\u00f5es s\u00e3o efetuadas em grupo (no m\u00e1ximo 30 participantes), num pavilh\u00e3o desportivo, e s\u00e3o conduzidas por profissionais de exerc\u00edcio f\u00edsico e enfermeiros.<sup>9<\/sup> O protocolo de exerc\u00edcio foi desenhado de acordo com as recomenda\u00e7\u00f5es internacionais de atividade f\u00edsica para o controlo da diabetes tipo 2, e para a preven\u00e7\u00e3o de quedas. Para al\u00e9m das sess\u00f5es de exerc\u00edcio f\u00edsico, o programa prev\u00ea uma componente de educa\u00e7\u00e3o para a sa\u00fade, promovendo a literacia em sa\u00fade dos seus participantes, por forma a permitir uma melhor gest\u00e3o da doen\u00e7a e preven\u00e7\u00e3o das suas complica\u00e7\u00f5es.<\/p>\n<p>Atualmente o Programa est\u00e1 implementado em 54 Munic\u00edpios, entre os quais, Ponta Delgada, numa parceria entre a C\u00e2mara Municipal de Ponta Delgada e a USISM (Unidade de Ilha de S\u00e3o Miguel), sob a al\u00e7ada da Dire\u00e7\u00e3o Regional de Sa\u00fade \u2013 Governo regional dos A\u00e7ores.<\/p>\n<p>As sess\u00f5es de exerc\u00edcio f\u00edsico integradas no Programa <em>Diabetes em Movimento<\/em>\u00ae, em Ponta Delgada, decorrem \u00e0s 2\u00aa, 4\u00aa e 6\u00aa das 10:00-11:30, no pavilh\u00e3o multiusos de S\u00e3o Sebasti\u00e3o. Neste momento, podem participar os utentes com Diabetes tipo 2, inscritos em m\u00e9dico de fam\u00edlia nas Unidades de Sa\u00fade de abrang\u00eancia de Livramento, Arrifes e sede da USISM, que re\u00fanam os crit\u00e9rios de elegibilidade propostos pelo programa. Para mais informa\u00e7\u00f5es, consulte o seu m\u00e9dico de fam\u00edlia ou dirija-se ao local das sess\u00f5es.<\/p>\n<hr \/>\n<p><strong>Refer\u00eancias Bibliogr\u00e1ficas:<\/strong><\/p>\n<p><sup>1<\/sup> International Diabetes Federation &#8211; <em>Diabetes facts and figure<\/em>. https:\/\/idf.org\/about-diabetes\/diabetes-facts-figures\/, acedido a 10\/12\/2024<\/p>\n<p><sup>2<\/sup> International Diabetes Federation\u00a0 &#8211; <em>About World Diabetes Day<\/em>. https:\/\/worlddiabetesday.org\/about-wdd\/, acedido a 10\/12\/2024.<\/p>\n<p><sup>3<\/sup> Dire\u00e7\u00e3o-Geral da Sa\u00fade \u2013 <em>Programa Nacional para a Diabetes: Perguntas e Respostas.<\/em> https:\/\/www.dgs.pt\/programa-nacional-para-a-diabetes\/perguntas-e-respostas.aspx, acedido a 10\/12\/2024<\/p>\n<p><sup>4<\/sup> Sociedade Portuguesa de Diabetologia \u2013 <em>Manual de Comunica\u00e7\u00e3o Eficaz na Diabetes<\/em>. Manual_Comunicacao_GED_SPD.pdf, acedido a 10\/12\/2024<\/p>\n<p><sup>5<\/sup> International Diabetes Federation \u2013 <em>About Diabetes<\/em>. https:\/\/idf.org\/about-diabetes\/what-is-diabetes\/, acedido a 10\/12\/2024.<\/p>\n<p><sup>6<\/sup> American Diabetes Association &#8211; Professional Practice Committee; <em>Facilitating Positive Health Behaviors and Well-being to Improve Health Outcomes: Standards of Care in Diabetes<\/em>\u20142024. Diabetes Care 1 January 2024; 47 (Supplement_1): S77\u2013S110. https:\/\/doi.org\/10.2337\/dc24-S005, acedido a 10\/12\/2024<\/p>\n<p><sup>7<\/sup> American Diabetes Association &#8211; <em>Regular exercise can help put you in control of your life<\/em>. https:\/\/diabetes.org\/health-wellness\/fitness, acedido a 10\/12\/2024.<\/p>\n<p><sup>8 <\/sup>Cuilin Zhang, Jiaxi Yang; <em>Personalizing Physical Activity for Glucose Control Among Individuals With Type 2 Diabetes: Are We There Yet?.<\/em> Diabetes Care 1 February 2024; 47 (2): 196\u2013198. https:\/\/doi.org\/10.2337\/dci23-0063, acedido a 10\/12\/2024<\/p>\n<p><sup>9<\/sup> Diabetes em Movimento &#8211; https:\/\/diabetesemmovimento.wordpress.com\/<\/p>\n<hr \/>\n<p><strong>Para saber mais:<\/strong><\/p>\n<p>Programa Diabetes em Movimento: https:\/\/pt-pt.facebook.com\/diabetesemmovimento<\/p>\n<p>Diabetes Mellitus \u2013 USISM: \u00a0<a href=\"https:\/\/usism.azores.gov.pt\/wp\/?page_id=967\">https:\/\/usism.azores.gov.pt\/wp\/?page_id=967<\/a><\/p>\n<p>International Diabetes Federation &#8211; <a href=\"https:\/\/idf.org\/\">https:\/\/idf.org\/<\/a><\/p>\n<p>Dire\u00e7\u00e3o Geral da Sa\u00fade &#8211; Programa Nacional para a Diabetes: <a href=\"https:\/\/www.sns.gov.pt\/institucional\/programas-de-saude-prioritarios\/programa-nacional-para-a-diabetes\/\">https:\/\/www.sns.gov.pt\/institucional\/programas-de-saude-prioritarios\/programa-nacional-para-a-diabetes\/<\/a><\/p>\n<p>Sociedade Portuguesa de Diabetologia &#8211; <a href=\"https:\/\/www.spd.pt\/#\/\">https:\/\/www.spd.pt\/#\/<\/a><\/p>\n<p><a href=\"#_ftnref1\" name=\"_ftn1\">[1]<\/a> Dire\u00e7\u00e3o-Geral da Sa\u00fade <em>\u2013 Programa Nacional para a Diabetes: Perguntas e Respostas. <\/em><a href=\"https:\/\/www.dgs.pt\/programa-nacional-para-a-diabetes\/perguntas-e-respostas.aspx\">https:\/\/www.dgs.pt\/programa-nacional-para-a-diabetes\/perguntas-e-respostas.aspx<\/a>, acedido a 10\/12\/2024<\/p>\n","protected":false},"excerpt":{"rendered":"<p>Diabetes\u2026 em Movimento: a Import\u00e2ncia da pr\u00e1tica de atividade f\u00edsica para o controlo da Diabetes &nbsp; O Dia Mundial da Diabetes, criado pela Organiza\u00e7\u00e3o Mundial de Sa\u00fade e pela Federa\u00e7\u00e3o Internacional da Diabetes e celebrado, anualmente, a 14 de Novembro, tem como objetivo aumentar a consciencializa\u00e7\u00e3o para \u00a0a Diabetes Mellitus, uma doen\u00e7a cr\u00f3nica que afeta [&hellip;]<\/p>\n","protected":false},"author":8,"featured_media":2878,"parent":971,"menu_order":0,"comment_status":"closed","ping_status":"closed","template":"","meta":{"footnotes":""},"class_list":["post-2877","page","type-page","status-publish","has-post-thumbnail","hentry"],"_links":{"self":[{"href":"https:\/\/usism.azores.gov.pt\/wp\/index.php?rest_route=\/wp\/v2\/pages\/2877","targetHints":{"allow":["GET"]}}],"collection":[{"href":"https:\/\/usism.azores.gov.pt\/wp\/index.php?rest_route=\/wp\/v2\/pages"}],"about":[{"href":"https:\/\/usism.azores.gov.pt\/wp\/index.php?rest_route=\/wp\/v2\/types\/page"}],"author":[{"embeddable":true,"href":"https:\/\/usism.azores.gov.pt\/wp\/index.php?rest_route=\/wp\/v2\/users\/8"}],"replies":[{"embeddable":true,"href":"https:\/\/usism.azores.gov.pt\/wp\/index.php?rest_route=%2Fwp%2Fv2%2Fcomments&post=2877"}],"version-history":[{"count":1,"href":"https:\/\/usism.azores.gov.pt\/wp\/index.php?rest_route=\/wp\/v2\/pages\/2877\/revisions"}],"predecessor-version":[{"id":2879,"href":"https:\/\/usism.azores.gov.pt\/wp\/index.php?rest_route=\/wp\/v2\/pages\/2877\/revisions\/2879"}],"up":[{"embeddable":true,"href":"https:\/\/usism.azores.gov.pt\/wp\/index.php?rest_route=\/wp\/v2\/pages\/971"}],"wp:featuredmedia":[{"embeddable":true,"href":"https:\/\/usism.azores.gov.pt\/wp\/index.php?rest_route=\/wp\/v2\/media\/2878"}],"wp:attachment":[{"href":"https:\/\/usism.azores.gov.pt\/wp\/index.php?rest_route=%2Fwp%2Fv2%2Fmedia&parent=2877"}],"curies":[{"name":"wp","href":"https:\/\/api.w.org\/{rel}","templated":true}]}}