{"id":2838,"date":"2024-10-10T09:00:42","date_gmt":"2024-10-10T10:00:42","guid":{"rendered":"https:\/\/usism.azores.gov.pt\/wp\/?page_id=2838"},"modified":"2024-10-10T09:00:42","modified_gmt":"2024-10-10T10:00:42","slug":"dia-mundial-da-saude-mental-10-de-outubro","status":"publish","type":"page","link":"https:\/\/usism.azores.gov.pt\/wp\/?page_id=2838","title":{"rendered":"Dia Mundial da Sa\u00fade Mental &#8211; 10 de outubro"},"content":{"rendered":"<p><strong>10 de outubro \u2013 Dia Mundial da Sa\u00fade Mental<\/strong><\/p>\n<p>&nbsp;<\/p>\n<p>O Dia Mundial da Sa\u00fade Mental, que se comemora a 10 de outubro, foi criado pela Federa\u00e7\u00e3o Mundial da Sa\u00fade Mental (World Federation for Mental Health), em 1992, com o objetivo de combater o preconceito, o estigma e promover o conhecimento sobre a sa\u00fade mental<a href=\"#_ftn1\" name=\"_ftnref1\">[1]<\/a>.<\/p>\n<p>O conceito de Sa\u00fade mental, de acordo com a Organiza\u00e7\u00e3o Mundial de Sa\u00fade (OMS), \u00a0refere-se a um estado de bem estar no qual um indiv\u00edduo reconhece as suas capacidades, consegue lidar com os problemas ou dificuldades do quotidiano, \u00e9 capaz de trabalhar de forma produtiva e \u00e9 capaz de contribuir para sua comunidade<a href=\"#_ftn2\" name=\"_ftnref2\">[2]<\/a>.<\/p>\n<p>Curiosamente, este ano, o lema escolhido para comemorar a efem\u00e9ride tem uma rela\u00e7\u00e3o direta com a capacidade laboral e o desempenho profissional: <strong><em>\u201c\u00c9 tempo de priorizar a Sa\u00fade Mental no Local de Trabalho\u201d<\/em><\/strong>. \u00a0O slogan escolhido real\u00e7a a import\u00e2ncia fulcral da sa\u00fade mental em ambientes profissionais, destacando a import\u00e2ncia de proteger e promover a sa\u00fade mental, de todos os funcion\u00e1rios, em ambientes profissionais<a href=\"#_ftn3\" name=\"_ftnref3\">[3]<\/a>.<\/p>\n<p>A OMS aproveita o mote estabelecido em para destacar a liga\u00e7\u00e3o vital entre sa\u00fade mental e trabalho, relembrando que ambientes de trabalho seguros e saud\u00e1veis \u200b\u200bpodem atuar como um fator de prote\u00e7\u00e3o para a sa\u00fade mental, fornecendo sentido de prop\u00f3sito e estabilidade. Por outro lado, trabalhar sob press\u00e3o di\u00e1ria, em m\u00e1s condi\u00e7\u00f5es de trabalho, com autonomia limitada, remunera\u00e7\u00e3o prec\u00e1ria,\u00a0 sob estigma, discrimina\u00e7\u00e3o e exposi\u00e7\u00e3o a riscos como ass\u00e9dio podem representar um risco significativo, afetando a sa\u00fade mental, a qualidade de vida geral e, consequentemente, a satisfa\u00e7\u00e3o, participa\u00e7\u00e3o e produtividade no trabalho<a href=\"#_ftn4\" name=\"_ftnref4\">[4]<\/a>.<\/p>\n<p>Se considerarmos que 60% da popula\u00e7\u00e3o mundial est\u00e1 empregada e que essa popula\u00e7\u00e3o passa mais tempo a trabalhar do que em qualquer outra atividade, durante as suas horas de vig\u00edlia, \u00e9 importante que o seu ambiente profissional represente um meio promotor da sua sa\u00fade mental<sup>3<\/sup>.<\/p>\n<p>Sabe-se, hoje, que os problemas de sa\u00fade mental, como depress\u00e3o e ansiedade, s\u00e3o comuns em locais de trabalho, reduzindo a produtividade e o desempenho geral dos trabalhadores e que, se n\u00e3o tratados, podem gerar um custo econ\u00f3mico anual mundial, de um trili\u00e3o de d\u00f3lares<sup>4<\/sup>. Estes custos t\u00eam um impacto direto no Estado, nas organiza\u00e7\u00f5es e nos indiv\u00edduos, mas podem ser evit\u00e1veis. Para al\u00e9m das medidas que governos e entidades empregadoras t\u00eam responsabilidade prim\u00e1ria de implementar e cumprir, para salvaguarda das condi\u00e7\u00f5es de trabalho ideais para os seus colaboradores, os pr\u00f3prios trabalhadores podem e devem desenvolver estrat\u00e9gias para Promo\u00e7\u00e3o da Sa\u00fade mental no seu contexto laboral.<\/p>\n<p>Aqui se prop\u00f5em algumas<a href=\"#_ftn5\" name=\"_ftnref5\">[5]<\/a>:<\/p>\n<p>&nbsp;<\/p>\n<ul>\n<li>Atenda ao seu estado de sa\u00fade mental e mantenha-se vigilante a mudan\u00e7as que possa notar: altera\u00e7\u00f5es de humor ou de sono, palpita\u00e7\u00f5es card\u00edacas, etc..;<\/li>\n<li>Aposte na qualidade do seu sono: dedique 7 a 9 horas, por dia, a dormir, evitando o uso de aparelhos eletr\u00f3nicos imediatamente antes de adormecer.<\/li>\n<li>Aprenda t\u00e9cnicas para gerir o stresse: pratique respira\u00e7\u00f5es lentas e profundas, medita\u00e7\u00e3o, alongamentos ou aplique t\u00e9cnicas de aten\u00e7\u00e3o plena, ao longo do dia;<\/li>\n<li>Pratique, pelo menos, 150 minutos por semana de exerc\u00edcio f\u00edsico de intensidade moderada (ou 75 a 150 minutos de atividade f\u00edsica vigorosa)<a href=\"#_ftn6\" name=\"_ftnref6\">[6]<\/a>: caminhada, ioga, treinos de resist\u00eancia e\/ou muscula\u00e7\u00e3o ou outros que se enquadrem nas suas maiores prefer\u00eancias;<\/li>\n<li>Partilhe, sempre que poss\u00edvel, bons momentos de conv\u00edvio com os seus colegas de trabalho;<\/li>\n<li>Se necess\u00e1rio, procure apoio de um amigo de confian\u00e7a, familiar, colega, supervisor ou profissional de sa\u00fade que o possa ajudar a superar as suas dificuldades.<\/li>\n<\/ul>\n<p>&nbsp;<\/p>\n<p><strong>Para mais informa\u00e7\u00f5es:<\/strong><\/p>\n<p>World Health Organization. (2022).\u00a0<em>WHO guidelines on mental health at work<\/em>. World Health Organization. Dispon\u00edvel para consulta em: https:\/\/iris.who.int\/bitstream\/handle\/10665\/363177\/9789240053052-eng.pdf?sequence=1<\/p>\n<hr \/>\n<p><a href=\"#_ftnref1\" name=\"_ftn1\">[1]<\/a> Servi\u00e7o Nacional de Sa\u00fade \u2013 <em>Dia Mundial da Sa\u00fade Mental<\/em> &#8211; <a href=\"https:\/\/www.sns.gov.pt\/noticias\/2022\/10\/10\/dia-mundial-da-saude-mental-10\/\">https:\/\/www.sns.gov.pt\/noticias\/2022\/10\/10\/dia-mundial-da-saude-mental-10\/<\/a>, acedido a 08\/10\/2024<\/p>\n<p><a href=\"#_ftnref2\" name=\"_ftn2\">[2]<\/a> World Health Organization \u2013 <em>Mental health &#8211; <\/em><a href=\"https:\/\/www.who.int\/news-room\/facts-in-pictures\/detail\/mental-health\"><em>https:\/\/www.who.int\/news-room\/facts-in-pictures\/detail\/mental-health<\/em><\/a><em>, acedido a 08\/10\/2024.<\/em><\/p>\n<p><a href=\"#_ftnref3\" name=\"_ftn3\">[3]<\/a> World Federation for Mental Health &#8211; <em>Campanha Global WFMH 2024<\/em> &#8211; <a href=\"https:\/\/wmhdofficial.com\/about-2024\/\">https:\/\/wmhdofficial.com\/about-2024\/<\/a>, acedido a 08\/10\/2024<\/p>\n<p><a href=\"#_ftnref4\" name=\"_ftn4\">[4]<\/a> World Health Organization \u2013 <em>Dia Mundial da Sa\u00fade Mental 2024<\/em> &#8211;\u00a0 <a href=\"https:\/\/www.who.int\/campaigns\/world-mental-health-day\/2024\">https:\/\/www.who.int\/campaigns\/world-mental-health-day\/2024<\/a>, acedido a 08\/10\/20204<\/p>\n<p><a href=\"#_ftnref5\" name=\"_ftn5\">[5]<\/a> World Health Organization. (2022).\u00a0<em>WHO guidelines on mental health at work.<\/em> World Health Organization. Dispon\u00edvel para consulta em: <a href=\"https:\/\/iris.who.int\/bitstream\/handle\/10665\/363177\/9789240053052-eng.pdf?sequence=1\">https:\/\/iris.who.int\/bitstream\/handle\/10665\/363177\/9789240053052-eng.pdf?sequence=1<\/a>, acedido a 08\/10\/2024<\/p>\n<p><a href=\"#_ftnref6\" name=\"_ftn6\">[6]<\/a> Organiza\u00e7\u00e3o Mundial de Sa\u00fade &#8211; <em>Diretrizes da OMS para atividade f\u00edsica e comportamento sedent\u00e1rio<\/em> &#8211; <a href=\"https:\/\/iris.who.int\/bitstream\/handle\/10665\/337001\/9789240014886-por.pdf\">https:\/\/iris.who.int\/bitstream\/handle\/10665\/337001\/9789240014886-por.pdf<\/a>, acedido a 08\/10\/2024<\/p>\n","protected":false},"excerpt":{"rendered":"<p>10 de outubro \u2013 Dia Mundial da Sa\u00fade Mental &nbsp; O Dia Mundial da Sa\u00fade Mental, que se comemora a 10 de outubro, foi criado pela Federa\u00e7\u00e3o Mundial da Sa\u00fade Mental (World Federation for Mental Health), em 1992, com o objetivo de combater o preconceito, o estigma e promover o conhecimento sobre a sa\u00fade mental[1]. [&hellip;]<\/p>\n","protected":false},"author":8,"featured_media":2841,"parent":971,"menu_order":0,"comment_status":"closed","ping_status":"closed","template":"","meta":{"footnotes":""},"class_list":["post-2838","page","type-page","status-publish","has-post-thumbnail","hentry"],"_links":{"self":[{"href":"https:\/\/usism.azores.gov.pt\/wp\/index.php?rest_route=\/wp\/v2\/pages\/2838","targetHints":{"allow":["GET"]}}],"collection":[{"href":"https:\/\/usism.azores.gov.pt\/wp\/index.php?rest_route=\/wp\/v2\/pages"}],"about":[{"href":"https:\/\/usism.azores.gov.pt\/wp\/index.php?rest_route=\/wp\/v2\/types\/page"}],"author":[{"embeddable":true,"href":"https:\/\/usism.azores.gov.pt\/wp\/index.php?rest_route=\/wp\/v2\/users\/8"}],"replies":[{"embeddable":true,"href":"https:\/\/usism.azores.gov.pt\/wp\/index.php?rest_route=%2Fwp%2Fv2%2Fcomments&post=2838"}],"version-history":[{"count":1,"href":"https:\/\/usism.azores.gov.pt\/wp\/index.php?rest_route=\/wp\/v2\/pages\/2838\/revisions"}],"predecessor-version":[{"id":2840,"href":"https:\/\/usism.azores.gov.pt\/wp\/index.php?rest_route=\/wp\/v2\/pages\/2838\/revisions\/2840"}],"up":[{"embeddable":true,"href":"https:\/\/usism.azores.gov.pt\/wp\/index.php?rest_route=\/wp\/v2\/pages\/971"}],"wp:featuredmedia":[{"embeddable":true,"href":"https:\/\/usism.azores.gov.pt\/wp\/index.php?rest_route=\/wp\/v2\/media\/2841"}],"wp:attachment":[{"href":"https:\/\/usism.azores.gov.pt\/wp\/index.php?rest_route=%2Fwp%2Fv2%2Fmedia&parent=2838"}],"curies":[{"name":"wp","href":"https:\/\/api.w.org\/{rel}","templated":true}]}}