{"id":2832,"date":"2024-10-04T14:22:14","date_gmt":"2024-10-04T15:22:14","guid":{"rendered":"https:\/\/usism.azores.gov.pt\/wp\/?page_id=2832"},"modified":"2024-10-04T14:44:28","modified_gmt":"2024-10-04T15:44:28","slug":"programa-nacional-de-vacinacao-vacinacao-sazonal-4-de-outubro","status":"publish","type":"page","link":"https:\/\/usism.azores.gov.pt\/wp\/?page_id=2832","title":{"rendered":"Programa Nacional de Vacina\u00e7\u00e3o \/ Vacina\u00e7\u00e3o Sazonal &#8211; 4 de outubro"},"content":{"rendered":"<p>4 de outubro \u2013 Anivers\u00e1rio do Programa Nacional de Vacina\u00e7\u00e3o<\/p>\n<p>&nbsp;<\/p>\n<p>A 4 de outubro comemoram-se, em Portugal, os 59 anos do Programa Nacional de Vacina\u00e7\u00e3o que, desde que foi implementado, em 1965, permitiu ao pa\u00eds grandes conquistas em sa\u00fade, entre as quais, a elimina\u00e7\u00e3o de doen\u00e7as como a poliomielite e o sarampo e o controlo de outras como o t\u00e9tano e a tosse convulsa.\u00a0Esta data comemora, tamb\u00e9m, o esfor\u00e7o dos v\u00e1rios profissionais de sa\u00fade que contribuem, diariamente, para este objetivo comum. Efetivamente, o programa nacional de vacina\u00e7\u00e3o, \u00e9 um pilar da sa\u00fade nacional contribuindo para a modifica\u00e7\u00e3o positiva da sa\u00fade da nossa popula\u00e7\u00e3o e para a melhoria das condi\u00e7\u00f5es de vida dos portugueses, atrav\u00e9s do processo de imuniza\u00e7\u00e3o<a href=\"#_ftn1\" name=\"_ftnref1\">[1]<\/a>.<\/p>\n<p><strong><em>\u00a0<\/em><\/strong><\/p>\n<p><strong><em>O que \u00e9 a imuniza\u00e7\u00e3o e como nos protege de doen\u00e7as?<\/em><\/strong><\/p>\n<p>A imuniza\u00e7\u00e3o \u00e9 o processo pelo qual uma pessoa se torna resistente a uma doen\u00e7a. Este pode acontecer de duas formas: ou atrav\u00e9s do contacto com a pr\u00f3pria doen\u00e7a, ou atrav\u00e9s da administra\u00e7\u00e3o de uma vacina. As vacinas estimulam o sistema imunit\u00e1rio do organismo a proteger a pessoa contra infe\u00e7\u00f5es, evitando o desenvolvimento de doen\u00e7a, incapacidade ou morte<a href=\"#_ftn2\" name=\"_ftnref2\">[2]<\/a>, representando uma forma mais segura de prevenir a pessoa de doen\u00e7a do que contraindo a da pr\u00f3pria doen\u00e7a, uma vez que o processo de imuniza\u00e7\u00e3o acontece sem causar adoecimento e sem colocar a pessoa em risco de sofrer as poss\u00edveis complica\u00e7\u00f5es de uma enfermidade.<a href=\"#_ftn3\" name=\"_ftnref3\">[3]<\/a><\/p>\n<p>A imuniza\u00e7\u00e3o favorece um processo de prote\u00e7\u00e3o individual e coletiva. A n\u00edvel individual, pretende-se que a pessoa vacinada fique imune \u00e0 doen\u00e7a ou, nos casos em que isso n\u00e3o \u00e9 poss\u00edvel, que a pessoa tenha uma forma mais ligeira da doen\u00e7a quando contactar com \u00a0o agente infecioso que a causa. A n\u00edvel coletivo, o prop\u00f3sito da vacina\u00e7\u00e3o \u00e9 atingir a imunidade de grupo<a href=\"#_ftn4\" name=\"_ftnref4\">[4]<\/a>.<\/p>\n<p><strong><em>O que \u00e9 a imunidade de grupo? <\/em><\/strong><\/p>\n<p>Se numa comunidade, atingirmos um \u00edndice elevado de imuniza\u00e7\u00e3o, o\u00a0 agente patog\u00e9nico tem dificuldade em circular, porque a maioria das pessoas que encontra, est\u00e1 imunizada<sup>2<\/sup>. Quanto mais pessoas forem vacinadas, menor a probabilidade de as pessoas que n\u00e3o podem ser protegidas pelas vacinas correrem o risco de ficarem expostas aos agentes patog\u00e9nicos perigosos. A isso chama-se imunidade de grupo<sup>4<\/sup>.<\/p>\n<p>&nbsp;<\/p>\n<p><strong>Que doen\u00e7as s\u00e3o prevenidas pelo Programa Nacional de Vacina\u00e7\u00e3o?<\/strong><\/p>\n<p>Atualmente, atrav\u00e9s do cumprimento no Programa Nacional de Vacina\u00e7\u00e3o, \u00e9 poss\u00edvel prevenir doen\u00e7as como o cancro do colo do \u00fatero, a poliomielite, o sarampo, a rub\u00e9ola, a parotidite, a difteria, o t\u00e9tano, a tosse convulsa, a hepatite B, as pneumonias bacterianas e a meningite bacteriana<sup>2<\/sup>.<\/p>\n<p>&nbsp;<\/p>\n<p><strong><em>Que extens\u00f5es existem ao Programa Nacional de Vacina\u00e7\u00e3o?<\/em><\/strong><\/p>\n<p>Em condi\u00e7\u00f5es espec\u00edficas e perante quadros de risco identificado para o desenvolvimento de doen\u00e7a, h\u00e1 indiv\u00edduos que podem, ainda, beneficiar de prote\u00e7\u00e3o diferenciada para doen\u00e7as como a tuberculose, doen\u00e7as diarreicas por rotav\u00edrus, pneumonia, Mpox ou, perante previs\u00e3o de estadia em pa\u00edses com risco identificado, poder\u00e3o estar recomendados planos vacinais, igualmente gratuitos, para preven\u00e7\u00e3o de doen\u00e7as como: febre amarela, doen\u00e7a meningoc\u00f3cica, encefalite japonesa ou febre tifoide. Neste caso e, para antecipa\u00e7\u00e3o da vacina\u00e7\u00e3o recomend\u00e1vel, deve agendar uma <strong>consulta do viajante<\/strong>, na Delega\u00e7\u00e3o de Sa\u00fade de Ponta Delgada, da USISM<a href=\"#_ftn5\" name=\"_ftnref5\">[5]<\/a>.<\/p>\n<p>Em situa\u00e7\u00f5es sazonais, nomeadamente, e a decorrer para o Outono-Inverno 2024-2025, est\u00e1 prevista e recomendada, para comunidades espec\u00edficas, a vacina\u00e7\u00e3o sazonal contra: o <strong>V\u00edrus Sincicial Respirat\u00f3rio em Idade pedi\u00e1trica<\/strong>, a <strong>Gripe<\/strong> e a <strong>COVID-19<a href=\"#_ftn6\" name=\"_ftnref6\">[6]<\/a><\/strong>.<\/p>\n<p>&nbsp;<\/p>\n<p>Para saber mais sobre a Vacina\u00e7\u00e3o Sazonal a decorrer na USISM consulte o artigo abaixo: <strong><em>\u201cVacina\u00e7\u00e3o Sazonal 2024-2025\u201d<\/em><\/strong>.<\/p>\n<p><a href=\"#_ftnref1\" name=\"_ftn1\">[1]<\/a> Servi\u00e7o Nacional de Sa\u00fade \u2013 <em>58 anos do Programa Nacional de Vacina\u00e7\u00e3o<\/em> &#8211; <a href=\"https:\/\/www.sns.gov.pt\/noticias\/2023\/10\/09\/58-anos-do-programa-nacional-de-vacinacao\/#:~:text=O%20Programa%20Nacional%20de%20Vacina%C3%A7%C3%A3o%20(PNV)\">https:\/\/www.sns.gov.pt\/noticias\/2023\/10\/09\/58-anos-do-programa-nacional-de-vacinacao\/#:~:text=O%20Programa%20Nacional%20de%20Vacina%C3%A7%C3%A3o%20(PNV)<\/a>, acedido a 01\/10\/2024.<\/p>\n<p><a href=\"#_ftnref2\" name=\"_ftn2\">[2]<\/a> Servi\u00e7o Nacional de Sa\u00fade \u2013 <em>Programa Nacional de Vacina\u00e7\u00e3o<\/em> &#8211; <a href=\"https:\/\/www.sns24.gov.pt\/tema\/vacinas\/programa-nacional-de-vacinacao\/1000\/#o-que-e-o-programa-nacional-de-vacinacao\">https:\/\/www.sns24.gov.pt\/tema\/vacinas\/programa-nacional-de-vacinacao\/1000\/#o-que-e-o-programa-nacional-de-vacinacao<\/a>, acedido a 01\/10\/2024.<\/p>\n<p><a href=\"#_ftnref3\" name=\"_ftn3\">[3]<\/a> Organiza\u00e7\u00e3o Mundial de Sa\u00fade \u2013 Imuniza\u00e7\u00e3o &#8211; <a href=\"https:\/\/www.paho.org\/pt\/topicos\/imunizacao#:~:text=A%20imuniza%C3%A7%C3%A3o%20%C3%A9%20o%20processo%20pelo%20qual%20uma\">https:\/\/www.paho.org\/pt\/topicos\/imunizacao#:~:text=A%20imuniza%C3%A7%C3%A3o%20%C3%A9%20o%20processo%20pelo%20qual%20uma<\/a>, acedido a 01\/10\/2024<\/p>\n<p><a href=\"#_ftnref4\" name=\"_ftn4\">[4]<\/a> Organiza\u00e7\u00e3o Mundial de Sa\u00fade \u2013 <em>Como funcionam as vacinas<\/em> &#8211; <a href=\"https:\/\/www.who.int\/pt\/news-room\/feature-stories\/detail\/how-do-vaccines-work\">https:\/\/www.who.int\/pt\/news-room\/feature-stories\/detail\/how-do-vaccines-work<\/a>, acedido a 01\/10\/2024.<\/p>\n<p><a href=\"#_ftnref5\" name=\"_ftn5\">[5]<\/a> USISM &#8211; <em>Consulta do Viajante<\/em> &#8211; <a href=\"https:\/\/usism.azores.gov.pt\/wp\/?page_id=2798#:~:text=Consulta%20do%20Viajante%20%E2%80%93%20para%20que%20serve\">https:\/\/usism.azores.gov.pt\/wp\/?page_id=2798#:~:text=Consulta%20do%20Viajante%20%E2%80%93%20para%20que%20serve<\/a>?, acedido a 01\/10\/2024<\/p>\n<p><a href=\"#_ftnref6\" name=\"_ftn6\">[6]<\/a> Dire\u00e7\u00e3o Regional da Sa\u00fade \u2013 <em>Circulares Normativas 2024<\/em> &#8211; <a href=\"https:\/\/portal.azores.gov.pt\/web\/drs\/circulares-normativas-2024\">https:\/\/portal.azores.gov.pt\/web\/drs\/circulares-normativas-2024<\/a>, acedido a 01\/10\/2024.<\/p>\n<p>&nbsp;<\/p>\n<hr \/>\n<p>&nbsp;<\/p>\n<p><strong>Vacina\u00e7\u00e3o Sazonal 2024-2025<\/strong><\/p>\n<p><strong>\u00a0<\/strong><\/p>\n<p>Encontram-se a decorrer, em simult\u00e2neo, tr\u00eas campanhas de Vacina\u00e7\u00e3o Sazonal para o Outono-Inverno 2024-2025: A imuniza\u00e7\u00e3o Sazonal contra o V\u00edrus Sincicial Respirat\u00f3rio em Idade Pedi\u00e1trica, a Vacina\u00e7\u00e3o Sazonal contra a Gripe e a Vacina\u00e7\u00e3o contra a COVID-19. Este artigo informativo tem como prop\u00f3sito esclarecer a popula\u00e7\u00e3o sobre o que as distingue, a quem se dedicam e como est\u00e3o a ser operacionalizadas estas campanhas de vacina\u00e7\u00e3o na USISM.<\/p>\n<p>&nbsp;<\/p>\n<p><strong><em>Imuniza\u00e7\u00e3o Sazonal contra o V\u00edrus Sincicial Respirat\u00f3rio em Idade Pedi\u00e1trica<\/em><\/strong><\/p>\n<p><strong><em>\u00a0<\/em><\/strong><\/p>\n<p>O V\u00edrus Sincicial Respirat\u00f3rio (VSR) \u00e9 uma causa comum de infe\u00e7\u00e3o em idade pedi\u00e1trica, em Portugal, sendo respons\u00e1vel por surtos epid\u00e9micos entre outubro e mar\u00e7o, situa\u00e7\u00e3o que causa, frequentemente, sobrecarga para os servi\u00e7os de sa\u00fade. A preven\u00e7\u00e3o desta situa\u00e7\u00e3o \u00e9 consolidada pela evid\u00eancia cient\u00edfica que recomenda vacina\u00e7\u00e3o para a sua evic\u00e7\u00e3o.<\/p>\n<p>\u00c9, pois, recomendada a preven\u00e7\u00e3o da doen\u00e7a das vias a\u00e9reas inferiores causada por VSR a: todos os rec\u00e9m-nascidos e lactentes nascidos entre 1 de agosto de 2024 e 31 de mar\u00e7o de 2025; todas as crian\u00e7as pr\u00e9-termo com idade gestacional inferior a 33 semanas + 6 dias, nascidas entre 1 de janeiro e 31 de julho de 2024, assim como todas as crian\u00e7as com outros fatores de risco acrescido para infe\u00e7\u00e3o grave por VSR que ainda n\u00e3o tenham completado 24 meses at\u00e9 30 de setembro de 2024 (por exemplo, as portadoras de cadiopatia hemodinamicamente significativa, hipertens\u00e3o pulmonar moderada a grave, displasia broncopulmonar moderada ou grave, doen\u00e7a neuromuscular com compromisso respirat\u00f3rio, fibrose qu\u00edstica, entre outras).<\/p>\n<p>Esta vacina\u00e7\u00e3o decorrer\u00e1, a partir de 1 de outubro, a todas as crian\u00e7as nascidas nas maternidades da regi\u00e3o, assim como, <strong>nos centros de sa\u00fade<\/strong>, \u00e0s crian\u00e7as que nasceram entre agosto e setembro de 2024 e a todas as crian\u00e7as de pr\u00e9-termo inferior a 33semanas + 6 dias, nascidas entre 1 de janeiro e 31 de julho de 2024.<\/p>\n<p>As situa\u00e7\u00f5es de patologia espec\u00edfica ser\u00e3o vacinadas em contexto hospitalar ou no centro de sa\u00fade, mediante apresenta\u00e7\u00e3o de declara\u00e7\u00e3o m\u00e9dica que comprove a inclus\u00e3o do da crian\u00e7a no grupo de risco respetivo.<\/p>\n<p><strong><em>\u00a0<\/em><\/strong><\/p>\n<p><strong><em>Vacina\u00e7\u00e3o antigripal<\/em><\/strong><\/p>\n<p>&nbsp;<\/p>\n<p>A vacina\u00e7\u00e3o antigripal protege a popula\u00e7\u00e3o da gripe, doen\u00e7a infeciosa, causada pelo v\u00edrus Influenza A e B, que afeta principalmente as vias respirat\u00f3rias e que ocorre, maioritariamente, no inverno, podendo causar sintomas como febre alta, dores musculares e das articula\u00e7\u00f5es, cefaleia (dor de cabe\u00e7a), congest\u00e3o nasal, dores de garganta, tosse, mal-estar geral e cansa\u00e7o<a href=\"#_ftn1\" name=\"_ftnref1\">[1]<\/a>.<\/p>\n<p>A vacina\u00e7\u00e3o antigripal \u00e9 recomendada a determinados grupos populacionais considerando a probabilidade aumentada para desenvolverem doen\u00e7a grave por debilidade intr\u00ednseca ou pelo risco acrescido de exposi\u00e7\u00e3o ao v\u00edrus da gripe. Para estas pessoas, a recupera\u00e7\u00e3o pode ser mais lenta e o risco de problemas e complica\u00e7\u00f5es \u00e9 maior<sup>2<\/sup>.<\/p>\n<p>Incluem-se neste grupo: pessoas com idade igual ou superior a 60 anos; residentes ou internados em lares ou institui\u00e7\u00f5es prestadoras de cuidados de sa\u00fade; doentes cr\u00f3nicos e imunodeprimidos (com 6 ou mais meses de idade); gr\u00e1vidas; profissionais de sa\u00fade; bombeiros com contacto direto com pessoas de alto risco de desenvolver complica\u00e7\u00f5es p\u00f3s-infe\u00e7\u00e3o gripal; profissionais de creches, infant\u00e1rios e equiparados; profissionais de estabelecimentos prisionais e prestadores de cuidados ou coabitantes de pessoas de alto risco que n\u00e3o possam ser vacinadas ou cuja idade n\u00e3o permita a vacina\u00e7\u00e3o (se menores de 6 meses e com elevado risco de desenvolver complica\u00e7\u00f5es). Se faz parte de um destes grupos, deve ser imunizado com a vacina antigripal. Salienta-se que, est\u00e1 recomendada, \u00e0s <strong>pessoas com idade superior a 85 anos<\/strong>, e ou residentes em estabelecimentos residenciais para pessoas idosas <strong>a vacina antigripal de dose elevada<\/strong>, <em>Efluelda<a href=\"#_ftn2\" name=\"_ftnref2\"><strong>[2]<\/strong><\/a><\/em>.<\/p>\n<p><strong><em>\u00a0<\/em><\/strong><\/p>\n<p><strong><em>Vacina\u00e7\u00e3o contra a COVID-19<\/em><\/strong><\/p>\n<p>&nbsp;<\/p>\n<p>A vacina\u00e7\u00e3o contra a COVID-19 protege a popula\u00e7\u00e3o da infe\u00e7\u00e3o provocada pelo v\u00edrus SARS-CoV-2, do grupo dos coronav\u00edrus, que se manifesta, maioritariamente, com sintomas de infe\u00e7\u00e3o respirat\u00f3ria aguda, como: febre, tosse, dores musculares, dificuldade respirat\u00f3ria ou falta de ar (dispneia), perda total do olfato (anosmia) ou parcial (hiposmia), aus\u00eancia do paladar (ageusia) ou perturba\u00e7\u00e3o do paladar (disgeusia), diarreia, n\u00e1useas\/v\u00f3mitos, dor de garganta, rinorreia e\/ou congest\u00e3o nasal ou fadiga<a href=\"#_ftn3\" name=\"_ftnref3\">[3]<\/a>.<\/p>\n<p>A vacina\u00e7\u00e3o contra a COVID-19 tem demonstrado efic\u00e1cia na preven\u00e7\u00e3o do surgimento da doen\u00e7a grave, hospitaliza\u00e7\u00e3o e morte por infe\u00e7\u00e3o<sup>4<\/sup>, sendo recomendada a determinados grupos populacionais como: Profissionais e residentes em Estruturas Residenciais para Pessoas Idosas, em Casas de Sa\u00fade e na Rede Regional de Cuidados Continuados Integrados, nos Estabelecimentos Prisionais, Centros de Atividades Ocupacionais e equiparados; Pessoas com \u2265 60 anos de idade; Pessoas com 5-59 anos com patologias de risco (Neoplasia maligna ativa, transplantado, portador de imunodefici\u00eancias prim\u00e1rias, com infe\u00e7\u00e3o por VIH, Diabetes, Obesidade, entre outras),\u00a0 gr\u00e1vidas; profissionais dos servi\u00e7os de sa\u00fade, estudantes em est\u00e1gio cl\u00ednico, bombeiros<\/p>\n<p>envolvidos no transporte de doentes; prestadores de cuidados a pessoas dependentes e profissionais de distribui\u00e7\u00e3o farmac\u00eautica<a href=\"#_ftn4\" name=\"_ftnref4\">[4]<\/a>.<\/p>\n<p>Ap\u00f3s a imuniza\u00e7\u00e3o prim\u00e1ria, que se aplica em esquema espec\u00edfico consoante a idade, os crit\u00e9rios de elegibilidade e as especificidades de cada vacina,\u00a0 prev\u00ea-se um <strong>esquema de refor\u00e7o<\/strong> perante condi\u00e7\u00e3o de recupera\u00e7\u00e3o de COVID-19 ou condi\u00e7\u00f5es de imunossupress\u00e3o ativas. Anualmente, e em \u00e9poca vacinal definida, est\u00e1 aconselhada a administra\u00e7\u00e3o de uma dose de refor\u00e7o sazonal para a popula\u00e7\u00e3o identificada como eleg\u00edvel<sup>5<\/sup>.<\/p>\n<p><strong>Se re\u00fane crit\u00e9rio(s) para beneficiar da prote\u00e7\u00e3o conferida pela vacina\u00e7\u00e3o sazonal, pelo seu bem, n\u00e3o hesite, Vacine-se! Na sede da USISM, em regime de \u201ccasa aberta\u201d, das 9h00 \u00e0s 15h00 at\u00e9 100 utentes\/dia e, noutros Centros ou Unidades de Sa\u00fade, consoante agendamento pr\u00e9vio. Informe-se junto da sua Unidade de Sa\u00fade.<\/strong><\/p>\n<p><strong>Crit\u00e9rios Vacina Gripe:<\/strong><\/p>\n<ul>\n<li>pessoas com idade\u00a0<strong>igual ou superior a 60 anos<\/strong><\/li>\n<li>gr\u00e1vidas<\/li>\n<li>pessoas, com\u00a0<strong>mais de<\/strong>\u00a0<strong>6 meses de idade<\/strong>:\n<ul>\n<li>nos seguintes contextos:\n<ul>\n<li>residentes em institui\u00e7\u00f5es, incluindo Estruturas Residenciais para Pessoas Idosas, Lares de Apoio, Lares Residenciais e Centros de Acolhimento Tempor\u00e1rio<\/li>\n<li>utentes de Servi\u00e7o de Apoio Domicili\u00e1rio<\/li>\n<li>doentes na Rede Nacional de Cuidados Continuados Integrados<\/li>\n<li>pessoas apoiadas no domic\u00edlio pelos Servi\u00e7os de Apoio Domicili\u00e1rio, com acordo de coopera\u00e7\u00e3o com a Seguran\u00e7a Social ou Miseric\u00f3rdias Portuguesas<\/li>\n<li>doentes apoiados no domic\u00edlio pelas equipas de enfermagem das unidades funcionais prestadoras de cuidados de sa\u00fade ou com apoio domicili\u00e1rio dos hospitais do SNS<\/li>\n<li>doentes internados em unidades de sa\u00fade do Servi\u00e7o Nacional de Sa\u00fade, que apresentem patologias cr\u00f3nicas e condi\u00e7\u00f5es para as quais se recomenda a vacina<\/li>\n<li>reclusos nos estabelecimentos prisionais<\/li>\n<li>profissionais dos estabelecimentos atr\u00e1s referidos<\/li>\n<\/ul>\n<\/li>\n<li>com as seguintes patologias cr\u00f3nicas ou condi\u00e7\u00f5es:\n<ul>\n<li>doen\u00e7a cardiovascular: insufici\u00eancia card\u00edaca, miocardiopatia, hipertens\u00e3o pulmonar, doen\u00e7a coron\u00e1ria sintom\u00e1tica, enfarte agudo do mioc\u00e1rdio, cardiopatia cong\u00e9nita hemodin\u00e2micamente significativa<\/li>\n<li>insufici\u00eancia renal: terap\u00eautica de substitui\u00e7\u00e3o renal cr\u00f3nica (di\u00e1lise), insufici\u00eancia renal estadio III e IV<\/li>\n<li>doen\u00e7a pulmonar cr\u00f3nica: Doen\u00e7a pulmonar obstrutiva cr\u00f3nica (DPOC), displasia bronco-pulmonar moderada a grave, doen\u00e7a respirat\u00f3ria cr\u00f3nica sob oxigenoterapia de longa dura\u00e7\u00e3o (OLD) ou ventiloterapia, fibrose qu\u00edstica, d\u00e9fice de alfa-1 antitripsina sob terap\u00eautica de substitui\u00e7\u00e3o, patologia do interst\u00edcio pulmonar sob terap\u00eautica imunosupressora, bronquiectasias<\/li>\n<li>doen\u00e7a neuromuscular com comprometimento da fun\u00e7\u00e3o respirat\u00f3ria, da elimina\u00e7\u00e3o de secre\u00e7\u00f5es ou com risco aumentado de aspira\u00e7\u00e3o de secre\u00e7\u00f5es<\/li>\n<li>diabetes<\/li>\n<li>trissomia 21<\/li>\n<li>pessoas submetidas a transplante de c\u00e9lulas precursoras hematopoi\u00e9ticas ou de \u00f3rg\u00e3os s\u00f3lidos<\/li>\n<li>pessoas a aguardar transplante de c\u00e9lulas precursoras hematopoi\u00e9ticas ou de \u00f3rg\u00e3os s\u00f3lidos<\/li>\n<li>imunodepress\u00e3o: prim\u00e1ria; secund\u00e1ria a doen\u00e7a; secund\u00e1ria a terap\u00eautica<\/li>\n<\/ul>\n<\/li>\n<li>sa\u00fade ocupacional:\n<ul>\n<li>profissionais do Servi\u00e7o Nacional de Sa\u00fade (SNS), incluindo estudantes em est\u00e1gios cl\u00ednicos<\/li>\n<li>bombeiros com contacto direto com pessoas consideradas com alto risco de desenvolver complica\u00e7\u00f5es p\u00f3s-infe\u00e7\u00e3o gripal<\/li>\n<li>profissionais dos Estabelecimentos Prisionais<\/li>\n<li>profissionais de distribui\u00e7\u00e3o farmac\u00eautica<\/li>\n<\/ul>\n<\/li>\n<\/ul>\n<\/li>\n<\/ul>\n<p><strong>Crit\u00e9rios Vacina COVID-19:<\/strong><\/p>\n<ul>\n<li>profissionais e utentes\/residentes em Estruturas Residenciais para Pessoas Idosas (ERPI) e institui\u00e7\u00f5es similares; Rede Nacional de Cuidados Continuados Integrados (RNCCI) e estabelecimentos prisionais<\/li>\n<li>pessoas com\u00a0<strong>\u226560 anos\u00a0<\/strong>de idade<\/li>\n<li>pessoas com\u00a0<strong>5-59 anos<\/strong>\u00a0de idade com\u00a0<strong>patologias de risco<\/strong><\/li>\n<li>pessoas com\u00a0<strong>6 meses-4 anos<\/strong>\u00a0de idade com condi\u00e7\u00f5es de\u00a0<strong>imunossupress\u00e3o grave e moderada<\/strong><\/li>\n<li>gr\u00e1vidas<\/li>\n<li>profissionais dos servi\u00e7os de sa\u00fade (p\u00fablicos e privados) e de outros servi\u00e7os prestadores de cuidados de sa\u00fade, estudantes em est\u00e1gio cl\u00ednico, bombeiros envolvidos no transporte de doentes, prestadores de cuidados a pessoas dependentes e profissionais de distribui\u00e7\u00e3o farmac\u00eautica<\/li>\n<\/ul>\n<p><a href=\"#_ftnref1\" name=\"_ftn1\">[1]<\/a> Servi\u00e7o Nacional de Sa\u00fade \u2013 <em>Doen\u00e7as infeciosas: Gripe &#8211; <\/em><a href=\"https:\/\/www.sns24.gov.pt\/tema\/doencas-infecciosas\/gripe\/#o-que-e-a-gripe\">https:\/\/www.sns24.gov.pt\/tema\/doencas-infecciosas\/gripe\/#o-que-e-a-gripe<\/a>, acedido a 01\/10\/2024.<\/p>\n<p><a href=\"#_ftnref2\" name=\"_ftn2\">[2]<\/a> Dire\u00e7\u00e3o Regional da Sa\u00fade &#8211; <em>Circular Normativa n.\u00ba DRS-CNORM\/2024\/10 &#8211; Campanha de Vacina\u00e7\u00e3o Sazonal contra a Gripe: Outono-Inverno 2024-2025<\/em> &#8211; https:\/\/portal.azores.gov.pt\/documents\/37408\/13514427\/CNORM_10_2024-09_18.pdf\/8e5f57fa-619d-1e6c-95fb-4b53489ebc8e?t=1726736116977, acedido a 01\/10\/2024.<\/p>\n<p><a href=\"#_ftnref3\" name=\"_ftn3\">[3]<\/a> Servi\u00e7o Nacional de Sa\u00fade \u2013 COVID-19 &#8211; <a href=\"https:\/\/www.sns24.gov.pt\/tema\/doencas-infecciosas\/covid-19\/#o-que-e-a-covid-19\">https:\/\/www.sns24.gov.pt\/tema\/doencas-infecciosas\/covid-19\/#o-que-e-a-covid-19<\/a>, acedido a 01\/10\/2024<\/p>\n<p><a href=\"#_ftnref4\" name=\"_ftn4\">[4]<\/a> Dire\u00e7\u00e3o Regional da Sa\u00fade &#8211; <em>Circular Normativa n.\u00ba DRS-CNORM\/2024\/ &#8211; Estrat\u00e9gia Regional de Vacina\u00e7\u00e3o contra a COVID-19 da Regi\u00e3o Aut\u00f3noma dos A\u00e7ores<\/em>, <a href=\"https:\/\/portal.azores.gov.pt\/documents\/37408\/13514427\/CNORM_09_2024-09-17.pdf\/bc0afabd-47a5-66b4-1323-1d3c5a7b00fe?t=1726654852865\">https:\/\/portal.azores.gov.pt\/documents\/37408\/13514427\/CNORM_09_2024-09-17.pdf\/bc0afabd-47a5-66b4-1323-1d3c5a7b00fe?t=1726654852865<\/a>, acedido a 01\/10\/2024.<\/p>\n","protected":false},"excerpt":{"rendered":"<p>4 de outubro \u2013 Anivers\u00e1rio do Programa Nacional de Vacina\u00e7\u00e3o &nbsp; A 4 de outubro comemoram-se, em Portugal, os 59 anos do Programa Nacional de Vacina\u00e7\u00e3o que, desde que foi implementado, em 1965, permitiu ao pa\u00eds grandes conquistas em sa\u00fade, entre as quais, a elimina\u00e7\u00e3o de doen\u00e7as como a poliomielite e o sarampo e o [&hellip;]<\/p>\n","protected":false},"author":8,"featured_media":2833,"parent":971,"menu_order":0,"comment_status":"closed","ping_status":"closed","template":"","meta":{"footnotes":""},"class_list":["post-2832","page","type-page","status-publish","has-post-thumbnail","hentry"],"_links":{"self":[{"href":"https:\/\/usism.azores.gov.pt\/wp\/index.php?rest_route=\/wp\/v2\/pages\/2832","targetHints":{"allow":["GET"]}}],"collection":[{"href":"https:\/\/usism.azores.gov.pt\/wp\/index.php?rest_route=\/wp\/v2\/pages"}],"about":[{"href":"https:\/\/usism.azores.gov.pt\/wp\/index.php?rest_route=\/wp\/v2\/types\/page"}],"author":[{"embeddable":true,"href":"https:\/\/usism.azores.gov.pt\/wp\/index.php?rest_route=\/wp\/v2\/users\/8"}],"replies":[{"embeddable":true,"href":"https:\/\/usism.azores.gov.pt\/wp\/index.php?rest_route=%2Fwp%2Fv2%2Fcomments&post=2832"}],"version-history":[{"count":3,"href":"https:\/\/usism.azores.gov.pt\/wp\/index.php?rest_route=\/wp\/v2\/pages\/2832\/revisions"}],"predecessor-version":[{"id":2837,"href":"https:\/\/usism.azores.gov.pt\/wp\/index.php?rest_route=\/wp\/v2\/pages\/2832\/revisions\/2837"}],"up":[{"embeddable":true,"href":"https:\/\/usism.azores.gov.pt\/wp\/index.php?rest_route=\/wp\/v2\/pages\/971"}],"wp:featuredmedia":[{"embeddable":true,"href":"https:\/\/usism.azores.gov.pt\/wp\/index.php?rest_route=\/wp\/v2\/media\/2833"}],"wp:attachment":[{"href":"https:\/\/usism.azores.gov.pt\/wp\/index.php?rest_route=%2Fwp%2Fv2%2Fmedia&parent=2832"}],"curies":[{"name":"wp","href":"https:\/\/api.w.org\/{rel}","templated":true}]}}