{"id":2798,"date":"2024-07-18T14:34:40","date_gmt":"2024-07-18T15:34:40","guid":{"rendered":"https:\/\/usism.azores.gov.pt\/wp\/?page_id=2798"},"modified":"2024-07-18T14:39:00","modified_gmt":"2024-07-18T15:39:00","slug":"consulta-do-viajante","status":"publish","type":"page","link":"https:\/\/usism.azores.gov.pt\/wp\/?page_id=2798","title":{"rendered":"Consulta do Viajante"},"content":{"rendered":"<p><strong>Consulta do Viajante &#8211; para que serve?<\/strong><\/p>\n<ul>\n<li style=\"list-style-type: none;\">\n<ul>\n<li>Tendo em considera\u00e7\u00e3o o viajante e o destino da viagem, serve para obter informa\u00e7\u00e3o sobre medidas preventivas a adotar antes, durante e depois de uma viagem, onde se inclui:\n<ul>\n<li>vacina\u00e7\u00e3o ou toma preventiva\u00a0de medica\u00e7\u00e3o contra m\u00faltiplas doen\u00e7as, que em Portugal s\u00e3o inexistentes ou s\u00e3o de baixo risco;<\/li>\n<li>informa\u00e7\u00e3o sobre cuidados a ter na ingest\u00e3o de \u00e1gua, outras bebidas e de alimentos;<\/li>\n<li>preven\u00e7\u00e3o das doen\u00e7as provocadas por vetores (ex. mosquitos, carra\u00e7as, entre outros);<\/li>\n<li>o aconselhamento e prescri\u00e7\u00e3o da farm\u00e1cia do viajante;<\/li>\n<li>informa\u00e7\u00f5es sobre assist\u00eancia m\u00e9dica, riscos de acidentes e seguran\u00e7a ou outros.<\/li>\n<\/ul>\n<\/li>\n<\/ul>\n<\/li>\n<\/ul>\n<p>&nbsp;<\/p>\n<p><strong>A quem se destina a Consulta do Viajante?<\/strong><\/p>\n<ul>\n<li style=\"list-style-type: none;\">\n<ul>\n<li>A todos os viajantes, em particular para gr\u00e1vidas, crian\u00e7as, idosos, indiv\u00edduos imunocomprometidos ou com outras doen\u00e7as cr\u00f3nicas.<\/li>\n<\/ul>\n<\/li>\n<\/ul>\n<p>&nbsp;<\/p>\n<p><strong>Onde se realiza a Consulta do Viajante na ilha de S\u00e3o Miguel?<\/strong><\/p>\n<ul>\n<li style=\"list-style-type: none;\">\n<ul>\n<li>No Centro de Vacina\u00e7\u00e3o Internacional n.\u00ba 1, com localiza\u00e7\u00e3o f\u00edsica nas instala\u00e7\u00f5es da Unidade de Sa\u00fade P\u00fablica\/Delega\u00e7\u00e3o de Sa\u00fade de Ponta Delgada, situado na Rua Nova do Visconde, N. \u00ba102, R\/C, 9500-337 S\u00e3o Pedro, Ponta Delgada.<\/li>\n<\/ul>\n<\/li>\n<\/ul>\n<p>&nbsp;<\/p>\n<p><strong>Quando marcar?<\/strong><\/p>\n<ul>\n<li>A CV deve ser agendada com m\u00e1xima brevidade poss\u00edvel e, de prefer\u00eancia, ser realizada 1 a 2 meses antes da viagem.<\/li>\n<\/ul>\n<p>&nbsp;<\/p>\n<p><strong>Como proceder para marcar uma Consulta do Viajante?<\/strong><\/p>\n<ul>\n<li style=\"list-style-type: none;\">\n<ul>\n<li>Atrav\u00e9s do contato telef\u00f3nico da Delega\u00e7\u00e3o de Sa\u00fade de Ponta Delgada: 296 249 250<\/li>\n<li>Atrav\u00e9s do endere\u00e7o de E-Mail: usismiguel.consultaviajante@azores.gov.pt<\/li>\n<li>Presencialmente\u00a0no local.<\/li>\n<\/ul>\n<\/li>\n<\/ul>\n<p>&nbsp;<\/p>\n<p><strong>NOTA<\/strong>:\u00a0No ato de pedido de agendamento deve ter informa\u00e7\u00e3o de destino e data prevista da viagem.<\/p>\n<p>&nbsp;<\/p>\n<p><strong>Qual o hor\u00e1rio de funcionamento?<\/strong><\/p>\n<ul>\n<li style=\"list-style-type: none;\">\n<ul>\n<li>Consultas M\u00e9dicas: s\u00e3o asseguradas por 3 m\u00e9dicos, nos seguintes per\u00edodos semanais de agendamento:\n<ul>\n<li>Ter\u00e7a-feira, das 09h00 \u00e0s 12h00 e das 13h30 \u00e0s 14h30;<\/li>\n<li>Sexta-feira, das 09h00 \u00e0s 12h00 e das 13h00 \u00e0s 14h30.<\/li>\n<\/ul>\n<\/li>\n<li>Consultas de Enfermagem: ser\u00e3o asseguradas pela Equipa de Enfermagem da USP, nos seguintes per\u00edodos semanais de agendamento:\n<ul>\n<li>Ter\u00e7a-feira e Sexta-feira, das 08h45 \u00e0s 12h00 e das 13h00 \u00e0s 14h00.<\/li>\n<\/ul>\n<\/li>\n<\/ul>\n<\/li>\n<\/ul>\n<p>&nbsp;<\/p>\n<p><strong>Que tipo de documentos s\u00e3o necess\u00e1rios levar para a Consulta do Viajante?<\/strong><\/p>\n<ul>\n<li style=\"list-style-type: none;\">\n<ul>\n<li>documento de identifica\u00e7\u00e3o;<\/li>\n<li>documento com n\u00famero de utente do Servi\u00e7o Nacional de Sa\u00fade;<\/li>\n<li>boletim individual de sa\u00fade\/vacinas;<\/li>\n<li>certificado internacional de vacina\u00e7\u00e3o (se j\u00e1 o tiver);<\/li>\n<li>Informa\u00e7\u00e3o sobre as suas doen\u00e7as cr\u00f3nicas e medica\u00e7\u00e3o habitual.<\/li>\n<\/ul>\n<\/li>\n<\/ul>\n","protected":false},"excerpt":{"rendered":"<p>Consulta do Viajante &#8211; para que serve? Tendo em considera\u00e7\u00e3o o viajante e o destino da viagem, serve para obter informa\u00e7\u00e3o sobre medidas preventivas a adotar antes, durante e depois de uma viagem, onde se inclui: vacina\u00e7\u00e3o ou toma preventiva\u00a0de medica\u00e7\u00e3o contra m\u00faltiplas doen\u00e7as, que em Portugal s\u00e3o inexistentes ou s\u00e3o de baixo risco; informa\u00e7\u00e3o [&hellip;]<\/p>\n","protected":false},"author":8,"featured_media":0,"parent":557,"menu_order":0,"comment_status":"closed","ping_status":"closed","template":"","meta":{"footnotes":""},"class_list":["post-2798","page","type-page","status-publish","hentry"],"_links":{"self":[{"href":"https:\/\/usism.azores.gov.pt\/wp\/index.php?rest_route=\/wp\/v2\/pages\/2798","targetHints":{"allow":["GET"]}}],"collection":[{"href":"https:\/\/usism.azores.gov.pt\/wp\/index.php?rest_route=\/wp\/v2\/pages"}],"about":[{"href":"https:\/\/usism.azores.gov.pt\/wp\/index.php?rest_route=\/wp\/v2\/types\/page"}],"author":[{"embeddable":true,"href":"https:\/\/usism.azores.gov.pt\/wp\/index.php?rest_route=\/wp\/v2\/users\/8"}],"replies":[{"embeddable":true,"href":"https:\/\/usism.azores.gov.pt\/wp\/index.php?rest_route=%2Fwp%2Fv2%2Fcomments&post=2798"}],"version-history":[{"count":2,"href":"https:\/\/usism.azores.gov.pt\/wp\/index.php?rest_route=\/wp\/v2\/pages\/2798\/revisions"}],"predecessor-version":[{"id":2802,"href":"https:\/\/usism.azores.gov.pt\/wp\/index.php?rest_route=\/wp\/v2\/pages\/2798\/revisions\/2802"}],"up":[{"embeddable":true,"href":"https:\/\/usism.azores.gov.pt\/wp\/index.php?rest_route=\/wp\/v2\/pages\/557"}],"wp:attachment":[{"href":"https:\/\/usism.azores.gov.pt\/wp\/index.php?rest_route=%2Fwp%2Fv2%2Fmedia&parent=2798"}],"curies":[{"name":"wp","href":"https:\/\/api.w.org\/{rel}","templated":true}]}}