{"id":2759,"date":"2024-05-27T12:45:01","date_gmt":"2024-05-27T13:45:01","guid":{"rendered":"https:\/\/usism.azores.gov.pt\/wp\/?page_id=2759"},"modified":"2025-05-06T09:14:14","modified_gmt":"2025-05-06T10:14:14","slug":"acesso-a-documentos-administrativos-lada","status":"publish","type":"page","link":"https:\/\/usism.azores.gov.pt\/wp\/?page_id=2759","title":{"rendered":"Acesso aos Documentos Administrativos (LADA)"},"content":{"rendered":"<p>A Lei n.\u00ba 26\/2016, de 22 de agosto, e respetivas vers\u00f5es de atualiza\u00e7\u00e3o, que aprova o regime de acesso \u00e0 informa\u00e7\u00e3o administrativa e ambiental e de reutiliza\u00e7\u00e3o dos documentos administrativos, refere no seu art.\u00ba 9.\u00ba que &#8220;cada \u00f3rg\u00e3o ou entidade (&#8230;) deve designar um respons\u00e1vel pelo cumprimento das disposi\u00e7\u00f5es da presente lei, a quem compete nomeadamente organizar e promover as obriga\u00e7\u00f5es de divulga\u00e7\u00e3o ativa de informa\u00e7\u00e3o a que est\u00e1 vinculado o \u00f3rg\u00e3o ou a entidade, acompanhar a tramita\u00e7\u00e3o dos pedidos de acesso e reutiliza\u00e7\u00e3o e estabelecer a articula\u00e7\u00e3o necess\u00e1ria ao exerc\u00edcio das compet\u00eancias da Comiss\u00e3o de Acesso aos Documentos Administrativos (&#8230;)&#8221;.<br \/>\nNestes termos foi designado, por delibera\u00e7\u00e3o do Conselho de Administra\u00e7\u00e3o de 30-11-2023, como Respons\u00e1vel pelo Acesso \u00e0 Informa\u00e7\u00e3o (RAI) da Comiss\u00e3o de Acesso aos Documentos Administrativos (CADA), na Unidade de sa\u00fade de Ilha de S\u00e3o Miguel (USISM), o Vogal N\u00e3o Executivo do Conselho de Administra\u00e7\u00e3o, Virg\u00edlio Fernando Ferreira Vieira.<\/p>\n<h4>Custos da reprodu\u00e7\u00e3o de documentos na USISM<\/h4>\n<p>A forma de acesso aos documentos administrativos exerce-se atrav\u00e9s dos meios previstos no n.\u00ba 1 do art.\u00ba 13.\u00ba da Lei de Acesso aos Documentos Administrativos (LADA). Estes ser\u00e3o fornecidos pela USISM, a t\u00edtulo gratuito.<\/p>\n<h4>Pedido de acesso a documentos administrativos<\/h4>\n<div class=\"x_elementToProof\" style=\"font-size: 15px; font-family: Segoe UI, Segoe UI Web (West European), -apple-system, BlinkMacSystemFont, Roboto, Helvetica Neue, sans-serif; vertical-align: baseline; white-space: normal; word-spacing: 0px; text-transform: none; font-weight: 400; color: #242424; font-style: normal; orphans: 2; widows: 2; margin: 0px; letter-spacing: normal; background-color: #ffffff; font-variant-ligatures: normal; font-variant-caps: normal; font-variant-numeric: inherit; font-variant-east-asian: inherit; font-variant-alternates: inherit; font-variant-position: inherit; font-variant-emoji: inherit; font-stretch: inherit; font-optical-sizing: inherit; font-size-adjust: inherit; font-kerning: inherit; font-feature-settings: inherit; font-variation-settings: inherit; -webkit-text-stroke-width: 0px; text-decoration-thickness: initial; text-decoration-style: initial; text-decoration-color: initial; border: 0px; padding: 0px;\"><span style=\"font-size: 12pt;\">O requerente deve preencher o\u00a0<a href=\"https:\/\/usism.azores.gov.pt\/wp\/?wpfb_dl=106\" target=\"_blank\" rel=\"noopener\"><i>Requerimento de Acesso a Documentos Administrativos<\/i><\/a>, ou outro documento, desde que conste os seguintes elementos:<\/span><\/div>\n<ul>\n<li>Nome Completo;<\/li>\n<li>N\u00famero de Identifica\u00e7\u00e3o Fiscal;<\/li>\n<li>Resid\u00eancia;<\/li>\n<li>N\u00famero de Telefone\/Telem\u00f3vel;<\/li>\n<li>E-mail;<\/li>\n<li>Descri\u00e7\u00e3o do Pedido (documento solicitado);<\/li>\n<li>Motivo (que justifica o pedido);<\/li>\n<li>Forma de Acesso Pretendida: \u201cc\u00f3pia digital enviada por e-mail\u201d, \u201cfotoc\u00f3pia em papel\u201d ou \u201ccertid\u00e3o\u201d;<\/li>\n<li>Reutiliza\u00e7\u00e3o do documento: \u201csim\u201d ou \u201cn\u00e3o\u201d;<\/li>\n<li>Assinatura.<\/li>\n<\/ul>\n<div class=\"x_elementToProof\" style=\"font-size: 12pt; font-family: Aptos, Aptos_EmbeddedFont, Aptos_MSFontService, Calibri, Helvetica, sans-serif; vertical-align: baseline; white-space: normal; word-spacing: 0px; text-transform: none; font-weight: 400; color: #242424; font-style: normal; orphans: 2; widows: 2; margin: 0px; letter-spacing: normal; background-color: #ffffff; font-variant-ligatures: normal; font-variant-caps: normal; font-variant-numeric: inherit; font-variant-east-asian: inherit; font-variant-alternates: inherit; font-variant-position: inherit; font-variant-emoji: inherit; font-stretch: inherit; font-optical-sizing: inherit; font-size-adjust: inherit; font-kerning: inherit; font-feature-settings: inherit; font-variation-settings: inherit; -webkit-text-stroke-width: 0px; text-decoration-thickness: initial; text-decoration-style: initial; text-decoration-color: initial; border: 0px; padding: 0px;\"><span style=\"font-family: georgia, palatino, serif;\"><span style=\"vertical-align: baseline; margin: 0px; border: 0px; padding: 0px; color: #000000;\">E submeter para o endere\u00e7o do correio eletr\u00f3nico geral (<\/span><span style=\"text-decoration: underline; vertical-align: baseline; margin: 0px; border: 0px; padding: 0px; color: blue;\">sres-usismiguel@azores.gov.pt<\/span><span style=\"vertical-align: baseline; margin: 0px; border: 0px; padding: 0px; color: #000000;\">) ou entregar em formato f\u00edsico, no Servi\u00e7o de Expediente da USISM.<\/span><\/span><\/div>\n<div class=\"x_elementToProof\" style=\"font-size: 15px; font-family: Segoe UI, Segoe UI Web (West European), -apple-system, BlinkMacSystemFont, Roboto, Helvetica Neue, sans-serif; vertical-align: baseline; white-space: normal; word-spacing: 0px; text-transform: none; font-weight: 400; color: #242424; font-style: normal; orphans: 2; widows: 2; margin: 0px; letter-spacing: normal; background-color: #ffffff; font-variant-ligatures: normal; font-variant-caps: normal; font-variant-numeric: inherit; font-variant-east-asian: inherit; font-variant-alternates: inherit; font-variant-position: inherit; font-variant-emoji: inherit; font-stretch: inherit; font-optical-sizing: inherit; font-size-adjust: inherit; font-kerning: inherit; font-feature-settings: inherit; font-variation-settings: inherit; -webkit-text-stroke-width: 0px; text-decoration-thickness: initial; text-decoration-style: initial; text-decoration-color: initial; border: 0px; padding: 0px;\"><\/div>\n<div class=\"x_elementToProof\" style=\"font-size: 12pt; font-family: Aptos, Aptos_EmbeddedFont, Aptos_MSFontService, Calibri, Helvetica, sans-serif; vertical-align: baseline; white-space: normal; word-spacing: 0px; text-transform: none; font-weight: 400; color: #000000; font-style: normal; orphans: 2; widows: 2; margin: 0px; letter-spacing: normal; background-color: #ffffff; font-variant-ligatures: normal; font-variant-caps: normal; font-variant-numeric: inherit; font-variant-east-asian: inherit; font-variant-alternates: inherit; font-variant-position: inherit; font-variant-emoji: inherit; font-stretch: inherit; font-optical-sizing: inherit; font-size-adjust: inherit; font-kerning: inherit; font-feature-settings: inherit; font-variation-settings: inherit; -webkit-text-stroke-width: 0px; text-decoration-thickness: initial; text-decoration-style: initial; text-decoration-color: initial; border: 0px; padding: 0px;\"><span style=\"font-family: georgia, palatino, serif;\">O prazo de resposta \u00e9 de 10 dias \u00fateis a contar da data do envio do requerimento (art.\u00ba 86.\u00ba e seguintes do C\u00f3digo do Procedimento Administrativo e art.\u00ba 15.\u00ba da LADA).<\/span><br \/>\n<span style=\"font-family: georgia, palatino, serif;\">Conv\u00e9m notar que o acesso a documentos com dados nominativos \u00e9 reservado \u00e0 pessoa a quem os dados digam respeito. \u00c9 facultado o acesso a estes documentos por terceiro, desde que este esteja na posse de uma autoriza\u00e7\u00e3o escrita do titular dos dados nominativos ou que demonstre interesse direto, pessoal e leg\u00edtimo.<\/span><br \/>\n<span style=\"font-family: georgia, palatino, serif;\">O acesso \u00e9 facultado, ou n\u00e3o, ap\u00f3s pondera\u00e7\u00e3o no quadro do princ\u00edpio da proporcionalidade, de todos os direitos fundamentais em presen\u00e7a e do princ\u00edpio da administra\u00e7\u00e3o aberta, que justifique o acesso \u00e0 informa\u00e7\u00e3o, nos termos do n.\u00ba 5, do artigo 6.\u00ba da LADA.<\/span><\/div>\n<p>&nbsp;<\/p>\n","protected":false},"excerpt":{"rendered":"<p>A Lei n.\u00ba 26\/2016, de 22 de agosto, e respetivas vers\u00f5es de atualiza\u00e7\u00e3o, que aprova o regime de acesso \u00e0 informa\u00e7\u00e3o administrativa e ambiental e de reutiliza\u00e7\u00e3o dos documentos administrativos, refere no seu art.\u00ba 9.\u00ba que &#8220;cada \u00f3rg\u00e3o ou entidade (&#8230;) deve designar um respons\u00e1vel pelo cumprimento das disposi\u00e7\u00f5es da presente lei, a quem compete [&hellip;]<\/p>\n","protected":false},"author":1,"featured_media":0,"parent":2756,"menu_order":0,"comment_status":"closed","ping_status":"closed","template":"","meta":{"footnotes":""},"class_list":["post-2759","page","type-page","status-publish","hentry"],"_links":{"self":[{"href":"https:\/\/usism.azores.gov.pt\/wp\/index.php?rest_route=\/wp\/v2\/pages\/2759","targetHints":{"allow":["GET"]}}],"collection":[{"href":"https:\/\/usism.azores.gov.pt\/wp\/index.php?rest_route=\/wp\/v2\/pages"}],"about":[{"href":"https:\/\/usism.azores.gov.pt\/wp\/index.php?rest_route=\/wp\/v2\/types\/page"}],"author":[{"embeddable":true,"href":"https:\/\/usism.azores.gov.pt\/wp\/index.php?rest_route=\/wp\/v2\/users\/1"}],"replies":[{"embeddable":true,"href":"https:\/\/usism.azores.gov.pt\/wp\/index.php?rest_route=%2Fwp%2Fv2%2Fcomments&post=2759"}],"version-history":[{"count":8,"href":"https:\/\/usism.azores.gov.pt\/wp\/index.php?rest_route=\/wp\/v2\/pages\/2759\/revisions"}],"predecessor-version":[{"id":2949,"href":"https:\/\/usism.azores.gov.pt\/wp\/index.php?rest_route=\/wp\/v2\/pages\/2759\/revisions\/2949"}],"up":[{"embeddable":true,"href":"https:\/\/usism.azores.gov.pt\/wp\/index.php?rest_route=\/wp\/v2\/pages\/2756"}],"wp:attachment":[{"href":"https:\/\/usism.azores.gov.pt\/wp\/index.php?rest_route=%2Fwp%2Fv2%2Fmedia&parent=2759"}],"curies":[{"name":"wp","href":"https:\/\/api.w.org\/{rel}","templated":true}]}}