{"id":2712,"date":"2024-03-18T11:11:57","date_gmt":"2024-03-18T12:11:57","guid":{"rendered":"https:\/\/usism.azores.gov.pt\/wp\/?page_id=2712"},"modified":"2024-03-18T11:11:57","modified_gmt":"2024-03-18T12:11:57","slug":"pedido-de-transferencia-de-profissional-de-saude","status":"publish","type":"page","link":"https:\/\/usism.azores.gov.pt\/wp\/?page_id=2712","title":{"rendered":"Pedido de Transfer\u00eancia de Profissional de Sa\u00fade"},"content":{"rendered":"<p>Preencha, por favor, o seguinte documento e reencaminhe para o secretariado cl\u00ednico, onde se encontra inscrito.<\/p>\n<ul>\n<li><a href=\"https:\/\/usism.azores.gov.pt\/wp\/?wpfb_dl=100\" target=\"_blank\" rel=\"noopener\">FR.10.GeU.400.01\/B &#8211; Pedido de Transfer\u00eancia<\/a><\/li>\n<\/ul>\n","protected":false},"excerpt":{"rendered":"<p>Preencha, por favor, o seguinte documento e reencaminhe para o secretariado cl\u00ednico, onde se encontra inscrito. FR.10.GeU.400.01\/B &#8211; Pedido de Transfer\u00eancia<\/p>\n","protected":false},"author":8,"featured_media":0,"parent":557,"menu_order":0,"comment_status":"closed","ping_status":"closed","template":"","meta":{"footnotes":""},"class_list":["post-2712","page","type-page","status-publish","hentry"],"_links":{"self":[{"href":"https:\/\/usism.azores.gov.pt\/wp\/index.php?rest_route=\/wp\/v2\/pages\/2712","targetHints":{"allow":["GET"]}}],"collection":[{"href":"https:\/\/usism.azores.gov.pt\/wp\/index.php?rest_route=\/wp\/v2\/pages"}],"about":[{"href":"https:\/\/usism.azores.gov.pt\/wp\/index.php?rest_route=\/wp\/v2\/types\/page"}],"author":[{"embeddable":true,"href":"https:\/\/usism.azores.gov.pt\/wp\/index.php?rest_route=\/wp\/v2\/users\/8"}],"replies":[{"embeddable":true,"href":"https:\/\/usism.azores.gov.pt\/wp\/index.php?rest_route=%2Fwp%2Fv2%2Fcomments&post=2712"}],"version-history":[{"count":2,"href":"https:\/\/usism.azores.gov.pt\/wp\/index.php?rest_route=\/wp\/v2\/pages\/2712\/revisions"}],"predecessor-version":[{"id":2714,"href":"https:\/\/usism.azores.gov.pt\/wp\/index.php?rest_route=\/wp\/v2\/pages\/2712\/revisions\/2714"}],"up":[{"embeddable":true,"href":"https:\/\/usism.azores.gov.pt\/wp\/index.php?rest_route=\/wp\/v2\/pages\/557"}],"wp:attachment":[{"href":"https:\/\/usism.azores.gov.pt\/wp\/index.php?rest_route=%2Fwp%2Fv2%2Fmedia&parent=2712"}],"curies":[{"name":"wp","href":"https:\/\/api.w.org\/{rel}","templated":true}]}}