{"id":2704,"date":"2024-03-12T14:16:38","date_gmt":"2024-03-12T15:16:38","guid":{"rendered":"https:\/\/usism.azores.gov.pt\/wp\/?page_id=2704"},"modified":"2024-03-12T14:16:38","modified_gmt":"2024-03-12T15:16:38","slug":"dia-mundial-do-rim-14-de-marco","status":"publish","type":"page","link":"https:\/\/usism.azores.gov.pt\/wp\/?page_id=2704","title":{"rendered":"Dia Mundial do Rim &#8211; 14 de mar\u00e7o"},"content":{"rendered":"<p>Dia Mundial do Rim \u2013 14 de mar\u00e7o<\/p>\n<p>&nbsp;<\/p>\n<p>O Dia Mundial do Rim celebra-se a 14 mar\u00e7o, com o objetivo de assinalar a import\u00e2ncia da consciencializa\u00e7\u00e3o sobre a sa\u00fade renal e refletir sobre a sua influ\u00eancia para a sa\u00fade geral. A comemora\u00e7\u00e3o pretende, ainda, minimizar a incid\u00eancia da doen\u00e7a renal no mundo, bem como o impacto dos problemas de sa\u00fade a ela associados<a href=\"#_ftn1\" name=\"_ftnref1\">[1]<\/a>.<\/p>\n<p>Estima-se que a doen\u00e7a renal cr\u00f3nica afete, atualmente, mais de 850 milh\u00f5es de pessoas, sendo classificada como a oitava causa de morte mais frequente, a n\u00edvel mundial<a href=\"#_ftn2\" name=\"_ftnref2\">[2]<\/a>. Portugal destaca-se como um dos pa\u00edses com maior incid\u00eancia, na Europa e no mundo, de doen\u00e7a cr\u00f3nica renal, com 1 em 10 pessoas adultas, a manifestarem a doen\u00e7a<a href=\"#_ftn3\" name=\"_ftnref3\">[3]<\/a>. De acordo com o Inqu\u00e9rito Nacional de Sa\u00fade 2019, os A\u00e7ores, apresentam-se na vanguarda, como regi\u00e3o do pa\u00eds com maior incid\u00eancia de Doen\u00e7a Renal Cr\u00f3nica, apresentando uma percentagem de incid\u00eancia de 5.16% de respondentes ao inqu\u00e9rito, portadores da doen\u00e7a, comparativamente \u00e0 m\u00e9dia nacional, na ordem dos 4.18% de respondentes, portadores de doen\u00e7a.<a href=\"#_ftn4\" name=\"_ftnref4\">[4]<\/a><\/p>\n<p>T\u00eam maior probabilidade de desenvolver doen\u00e7a renal pessoas portadoras de diabetes, hipertens\u00e3o arterial, problemas card\u00edacos como AVC (Acidente Vascular Cerebral) pr\u00e9vio, insufici\u00eancias card\u00edacas ou epis\u00f3dio passado de ataque card\u00edaco, hist\u00f3rico familiar de insufici\u00eancia renal, obesidade, tabagismo, idade superior a 60 anos ou epis\u00f3dio regresso de doen\u00e7a renal aguda.<a href=\"#_ftn5\" name=\"_ftnref5\">[5]<\/a> Se vive com uma destas condi\u00e7\u00f5es cr\u00f3nicas, deve ter particular aten\u00e7\u00e3o \u00e0 preven\u00e7\u00e3o da doen\u00e7a renal!<\/p>\n<p>Mas, porque \u00e9 importante falar na fun\u00e7\u00e3o renal?<\/p>\n<p>Os rins s\u00e3o respons\u00e1veis por remover toxinas e excesso de \u00e1gua do sangue. Para al\u00e9m de promoverem o controlo da press\u00e3o arterial, os rins tamb\u00e9m contribuem para a produ\u00e7\u00e3o de gl\u00f3bulos vermelhos e para a sa\u00fade \u00f3ssea. Os rins t\u00eam, aproximadamente, o tamanho do seu punho e est\u00e3o localizados no baixo abd\u00f4men, abaixo da caixa tor\u00e1cica. S\u00e3o os rins que controlam a presen\u00e7a de sais minerais no nosso organismo, como o s\u00f3dio e o pot\u00e1ssio, e ajudam a controlar a acidez do sangue. Os rins s\u00e3o respons\u00e1veis pelo equil\u00edbrio entre o sal e a \u00e1gua no corpo humano, para que a press\u00e3o arterial permane\u00e7a constante e equilibrada<sup>2<\/sup>. Produzem urina, para remover res\u00edduos do sangue, controlando, deste modo, o equil\u00edbrio qu\u00edmico do corpo.<\/p>\n<p>Os cuidados que devemos ter com os rins s\u00e3o muito simples e passam por manter um estilo de vida saud\u00e1vel, pautado pelo: consumo regular de \u00e1gua (cerca de 2l por dia, para a popula\u00e7\u00e3o adulta), manuten\u00e7\u00e3o de um peso saud\u00e1vel, redu\u00e7\u00e3o do consumo de sal, vigil\u00e2ncia regular da sa\u00fade (an\u00e1lises sangu\u00edneas devem incluir vigil\u00e2ncia dos n\u00edveis de creatinina e ureia), controlo dos valores de Glic\u00e9mia Capilar (n\u00edveis de a\u00e7\u00facar no sangue) e de Press\u00e3o Arterial (que devem manter-se dentro dos intervalos objetivo para a sua situa\u00e7\u00e3o cl\u00ednica), abstin\u00eancia tab\u00e1gica, consumo regrado e limitado de \u00e1lcool e pela pr\u00e1tica regular de exerc\u00edcio f\u00edsico.<a href=\"#_ftn6\" name=\"_ftnref6\">[6]<\/a> Estes cuidados, se mantidos de forma persistente e continuada, ser\u00e3o fulcrais para a preven\u00e7\u00e3o da Doen\u00e7a Renal Cr\u00f3nica, que \u00e9 a perda progressiva da fun\u00e7\u00e3o renal.<\/p>\n<p>Cada um dos seus rins tem cerca de um milh\u00e3o de filtros min\u00fasculos, chamados nefr\u00f3nios. Se estes estiverem danificados, deixam de funcionar. Quando a fun\u00e7\u00e3o renal decresce significativamente e os rins n\u00e3o s\u00e3o capazes de efetuar a sua fun\u00e7\u00e3o, isto \u00e9, a elimina\u00e7\u00e3o de produtos finais do metabolismo, pode desenvolver-se um quadro de insufici\u00eancia renal. Acumulam-se no sangue v\u00e1rias subst\u00e2ncias t\u00f3xicas que, em concentra\u00e7\u00f5es elevadas, s\u00e3o nocivas ao nosso organismo.\u00a0A insufici\u00eancia renal \u00e9 grave e, se n\u00e3o tratada, pode ser fatal<sup>1,6<\/sup>.<\/p>\n<p>D\u00ea aos seus rins a devida aten\u00e7\u00e3o!<\/p>\n<p>&nbsp;<\/p>\n<hr \/>\n<p>&nbsp;<\/p>\n<p><a href=\"#_ftnref1\" name=\"_ftn1\">[1]<\/a> Sociedade Portuguesa de Nefrologia \u2013 <em>Dia Mundial do Rim<\/em> &#8211; <a href=\"https:\/\/www.spnefro.pt\/publico\/dia-mundial-do-rim\">https:\/\/www.spnefro.pt\/publico\/dia-mundial-do-rim<\/a>,\u00a0 acedido a 12\/03\/2024<\/p>\n<p><a href=\"#_ftnref2\" name=\"_ftn2\">[2]<\/a> World Kidney Day \u2013 <em>World Kidney Day <\/em><a href=\"https:\/\/www.worldkidneyday.org\/2024-campaign\/#materials\"><em>2024 campaign <\/em><\/a>&#8211; <a href=\"https:\/\/www.worldkidneyday.org\/2024-campaign\/\">https:\/\/www.worldkidneyday.org\/2024-campaign\/<\/a>, acedido a 12\/03\/2024.<\/p>\n<p><a href=\"#_ftnref3\" name=\"_ftn3\">[3]<\/a> Coelho, A., Diniz, A., Hartz, Z., &amp; Dussault, G. (2014). Gest\u00e3o integrada da doen\u00e7a renal cr\u00f3nica: an\u00e1lise de uma pol\u00edtica inovadora em Portugal.\u00a0<em>Revista Portuguesa de Sa\u00fade P\u00fablica<\/em>,\u00a0<em>32<\/em>(1), 69-79. &#8211; <a href=\"http:\/\/hdl.handle.net\/10400.26\/9889\">http:\/\/hdl.handle.net\/10400.26\/9889<\/a>, acedido a 12\/03\/2024<\/p>\n<p><a href=\"#_ftnref4\" name=\"_ftn4\">[4]<\/a><a href=\"https:\/\/srea.azores.gov.pt\/conteudos\/Relatorios\/lista_relatorios.aspx?idc=29&amp;idsc=3569&amp;lang_id=1\">Servi\u00e7o Regional de Estat\u00edstica dos A\u00e7ores. <em>Inqu\u00e9rito Regional de Sa\u00fade 2019 &#8211; <\/em>\u00a0<\/a>\u00a0<a href=\"https:\/\/srea.azores.gov.pt\/conteudos\/Relatorios\/lista_relatorios.aspx?idc=29&amp;idsc=3569&amp;lang_id=1\">https:\/\/srea.azores.gov.pt\/conteudos\/Relatorios\/lista_relatorios.aspx?idc=29&amp;idsc=3569&amp;lang_id=1<\/a>, , acedido a 12\/03\/2024<\/p>\n<p><a href=\"#_ftnref5\" name=\"_ftn5\">[5]<\/a> Associa\u00e7\u00e3o Portuguesa de Insuficientes Renais \u2013 <a href=\"Respostas%20r\u00e1pidas%20a%20perguntas%20sobre%20as%20doen\u00e7as%20renais%20e%20seus%20tratamentos\"><em>Respostas r\u00e1pidas a perguntas sobre as doen\u00e7as renais e seus tratamentos<\/em><\/a> &#8211; <a href=\"https:\/\/www.apir.org.pt\/wp-content\/uploads\/2017\/04\/Respostas-r%C3%A1pidas-a-perguntas-sobre-as-doen%C3%A7asrenais-e-seus-tratamentos.pdf\">https:\/\/www.apir.org.pt\/wp-content\/uploads\/2017\/04\/Respostas-r%C3%A1pidas-a-perguntas-sobre-as-doen%C3%A7asrenais-e-seus-tratamentos.pdf<\/a>, acedido a 12\/03\/2024<\/p>\n<p><a href=\"#_ftnref6\" name=\"_ftn6\">[6]<\/a> Kidney Health Australia &#8211; <a href=\"https:\/\/kidney.org.au\/your-kidneys\/know-your-kidneys\/keeping-your-kidneys-healthy\"><em>Keeping your kidneys healthy | Kidney Health Australia<\/em><\/a> &#8211; <a href=\"https:\/\/kidney.org.au\/your-kidneys\/know-your-kidneys\/keeping-your-kidneys-healthy\">https:\/\/kidney.org.au\/your-kidneys\/know-your-kidneys\/keeping-your-kidneys-healthy<\/a>, , acedido a 12\/03\/2024<\/p>\n","protected":false},"excerpt":{"rendered":"<p>Dia Mundial do Rim \u2013 14 de mar\u00e7o &nbsp; O Dia Mundial do Rim celebra-se a 14 mar\u00e7o, com o objetivo de assinalar a import\u00e2ncia da consciencializa\u00e7\u00e3o sobre a sa\u00fade renal e refletir sobre a sua influ\u00eancia para a sa\u00fade geral. A comemora\u00e7\u00e3o pretende, ainda, minimizar a incid\u00eancia da doen\u00e7a renal no mundo, bem como [&hellip;]<\/p>\n","protected":false},"author":8,"featured_media":2705,"parent":0,"menu_order":0,"comment_status":"closed","ping_status":"closed","template":"","meta":{"footnotes":""},"class_list":["post-2704","page","type-page","status-publish","has-post-thumbnail","hentry"],"_links":{"self":[{"href":"https:\/\/usism.azores.gov.pt\/wp\/index.php?rest_route=\/wp\/v2\/pages\/2704","targetHints":{"allow":["GET"]}}],"collection":[{"href":"https:\/\/usism.azores.gov.pt\/wp\/index.php?rest_route=\/wp\/v2\/pages"}],"about":[{"href":"https:\/\/usism.azores.gov.pt\/wp\/index.php?rest_route=\/wp\/v2\/types\/page"}],"author":[{"embeddable":true,"href":"https:\/\/usism.azores.gov.pt\/wp\/index.php?rest_route=\/wp\/v2\/users\/8"}],"replies":[{"embeddable":true,"href":"https:\/\/usism.azores.gov.pt\/wp\/index.php?rest_route=%2Fwp%2Fv2%2Fcomments&post=2704"}],"version-history":[{"count":1,"href":"https:\/\/usism.azores.gov.pt\/wp\/index.php?rest_route=\/wp\/v2\/pages\/2704\/revisions"}],"predecessor-version":[{"id":2706,"href":"https:\/\/usism.azores.gov.pt\/wp\/index.php?rest_route=\/wp\/v2\/pages\/2704\/revisions\/2706"}],"wp:featuredmedia":[{"embeddable":true,"href":"https:\/\/usism.azores.gov.pt\/wp\/index.php?rest_route=\/wp\/v2\/media\/2705"}],"wp:attachment":[{"href":"https:\/\/usism.azores.gov.pt\/wp\/index.php?rest_route=%2Fwp%2Fv2%2Fmedia&parent=2704"}],"curies":[{"name":"wp","href":"https:\/\/api.w.org\/{rel}","templated":true}]}}