{"id":2697,"date":"2024-03-06T11:09:16","date_gmt":"2024-03-06T12:09:16","guid":{"rendered":"https:\/\/usism.azores.gov.pt\/wp\/?page_id=2697"},"modified":"2024-03-06T11:09:16","modified_gmt":"2024-03-06T12:09:16","slug":"dia-internacional-da-mulher-8-de-marco","status":"publish","type":"page","link":"https:\/\/usism.azores.gov.pt\/wp\/?page_id=2697","title":{"rendered":"Dia Internacional da Mulher &#8211; 8 de mar\u00e7o"},"content":{"rendered":"<p>Sa\u00fade da Mulher \u2013 8 de mar\u00e7o<\/p>\n<p>&nbsp;<\/p>\n<p>A 8 de mar\u00e7o, celebra-se o dia da Mulher, efem\u00e9ride institu\u00edda em 1975 pela Organiza\u00e7\u00e3o das Na\u00e7\u00f5es Unidas, com o objetivo de celebrar as conquistas sociais, pol\u00edticas e econ\u00f3micas das mulheres. Celebrar o feminino pode ser, tamb\u00e9m, uma oportunidade para promover a sa\u00fade da mulher.<\/p>\n<p>Ser mulher implica singularidade e aten\u00e7\u00e3o a especificidades \u00fanicas deste g\u00e9nero. No que \u00e0 sa\u00fade diz respeito, a mulher deve primar pela vigil\u00e2ncia de determinados fatores sens\u00edveis ao fator idade. Desde a inf\u00e2ncia, o cuidado com a vacina\u00e7\u00e3o representa uma promo\u00e7\u00e3o da sa\u00fade feminina, a longo prazo. Sabia que a mulher, em idade f\u00e9rtil, dever\u00e1 estar imunizada para sua prote\u00e7\u00e3o individual e do feto? De acordo com o Programa Nacional de Vacina\u00e7\u00e3o<a href=\"#_ftn1\" name=\"_ftnref1\">[1]<\/a>, est\u00e3o recomendadas, pelo menos, 3 doses de imuniza\u00e7\u00e3o antitet\u00e2nica, doses estas que s\u00e3o administradas ao longo da inf\u00e2ncia, acontecendo, progressivamente, aos 2, 4, 6 e 18 meses e aos 5 anos de idade, decorrendo as restantes doses desta vacina aos 10 anos, 25 anos e continuamente, ao longo de toda a vida.<\/p>\n<p>Para al\u00e9m da inocula\u00e7\u00e3o antitet\u00e2nica, a vacina\u00e7\u00e3o das meninas contra o V\u00edrus do Papiloma Humano (HPV), aos 10 anos de idade, representa uma preven\u00e7\u00e3o fulcral das manifesta\u00e7\u00f5es de infe\u00e7\u00e3o por este v\u00edrus, transmitido por via sexual, e que \u00e9 respons\u00e1vel pelo aparecimento de verrugas e condilomas na regi\u00e3o genital\/anal e por casos graves de doen\u00e7a como o Cancro do Colo do \u00datero<a href=\"#_ftn2\" name=\"_ftnref2\">[2]<\/a>.<\/p>\n<p>Recomendavelmente, antes da gravidez, a mulher deve estar imunizada, ainda, com duas doses de vacina anti rub\u00e9ola, para preven\u00e7\u00e3o da s\u00edndrome de rub\u00e9ola cong\u00e9nita. Durante a gravidez, e para preven\u00e7\u00e3o de doen\u00e7a fetal, est\u00e3o, ainda indicadas, a vacina Tdpa, para preven\u00e7\u00e3o de Pertussis (Tosse Convulsa) do rec\u00e9m-nascido, que deve ser administrada entre as 20 e as 36 semanas de gravidez. Esta vacina, contemplando, tamb\u00e9m, fator de prote\u00e7\u00e3o ao t\u00e9tano, atualiza a prote\u00e7\u00e3o antitet\u00e2nica na gr\u00e1vida que a cumpre. Em \u00e9poca de preven\u00e7\u00e3o sazonal de doen\u00e7a respirat\u00f3ria, tem sido, tamb\u00e9m, recomendada a vacina\u00e7\u00e3o antigripal<a href=\"#_ftn3\" name=\"_ftnref3\">[3]<\/a> assim como COVID-19<a href=\"#_ftn4\" name=\"_ftnref4\">[4]<\/a>.<\/p>\n<p>Al\u00e9m da vacina\u00e7\u00e3o, as meninas dever\u00e3o cumprir a vigil\u00e2ncia de sa\u00fade preconizada para o acompanhamento do seu desenvolvimento, de acordo com o Programa Nacional de Sa\u00fade Infantil e Juvenil<a href=\"#_ftn5\" name=\"_ftnref5\">[5]<\/a>, \u00e0 primeira semana de vida e posteriormente, ao longo dos 1, 2, 4, 6, 9, 12, 15, 18 meses de vida e, posteriormente, aos 2, 3, 4, 5, 6 ou 7 anos de idade, 8 e 10 anos de idade, 12 ou 13 anos e entre os 15 e os 18 anos de idade. Nestas consultas de rotina, devem ser analisados e avaliados par\u00e2metros de desenvolvimento e aproveitadas as oportunidades para esclarecimento de d\u00favidas relacionado com o desenvolvimento da beb\u00e9\/menina\/mulher. Nas consultas previstas entre os 15 e os 18 anos de idade \u00e9 preconizada a abordagem das tem\u00e1ticas do desenvolvimento pubert\u00e1rio e sexualidade<sup>5<\/sup>. O contacto com as jovens nesta faixa et\u00e1ria e, sens\u00edvel ao seu est\u00e1dio de desenvolvimento pessoal, pode representar uma oportunidade de promo\u00e7\u00e3o de literacia quanto \u00e0 preven\u00e7\u00e3o de Infe\u00e7\u00f5es Sexualmente Transmiss\u00edveis e de gravidez n\u00e3o desejada.<\/p>\n<p>A partir da idade adulta, a mulher, enquanto alvo de cuidados de sa\u00fade, passa a ser acompanhada no \u00e2mbito da \u00c1rea de Interven\u00e7\u00e3o na Sa\u00fade da Mulher<a href=\"#_ftn6\" name=\"_ftnref6\">[6]<\/a>, o que engloba a\u00e7\u00f5es a desenvolver no \u00e2mbito da Sa\u00fade Materna e Planeamento Familiar, interligando-se com a \u00c1rea de Interven\u00e7\u00e3o na Preven\u00e7\u00e3o das Doen\u00e7as Oncol\u00f3gicas. Quer isto dizer que, sob ponto de vista de continuidade de cuidados espec\u00edficos, prev\u00ea-se que a mulher seja acompanhada de forma especializada, aquando e durante o(s) seu(s) per\u00edodo(s) de gravidez e puerp\u00e9rio(s) (p\u00f3s-parto), e durante o seu per\u00edodo f\u00e9rtil para devido Planeamento Familiar. Sabia que a mulher tem direito a receber m\u00e9todo contracetivo gratuito e aconselhamento t\u00e9cnico para o efeito, atrav\u00e9s do Sistema Regional de Sa\u00fade<a href=\"#_ftn7\" name=\"_ftnref7\">[7]<\/a>, assim como tem direito a receber suplementa\u00e7\u00e3o de \u00e1cido f\u00f3lico em situa\u00e7\u00e3o pr\u00e9-concecional e de gravidez<a href=\"#_ftn8\" name=\"_ftnref8\">[8]<\/a>, bem como suplementa\u00e7\u00e3o de Iodo<a href=\"#_ftn9\" name=\"_ftnref9\">[9]<\/a> durante todo o per\u00edodo de gravidez?<\/p>\n<p>No que se refere \u00e0 vigil\u00e2ncia da mulher na \u00c1rea de Interven\u00e7\u00e3o na Preven\u00e7\u00e3o das Doen\u00e7as Oncol\u00f3gicas, \u00e9 importante que a mulher integre os rastreios em curso para identifica\u00e7\u00e3o precoce do Cancro do Colo do \u00datero e do Cancro da Mama. Se est\u00e1 inscrita no Centro de Sa\u00fade da sua \u00e1rea de resid\u00eancia e tem entre 25 e 64 anos de idade, dever\u00e1 realizar o ROCCA (Rastreio Organizado de Cancro do Colo do \u00datero). Este rastreio permite a identifica\u00e7\u00e3o do v\u00edrus do papiloma humano (HPV) nos serotipos oncog\u00e9nicos (causadores de cancro), sendo repetido de cinco em cinco anos, em casos que excluem outra necessidade de acompanhamento<a href=\"#_ftn10\" name=\"_ftnref10\">[10]<\/a>.<\/p>\n<p>Se tem entre 45 e 74 anos de idade, de 2 em 2 anos, ser\u00e1 convocada para realiza\u00e7\u00e3o do ROCMA (Rastreio Organizado de Cancro da Mama). Este exame permite o diagn\u00f3stico precoce de Cancro da Mama e \u00e9 realizado nas unidades de rastreio m\u00f3vel, alocadas \u00e0 sua \u00e1rea de resid\u00eancia<sup>10<\/sup>.<\/p>\n<p>Ser mulher implica receber cuidados diferenciados, que s\u00e3o planeados em fun\u00e7\u00e3o da situa\u00e7\u00e3o espec\u00edfica de sa\u00fade que vivencia. Para al\u00e9m dos cuidados aqui referidos, toda e qualquer situa\u00e7\u00e3o particular que esteja a merecer a sua maior aten\u00e7\u00e3o, em mat\u00e9ria de sa\u00fade, deve ser devidamente acompanhada por um profissional de sa\u00fade. N\u00e3o hesite em pedir apoio, se necessitar.<\/p>\n<p>Ser mulher, \u00e9 especial!<\/p>\n<p>Feliz dia da Mulher.<\/p>\n<p>&nbsp;<\/p>\n<hr \/>\n<p>&nbsp;<\/p>\n<p><a href=\"#_ftnref1\" name=\"_ftn1\">[1]<\/a> Dire\u00e7\u00e3o-Geral da Sa\u00fade. Norma n.\u00ba 018\/2020: Programa Nacional de Vacina\u00e7\u00e3o 2020 &#8211; <a href=\"https:\/\/www.dgs.pt\/normas-orientacoes-e-informacoes\/normas-e-circulares-normativas\/norma-n-0182020-de-27092020-pdf.aspx\">norma-n-0182020-de-27092020-pdf.aspx (dgs.pt)<\/a>. acedido a 05\/03\/2024<\/p>\n<p><a href=\"#_ftnref2\" name=\"_ftn2\">[2]<\/a> Servi\u00e7o Nacional de Sa\u00fade24. V\u00edrus do Papiloma Humano (HPV). <a href=\"https:\/\/www.sns24.gov.pt\/tema\/doencas-infecciosas\/virus-do-papiloma-humano-hpv\/\">V\u00edrus do papiloma humano (HPV) (sns24.gov.pt)<\/a>. acedido a 05\/03\/2024<\/p>\n<p><a href=\"#_ftnref3\" name=\"_ftn3\">[3]<\/a> Dire\u00e7\u00e3o Regional da Sa\u00fade. Circular Normativa CNORM2023\/16B de 15\/01\/2024: Campanha de Vacina\u00e7\u00e3o Sazonal Contra a Gripe: Outono\/Inverno 2023\/2024 \u2013 A\u00e7ores &#8211; <a href=\"https:\/\/portal.azores.gov.pt\/documents\/37408\/13514427\/CNORM-2023-16B_2024-01-15.pdf\/4a58a69e-aed8-59d1-3a46-d2b3a18f1dea?t=1705336429255\">Simp00124624011511310 (azores.gov.pt)<\/a>. acedido a 05\/03\/2024<\/p>\n<p><a href=\"#_ftnref4\" name=\"_ftn4\">[4]<\/a> Dire\u00e7\u00e3o Regional da Sa\u00fade. Circular Normativa CNORM2023\/15A de 15\/01\/2024: Campanha de Vacina\u00e7\u00e3o Sazonal Contra a COVID-19: Outono\/Inverno 2023\/2024 \u2013 A\u00e7ores &#8211; <a href=\"https:\/\/portal.azores.gov.pt\/documents\/37408\/13514427\/CNORM-2023-15A_2024-01-15.pdf\/4620115c-2928-0775-db87-6fa40c2ccaee?t=1705336095861\">CNORM-2023-15A.pdf (azores.gov.pt)<\/a>. acedido a 05\/03\/2024<\/p>\n<p><a href=\"#_ftnref5\" name=\"_ftn5\">[5]<\/a> Dire\u00e7\u00e3o-Geral da Sa\u00fade. Norma n.\u00ba 010\/2013: Programa Nacional de Sa\u00fade Infantil e Juvenil &#8211; <a href=\"https:\/\/www.mgfamiliar.net\/wp-content\/uploads\/PNSIJ-2.pdf\">PNSIJ-2.pdf (mgfamiliar.net)<\/a>. acedido a 05\/03\/2024<\/p>\n<p><a href=\"#_ftnref6\" name=\"_ftn6\">[6]<\/a> Dire\u00e7\u00e3o-Geral da Sa\u00fade. Sa\u00fade reprodutiva \u2013 Planeamento Familiar. Programa Nacional de Sa\u00fade Reprodutiva. <a href=\"http:\/\/www.spdc.pt\/files\/publicacoes\/11230_2.pdf\">http:\/\/www.spdc.pt\/files\/publicacoes\/11230_2.pdf<\/a>. acedido a 05\/03\/2024<\/p>\n<p><a href=\"#_ftnref7\" name=\"_ftn7\">[7]<\/a> Dire\u00e7\u00e3o Regional da Sa\u00fade. Plano Regional de Sa\u00fade 2014-2016 &#8211; Extens\u00e3o a 2020. <a href=\"https:\/\/portal.azores.gov.pt\/documents\/37408\/1000530\/pLANO+rEGIONAL+DE+sA%C3%9ADE.pdf\/ee3cbd78-b843-87b7-9ee6-10ce435d9fcc?t=1597658158738\">ee3cbd78-b843-87b7-9ee6-10ce435d9fcc (azores.gov.pt)<\/a>. acedido a 05\/03\/2024<\/p>\n<p><a href=\"#_ftnref8\" name=\"_ftn8\">[8]<\/a> Secretaria Regional da Educa\u00e7\u00e3o e Assuntos Sociais &#8211; Regi\u00e3o Aut\u00f3noma dos A\u00e7ores. Jornal oficial dos a\u00e7ores &#8211; 1.\u00aa S\u00c9RIE, N\u00ba 30, de 24.07.1997, P\u00e1g. 409. Portaria n\u00ba 56\/97, de 24 de Julho. <a href=\"https:\/\/dre.tretas.org\/dre\/122854\/portaria-56-97-de-24-de-julho#warning\">PORTARIA 56\/97 (tretas.org)<\/a>. acedido a 05\/03\/2024<\/p>\n<p><a href=\"#_ftnref9\" name=\"_ftn9\">[9]<\/a> Dire\u00e7\u00e3o-Geral da Sa\u00fade. Orienta\u00e7\u00e3o n.\u00ba 011\/2013: Aporte de iodo em mulheres na preconce\u00e7\u00e3o, gravidez e amamenta\u00e7\u00e3o. <a href=\"https:\/\/alimentacaosaudavel.dgs.pt\/activeapp2020\/wp-content\/uploads\/2020\/01\/Aporte-de-iodo-em-mulheres-na-precocenc%CC%A7a%CC%83o-gravidez-e-amamentac%CC%A7a%CC%83o.pdf\">Aporte-de-iodo-em-mulheres-na-precocenc\u0327a\u0303o-gravidez-e-amamentac\u0327a\u0303o.pdf (dgs.pt)<\/a>. acedido a 05\/03\/2024<\/p>\n<p><a href=\"#_ftnref10\" name=\"_ftn10\">[10]<\/a> Centro de Oncologia dos A\u00e7ores. Relat\u00f3rio de Atividades 2022. <a href=\"https:\/\/portal.azores.gov.pt\/documents\/37454\/20d46279-2462-a3b5-a21d-8c345baf83b9\">20d46279-2462-a3b5-a21d-8c345baf83b9 (azores.gov.pt)<\/a>. acedido a 05\/03\/2024<\/p>\n","protected":false},"excerpt":{"rendered":"<p>Sa\u00fade da Mulher \u2013 8 de mar\u00e7o &nbsp; A 8 de mar\u00e7o, celebra-se o dia da Mulher, efem\u00e9ride institu\u00edda em 1975 pela Organiza\u00e7\u00e3o das Na\u00e7\u00f5es Unidas, com o objetivo de celebrar as conquistas sociais, pol\u00edticas e econ\u00f3micas das mulheres. Celebrar o feminino pode ser, tamb\u00e9m, uma oportunidade para promover a sa\u00fade da mulher. Ser mulher [&hellip;]<\/p>\n","protected":false},"author":8,"featured_media":2700,"parent":971,"menu_order":3,"comment_status":"closed","ping_status":"closed","template":"","meta":{"footnotes":""},"class_list":["post-2697","page","type-page","status-publish","has-post-thumbnail","hentry"],"_links":{"self":[{"href":"https:\/\/usism.azores.gov.pt\/wp\/index.php?rest_route=\/wp\/v2\/pages\/2697","targetHints":{"allow":["GET"]}}],"collection":[{"href":"https:\/\/usism.azores.gov.pt\/wp\/index.php?rest_route=\/wp\/v2\/pages"}],"about":[{"href":"https:\/\/usism.azores.gov.pt\/wp\/index.php?rest_route=\/wp\/v2\/types\/page"}],"author":[{"embeddable":true,"href":"https:\/\/usism.azores.gov.pt\/wp\/index.php?rest_route=\/wp\/v2\/users\/8"}],"replies":[{"embeddable":true,"href":"https:\/\/usism.azores.gov.pt\/wp\/index.php?rest_route=%2Fwp%2Fv2%2Fcomments&post=2697"}],"version-history":[{"count":2,"href":"https:\/\/usism.azores.gov.pt\/wp\/index.php?rest_route=\/wp\/v2\/pages\/2697\/revisions"}],"predecessor-version":[{"id":2701,"href":"https:\/\/usism.azores.gov.pt\/wp\/index.php?rest_route=\/wp\/v2\/pages\/2697\/revisions\/2701"}],"up":[{"embeddable":true,"href":"https:\/\/usism.azores.gov.pt\/wp\/index.php?rest_route=\/wp\/v2\/pages\/971"}],"wp:featuredmedia":[{"embeddable":true,"href":"https:\/\/usism.azores.gov.pt\/wp\/index.php?rest_route=\/wp\/v2\/media\/2700"}],"wp:attachment":[{"href":"https:\/\/usism.azores.gov.pt\/wp\/index.php?rest_route=%2Fwp%2Fv2%2Fmedia&parent=2697"}],"curies":[{"name":"wp","href":"https:\/\/api.w.org\/{rel}","templated":true}]}}