{"id":2671,"date":"2024-02-07T14:41:49","date_gmt":"2024-02-07T15:41:49","guid":{"rendered":"https:\/\/usism.azores.gov.pt\/wp\/?page_id=2671"},"modified":"2024-07-03T12:59:12","modified_gmt":"2024-07-03T13:59:12","slug":"comissao-de-etica-para-a-saude","status":"publish","type":"page","link":"https:\/\/usism.azores.gov.pt\/wp\/?page_id=2671","title":{"rendered":"Comiss\u00e3o de \u00c9tica para a Sa\u00fade"},"content":{"rendered":"<p><strong>Submiss\u00e3o de pedido para realiza\u00e7\u00e3o de estudo de investiga\u00e7\u00e3o<\/strong><\/p>\n<p><a href=\"https:\/\/usism.azores.gov.pt\/wp\/?wpfb_dl=93\" target=\"_blank\" rel=\"noopener\">FR.13.CES.400.02\/B &#8211; Lista de Verifica\u00e7\u00e3o de Documentos<\/a><\/p>\n<p><a href=\"https:\/\/usism.azores.gov.pt\/wp\/?wpfb_dl=94\" target=\"_blank\" rel=\"noopener\">FR.13.CES.400.03\/B &#8211; Formul\u00e1rio de submiss\u00e3o para realiza\u00e7\u00e3o de estudo de investiga\u00e7\u00e3o<\/a><\/p>\n<p><a href=\"https:\/\/usism.azores.gov.pt\/wp\/?wpfb_dl=95\" target=\"_blank\" rel=\"noopener\">FR.13.CES.400.05\/A &#8211; Requerimento para realiza\u00e7\u00e3o de estudo de investiga\u00e7\u00e3o<\/a><\/p>\n<p><a href=\"https:\/\/usism.azores.gov.pt\/wp\/?wpfb_dl=96\" target=\"_blank\" rel=\"noopener\">FR.13.CES.400.06\/A &#8211; Termo de Responsabilidade<\/a><\/p>\n<p><a href=\"https:\/\/usism.azores.gov.pt\/wp\/?wpfb_dl=97\" target=\"_blank\" rel=\"noopener\">FR.13.CES.400.07\/A &#8211; Declara\u00e7\u00e3o de Conflitos de Interesses<\/a><\/p>\n<p><a href=\"https:\/\/usism.azores.gov.pt\/wp\/?wpfb_dl=103\" target=\"_blank\" rel=\"noopener\" data-url=\"http:\/\/usism\/intranet\/?wpfb_dl=1510\">FR.13.CES.400.08\/A &#8211; Aprova\u00e7\u00e3o pela DC_DE_Coordenador de Servi\u00e7o<\/a><\/p>\n<hr \/>\n<p><strong>Pedido de parecer no Dom\u00ednio da \u00c9tica Assistencial<\/strong><\/p>\n<p><a href=\"https:\/\/usism.azores.gov.pt\/wp\/?wpfb_dl=98\" target=\"_blank\" rel=\"noopener\">FR.13.CES.400.11\/A &#8211; Pedido de Parecer no Dom\u00ednio da \u00c9tica Assistencial<\/a><\/p>\n","protected":false},"excerpt":{"rendered":"<p>Submiss\u00e3o de pedido para realiza\u00e7\u00e3o de estudo de investiga\u00e7\u00e3o FR.13.CES.400.02\/B &#8211; Lista de Verifica\u00e7\u00e3o de Documentos FR.13.CES.400.03\/B &#8211; Formul\u00e1rio de submiss\u00e3o para realiza\u00e7\u00e3o de estudo de investiga\u00e7\u00e3o FR.13.CES.400.05\/A &#8211; Requerimento para realiza\u00e7\u00e3o de estudo de investiga\u00e7\u00e3o FR.13.CES.400.06\/A &#8211; Termo de Responsabilidade FR.13.CES.400.07\/A &#8211; Declara\u00e7\u00e3o de Conflitos de Interesses FR.13.CES.400.08\/A &#8211; Aprova\u00e7\u00e3o pela DC_DE_Coordenador de Servi\u00e7o [&hellip;]<\/p>\n","protected":false},"author":8,"featured_media":2673,"parent":0,"menu_order":0,"comment_status":"closed","ping_status":"closed","template":"","meta":{"footnotes":""},"class_list":["post-2671","page","type-page","status-publish","has-post-thumbnail","hentry"],"_links":{"self":[{"href":"https:\/\/usism.azores.gov.pt\/wp\/index.php?rest_route=\/wp\/v2\/pages\/2671","targetHints":{"allow":["GET"]}}],"collection":[{"href":"https:\/\/usism.azores.gov.pt\/wp\/index.php?rest_route=\/wp\/v2\/pages"}],"about":[{"href":"https:\/\/usism.azores.gov.pt\/wp\/index.php?rest_route=\/wp\/v2\/types\/page"}],"author":[{"embeddable":true,"href":"https:\/\/usism.azores.gov.pt\/wp\/index.php?rest_route=\/wp\/v2\/users\/8"}],"replies":[{"embeddable":true,"href":"https:\/\/usism.azores.gov.pt\/wp\/index.php?rest_route=%2Fwp%2Fv2%2Fcomments&post=2671"}],"version-history":[{"count":10,"href":"https:\/\/usism.azores.gov.pt\/wp\/index.php?rest_route=\/wp\/v2\/pages\/2671\/revisions"}],"predecessor-version":[{"id":2795,"href":"https:\/\/usism.azores.gov.pt\/wp\/index.php?rest_route=\/wp\/v2\/pages\/2671\/revisions\/2795"}],"wp:featuredmedia":[{"embeddable":true,"href":"https:\/\/usism.azores.gov.pt\/wp\/index.php?rest_route=\/wp\/v2\/media\/2673"}],"wp:attachment":[{"href":"https:\/\/usism.azores.gov.pt\/wp\/index.php?rest_route=%2Fwp%2Fv2%2Fmedia&parent=2671"}],"curies":[{"name":"wp","href":"https:\/\/api.w.org\/{rel}","templated":true}]}}