{"id":2660,"date":"2024-02-05T09:52:06","date_gmt":"2024-02-05T10:52:06","guid":{"rendered":"https:\/\/usism.azores.gov.pt\/wp\/?page_id=2660"},"modified":"2024-02-05T09:52:06","modified_gmt":"2024-02-05T10:52:06","slug":"dia-mundial-da-luta-contra-o-cancro-4-de-fevereiro","status":"publish","type":"page","link":"https:\/\/usism.azores.gov.pt\/wp\/?page_id=2660","title":{"rendered":"Dia Mundial da Luta Contra o Cancro &#8211; 4 de fevereiro"},"content":{"rendered":"<p>Dia Mundial da Luta Contra o Cancro \u2013 4 de fevereiro<\/p>\n<p>&nbsp;<\/p>\n<p>O dia 4 de fevereiro assinala o Dia Mundial da Luta Contra o Cancro. A comemora\u00e7\u00e3o deste dia, criado em 2000, pela <a href=\"https:\/\/www.uicc.org\/\">Uni\u00e3o Internacional de Controlo do Cancro<\/a> (UICC), a maior e mais antiga organiza\u00e7\u00e3o internacional dedicada a combater o cancro, da qual a Liga Portuguesa Contra o Cancro \u00e9 afiliada desde 1983, acontece com o intuito de consciencializar, melhorar a literacia e promover a a\u00e7\u00e3o pessoal e coletiva, na luta contra o cancro.<\/p>\n<p>O cancro representa, para a sociedade moderna, um dos maiores desafios de sa\u00fade p\u00fablica. O n\u00famero de casos oncol\u00f3gicos tem apresentado, a n\u00edvel mundial, uma tend\u00eancia anual de crescimento. Apesar desta realidade, a evid\u00eancia cient\u00edfica confirma que <strong>mais de um ter\u00e7o dos casos de cancro pode ser evitado<\/strong> sendo que outro ter\u00e7o pode ser curado, se detetado precocemente e tratado adequadamente<a href=\"#_ftn1\" name=\"_ftnref1\"><sup>[1]<\/sup><\/a>.<\/p>\n<p>A preven\u00e7\u00e3o prim\u00e1ria do cancro, consiste na ado\u00e7\u00e3o de comportamentos promotores da sa\u00fade, que atuam de forma protetora, evitando <strong>fatores de risco. <\/strong>Como exemplo: evitar o consumo de tabaco, prevenir a exposi\u00e7\u00e3o inadequada \u00e0 luz solar, evitar a submiss\u00e3o a radia\u00e7\u00e3o ionizante, o contacto com determinados qu\u00edmicos ou subst\u00e2ncias t\u00f3xicas, prevenir a infe\u00e7\u00e3o por certos v\u00edrus e bact\u00e9rias, adotar um padr\u00e3o alimentar adequado, rico em vegetais e frutas, evitar o consumo de \u00e1lcool e ainda, praticar atividade f\u00edsica de forma regular de forma a evitar o excesso de peso<a href=\"#_ftn2\" name=\"_ftnref2\"><sup>[2]<\/sup><\/a>.<\/p>\n<p>Outra medida importante, para a preven\u00e7\u00e3o secund\u00e1ria da doen\u00e7a, passa pela sua <strong>dete\u00e7\u00e3o precoce<\/strong>. Esta \u00e9 poss\u00edvel pelo diagn\u00f3stico atempado e monitoriza\u00e7\u00e3o adequada de sinais sugestivos da doen\u00e7a. Se identificar algum sinal ou sintoma que possa ser sugestivo de d\u00favida com o seu estado de sa\u00fade, dever\u00e1 procurar aconselhamento m\u00e9dico para a sua correta avalia\u00e7\u00e3o e encaminhamento<a href=\"#_ftn3\" name=\"_ftnref3\">[3]<\/a>. Entre os sinais mais frequentes, dever\u00e1 estar alerta para: a modifica\u00e7\u00e3o da cor, dimens\u00e3o ou presen\u00e7a de ferida em verruga ou sinal, altera\u00e7\u00e3o dos seus h\u00e1bitos intestinais ou urin\u00e1rios, aparecimento de rouquid\u00e3o ou tosse persistente, dificuldade em engolir ou m\u00e1 digest\u00e3o permanente, presen\u00e7a de feridas que n\u00e3o cicatrizam, hemorragia ou corrimento anormal pelos orif\u00edcios naturais, n\u00f3dulos ou rigidez persistente na mama ou em outra parte do corpo<a href=\"#_ftn4\" name=\"_ftnref4\">[4]<\/a>.<\/p>\n<p>A participa\u00e7\u00e3o nos rastreios oncol\u00f3gicos em curso \u00e9 uma medida igualmente importante para a preven\u00e7\u00e3o oncol\u00f3gica. \u00a0Os rastreios s\u00e3o processos de diagn\u00f3stico que t\u00eam como objetivo identificar, de forma atempada, novos casos de\u00a0<a href=\"https:\/\/www.sns24.gov.pt\/tema\/doencas-oncologicas\/cancro\/\">cancro<\/a>,\u00a0 em pessoas que n\u00e3o apresentam sintomas de doen\u00e7a.<\/p>\n<p>Atualmente, na Regi\u00e3o Aut\u00f3noma dos A\u00e7ores, decorrem 4 rastreios organizados para a popula\u00e7\u00e3o adulta: o<strong> ROCMA<\/strong> (<strong>Rastreio Organizado de Cancro da Mama<\/strong>), est\u00e1 endere\u00e7ado ao diagn\u00f3stico precoce de Cancro da Mama, dirige-se \u00e0 popula\u00e7\u00e3o feminina com idade entre os 45 e os 74 anos e \u00e9 feito de dois em dois anos, nas unidades de rastreio m\u00f3vel. O <strong>ROCCA <\/strong>(<strong>Rastreio Organizado de Cancro do Colo do \u00datero<\/strong>), dirige-se \u00e0 popula\u00e7\u00e3o feminina entre os 25 e os 64 anos, identificando a presen\u00e7a do v\u00edrus do papiloma humano (HPV) nos serotipos oncog\u00e9nicos, sendo repetido de cinco em cinco anos, no seu centro de sa\u00fade. O <strong>ROCCRA <\/strong>(<strong>Rastreio Organizado de Cancro do C\u00f3lon e Reto<\/strong>) \u00e9 dedicado \u00e0 popula\u00e7\u00e3o adulta entre os 50 e os 74 anos e pesquisa a presen\u00e7a de sangue oculto nas fezes, por m\u00e9todo imunoqu\u00edmico, devendo ser repetido de 2 em 2 anos. Por \u00faltimo, o <strong>PICCOA<\/strong> (<strong>Programa de Interven\u00e7\u00e3o de Cancro na Cavidade Oral nos A\u00e7ores<\/strong>) inclui a popula\u00e7\u00e3o adulta entre os 40 e os 74 anos de idade e \u00e9 realizado atrav\u00e9s de uma consulta por m\u00e9dico dentista, de cinco em cinco anos<a href=\"#_ftn5\" name=\"_ftnref5\">[5]<\/a>.<\/p>\n<p>A sociedade assiste a avan\u00e7os extraordin\u00e1rios no conhecimento cient\u00edfico, medicina, diagn\u00f3stico e tratamento do cancro, por meio do investimento em investiga\u00e7\u00e3o e inova\u00e7\u00e3o. Esta evolu\u00e7\u00e3o representa um significativo potencial de preven\u00e7\u00e3o oncol\u00f3gica. Quanto mais soubermos, melhor poderemos intervir na redu\u00e7\u00e3o dos fatores de risco, aumentando a preven\u00e7\u00e3o e melhorando o diagn\u00f3stico precoce da doen\u00e7a oncol\u00f3gica<a href=\"#_ftn6\" name=\"_ftnref6\">[6]<\/a>. Como?<a href=\"#_ftnref1\" name=\"_ftn1\"><\/a><\/p>\n<ul>\n<li>Integre e mantenha, na sua rotina, <strong>bons h\u00e1bitos<\/strong>, para promover a <strong>sua Sa\u00fade<\/strong>!<\/li>\n<li><strong>Esteja atento<\/strong> e consulte o m\u00e9dico, se notar altera\u00e7\u00f5es ao seu estado de sa\u00fade!<\/li>\n<li>Se foi contactado para integrar os <strong>rastreios oncol\u00f3gicos<\/strong> em curso, <strong>participe<\/strong>!<\/li>\n<\/ul>\n<hr \/>\n<p>[1] Liga Portuguesa Contra o Cancro. Dia Mundial do Cancro. <a href=\"https:\/\/www.ligacontracancro.pt\/dmc\/\">Dia Mundial do Cancro : Liga Portuguesa Contra o Cancro (ligacontracancro.pt)<\/a>. acedido a 30\/01\/2024<\/p>\n<p>[2] World Health Organization. Cancer: Key facts.\u00a0 <a href=\"https:\/\/www.who.int\/news-room\/fact-sheets\/detail\/cancer\">Cancer (who.int)<\/a>. acedido a 30\/01\/2024<\/p>\n<p>[3] World Health Organization. Cancer: Early detection. <a href=\"https:\/\/www.who.int\/news-room\/fact-sheets\/detail\/cancer#Overview\">Cancer (who.int)<\/a>. acedido a 30\/01\/2024<\/p>\n<p>[4] Servi\u00e7o Nacional de Sa\u00fade 24. Cancro. <a href=\"https:\/\/www.sns24.gov.pt\/tema\/doencas-oncologicas\/cancro\/#quais-os-principais-sinais-e-sintomas-do-cancro\">Cancro (sns24.gov.pt)<\/a>. acedido a 30\/01\/2024<\/p>\n<p>[5] Centro de Oncologia dos A\u00e7ores. Relat\u00f3rio de Atividades 2022. <a href=\"https:\/\/portal.azores.gov.pt\/documents\/37454\/20d46279-2462-a3b5-a21d-8c345baf83b9\">20d46279-2462-a3b5-a21d-8c345baf83b9 (azores.gov.pt)<\/a> acedido a 30\/01\/2024<\/p>\n<p>[6] Liga Portuguesa Contra o cancro. Fatores de Risco. <a href=\"https:\/\/www.ligacontracancro.pt\/factores-de-risco\/\">Factores de Risco : Liga Portuguesa Contra o Cancro (ligacontracancro.pt)<\/a>. acedido a 30\/01\/2024<\/p>\n","protected":false},"excerpt":{"rendered":"<p>Dia Mundial da Luta Contra o Cancro \u2013 4 de fevereiro &nbsp; O dia 4 de fevereiro assinala o Dia Mundial da Luta Contra o Cancro. A comemora\u00e7\u00e3o deste dia, criado em 2000, pela Uni\u00e3o Internacional de Controlo do Cancro (UICC), a maior e mais antiga organiza\u00e7\u00e3o internacional dedicada a combater o cancro, da qual [&hellip;]<\/p>\n","protected":false},"author":8,"featured_media":2661,"parent":971,"menu_order":0,"comment_status":"closed","ping_status":"closed","template":"","meta":{"footnotes":""},"class_list":["post-2660","page","type-page","status-publish","has-post-thumbnail","hentry"],"_links":{"self":[{"href":"https:\/\/usism.azores.gov.pt\/wp\/index.php?rest_route=\/wp\/v2\/pages\/2660","targetHints":{"allow":["GET"]}}],"collection":[{"href":"https:\/\/usism.azores.gov.pt\/wp\/index.php?rest_route=\/wp\/v2\/pages"}],"about":[{"href":"https:\/\/usism.azores.gov.pt\/wp\/index.php?rest_route=\/wp\/v2\/types\/page"}],"author":[{"embeddable":true,"href":"https:\/\/usism.azores.gov.pt\/wp\/index.php?rest_route=\/wp\/v2\/users\/8"}],"replies":[{"embeddable":true,"href":"https:\/\/usism.azores.gov.pt\/wp\/index.php?rest_route=%2Fwp%2Fv2%2Fcomments&post=2660"}],"version-history":[{"count":1,"href":"https:\/\/usism.azores.gov.pt\/wp\/index.php?rest_route=\/wp\/v2\/pages\/2660\/revisions"}],"predecessor-version":[{"id":2662,"href":"https:\/\/usism.azores.gov.pt\/wp\/index.php?rest_route=\/wp\/v2\/pages\/2660\/revisions\/2662"}],"up":[{"embeddable":true,"href":"https:\/\/usism.azores.gov.pt\/wp\/index.php?rest_route=\/wp\/v2\/pages\/971"}],"wp:featuredmedia":[{"embeddable":true,"href":"https:\/\/usism.azores.gov.pt\/wp\/index.php?rest_route=\/wp\/v2\/media\/2661"}],"wp:attachment":[{"href":"https:\/\/usism.azores.gov.pt\/wp\/index.php?rest_route=%2Fwp%2Fv2%2Fmedia&parent=2660"}],"curies":[{"name":"wp","href":"https:\/\/api.w.org\/{rel}","templated":true}]}}