{"id":2614,"date":"2023-11-02T15:13:53","date_gmt":"2023-11-02T16:13:53","guid":{"rendered":"https:\/\/usism.azores.gov.pt\/wp\/?page_id=2614"},"modified":"2024-05-29T14:53:30","modified_gmt":"2024-05-29T15:53:30","slug":"cessacao-tabagica","status":"publish","type":"page","link":"https:\/\/usism.azores.gov.pt\/wp\/?page_id=2614","title":{"rendered":"Apoio Intensivo \u00e0 Cessa\u00e7\u00e3o Tab\u00e1gica"},"content":{"rendered":"<p><strong>Consulta especializada de apoio intensivo aos utentes que pretendem deixar de fumar.<\/strong><\/p>\n<p>&nbsp;<\/p>\n<p><a href=\"https:\/\/usism.azores.gov.pt\/wp\/?wpfb_dl=88\" target=\"_blank\" rel=\"noopener\">Consulta de Apoio Intensivo \u00e0 Cessa\u00e7\u00e3o Tab\u00e1gica<\/a><\/p>\n<p>&nbsp;<\/p>\n<p><a href=\"https:\/\/usism.azores.gov.pt\/wp\/?wpfb_dl=89\" target=\"_blank\" rel=\"noopener\">Interven\u00e7\u00e3o Breve na Cessa\u00e7\u00e3o Tab\u00e1gica<\/a><\/p>\n<p>&nbsp;<\/p>\n<p><a href=\"https:\/\/usism.azores.gov.pt\/wp\/?wpfb_dl=90\" target=\"_blank\" rel=\"noopener\">Dia Mundial do N\u00e3o Fumador<\/a><\/p>\n<p>&nbsp;<\/p>\n<p>Para mais informa\u00e7\u00e3o acerca da Consulta Especializada, contacte atrav\u00e9s dos seguintes n\u00fameros:<\/p>\n<ul data-editing-info=\"{&quot;orderedStyleType&quot;:1,&quot;unorderedStyleType&quot;:2}\">\n<li data-ogsc=\"rgb(0, 0, 0)\">\n<div class=\"x_elementToProof\" data-ogsc=\"rgb(0, 0, 0)\">Centro de Sa\u00fade Ponta Delgada &#8211; 296 205 269<\/div>\n<\/li>\n<li data-ogsc=\"rgb(0, 0, 0)\">\n<div class=\"x_elementToProof\" data-ogsc=\"rgb(0, 0, 0)\">Centro Sa\u00fade Nordeste &#8211; 296 480 090<\/div>\n<\/li>\n<li data-ogsc=\"rgb(0, 0, 0)\">\n<div class=\"x_elementToProof\" data-ogsc=\"rgb(0, 0, 0)\">Centro Sa\u00fade Povoa\u00e7\u00e3o &#8211; 296 550 150<\/div>\n<\/li>\n<li data-ogsc=\"rgb(0, 0, 0)\">\n<div class=\"x_elementToProof\" data-ogsc=\"rgb(0, 0, 0)\">Centro Sa\u00fade Lagoa &#8211; 296 960 280<\/div>\n<\/li>\n<li data-ogsc=\"rgb(0, 0, 0)\">\n<div class=\"x_elementToProof\" data-ogsc=\"rgb(0, 0, 0)\">Centro Sa\u00fade Vila Franca do Campo &#8211; 296539420<\/div>\n<\/li>\n<li data-ogsc=\"rgb(0, 0, 0)\">\n<div class=\"x_elementToProof\" data-ogsc=\"rgb(0, 0, 0)\">Centro Sa\u00fade Ribeira Grande &#8211; 296 470 500<\/div>\n<\/li>\n<\/ul>\n","protected":false},"excerpt":{"rendered":"<p>Consulta especializada de apoio intensivo aos utentes que pretendem deixar de fumar. &nbsp; Consulta de Apoio Intensivo \u00e0 Cessa\u00e7\u00e3o Tab\u00e1gica &nbsp; Interven\u00e7\u00e3o Breve na Cessa\u00e7\u00e3o Tab\u00e1gica &nbsp; Dia Mundial do N\u00e3o Fumador &nbsp; Para mais informa\u00e7\u00e3o acerca da Consulta Especializada, contacte atrav\u00e9s dos seguintes n\u00fameros: Centro de Sa\u00fade Ponta Delgada &#8211; 296 205 269 Centro [&hellip;]<\/p>\n","protected":false},"author":8,"featured_media":2615,"parent":557,"menu_order":1,"comment_status":"closed","ping_status":"closed","template":"","meta":{"footnotes":""},"class_list":["post-2614","page","type-page","status-publish","has-post-thumbnail","hentry"],"_links":{"self":[{"href":"https:\/\/usism.azores.gov.pt\/wp\/index.php?rest_route=\/wp\/v2\/pages\/2614","targetHints":{"allow":["GET"]}}],"collection":[{"href":"https:\/\/usism.azores.gov.pt\/wp\/index.php?rest_route=\/wp\/v2\/pages"}],"about":[{"href":"https:\/\/usism.azores.gov.pt\/wp\/index.php?rest_route=\/wp\/v2\/types\/page"}],"author":[{"embeddable":true,"href":"https:\/\/usism.azores.gov.pt\/wp\/index.php?rest_route=\/wp\/v2\/users\/8"}],"replies":[{"embeddable":true,"href":"https:\/\/usism.azores.gov.pt\/wp\/index.php?rest_route=%2Fwp%2Fv2%2Fcomments&post=2614"}],"version-history":[{"count":5,"href":"https:\/\/usism.azores.gov.pt\/wp\/index.php?rest_route=\/wp\/v2\/pages\/2614\/revisions"}],"predecessor-version":[{"id":2786,"href":"https:\/\/usism.azores.gov.pt\/wp\/index.php?rest_route=\/wp\/v2\/pages\/2614\/revisions\/2786"}],"up":[{"embeddable":true,"href":"https:\/\/usism.azores.gov.pt\/wp\/index.php?rest_route=\/wp\/v2\/pages\/557"}],"wp:featuredmedia":[{"embeddable":true,"href":"https:\/\/usism.azores.gov.pt\/wp\/index.php?rest_route=\/wp\/v2\/media\/2615"}],"wp:attachment":[{"href":"https:\/\/usism.azores.gov.pt\/wp\/index.php?rest_route=%2Fwp%2Fv2%2Fmedia&parent=2614"}],"curies":[{"name":"wp","href":"https:\/\/api.w.org\/{rel}","templated":true}]}}