{"id":2561,"date":"2023-08-04T08:07:17","date_gmt":"2023-08-04T09:07:17","guid":{"rendered":"https:\/\/usism.azores.gov.pt\/wp\/?page_id=2561"},"modified":"2023-08-04T08:22:53","modified_gmt":"2023-08-04T09:22:53","slug":"assistentes-tecnicos","status":"publish","type":"page","link":"https:\/\/usism.azores.gov.pt\/wp\/?page_id=2561","title":{"rendered":"Assistentes T\u00e9cnicos"},"content":{"rendered":"<table class=\"table table-striped table-bordered\">\r\n<thead>\r\n\t<tr><th scope=\"col\"><a href=\"\/wp\/index.php?rest_route=%2Fwp%2Fv2%2Fpages%2F2561&wpfb_file_sort=&lt;file_display_name\">T\u00edtulo<\/a><\/th><\/tr>\r\n<\/thead>\r\n<tbody><tr><td><a href=\"https:\/\/usism.azores.gov.pt\/wp\/?wpfb_dl=138\" target=\"_blank\">C\u00f3digo Do Procedimento Administrativo<\/a><\/tr><tr><td><a href=\"https:\/\/usism.azores.gov.pt\/wp\/?wpfb_dl=139\" target=\"_blank\">C\u00f3digo Do Trabalho<\/a><\/tr><tr><td><a href=\"https:\/\/usism.azores.gov.pt\/wp\/?wpfb_dl=140\" target=\"_blank\">C\u00f3digo Dos Contratos P\u00fablicos<\/a><\/tr><tr><td><a href=\"https:\/\/usism.azores.gov.pt\/wp\/?wpfb_dl=141\" target=\"_blank\">Constitui\u00e7\u00e3o Da Rep\u00fablica Portuguesa<\/a><\/tr><tr><td><a href=\"https:\/\/usism.azores.gov.pt\/wp\/?wpfb_dl=142\" target=\"_blank\">Decreto Legislativo Regional N \u00ba26 2008 A<\/a><\/tr><tr><td><a href=\"https:\/\/usism.azores.gov.pt\/wp\/?wpfb_dl=143\" target=\"_blank\">Estrutura Org\u00e2nica USISM<\/a><\/tr><tr><td><a href=\"https:\/\/usism.azores.gov.pt\/wp\/?wpfb_dl=144\" target=\"_blank\">Lei Geral Do Trabalho Em Fun\u00e7\u00f5es P\u00fablicas<\/a><\/tr><tr><td><a href=\"https:\/\/usism.azores.gov.pt\/wp\/?wpfb_dl=145\" target=\"_blank\">Lei N \u00ba 12 2005, De 26 De Janeiro<\/a><\/tr><tr><td><a href=\"https:\/\/usism.azores.gov.pt\/wp\/?wpfb_dl=146\" target=\"_blank\">Lei N \u00ba 58 2019, De 08 De Agosto<\/a><\/tr><tr><td><a href=\"https:\/\/usism.azores.gov.pt\/wp\/?wpfb_dl=147\" target=\"_blank\">Regime Jur\u00eddico Dos Contratos P\u00fablicos Na RAA<\/a><\/tr><tr><td><a href=\"https:\/\/usism.azores.gov.pt\/wp\/?wpfb_dl=148\" target=\"_blank\">Regulamento(UE) N \u00ba 679 2016, De 27 De Abril<\/a><\/tr><tr><td><a href=\"https:\/\/usism.azores.gov.pt\/wp\/?wpfb_dl=149\" target=\"_blank\">SIADAPRA<\/a><\/tr><tr><td><a href=\"https:\/\/usism.azores.gov.pt\/wp\/?wpfb_dl=150\" target=\"_blank\">SNC AP<\/a><\/tr><\/tbody>\r\n<\/table>\r\n<div class=\"tablenav-pages\"><\/div>\n","protected":false},"excerpt":{"rendered":"","protected":false},"author":3,"featured_media":1524,"parent":1518,"menu_order":0,"comment_status":"closed","ping_status":"closed","template":"","meta":{"footnotes":""},"class_list":["post-2561","page","type-page","status-publish","has-post-thumbnail","hentry"],"_links":{"self":[{"href":"https:\/\/usism.azores.gov.pt\/wp\/index.php?rest_route=\/wp\/v2\/pages\/2561","targetHints":{"allow":["GET"]}}],"collection":[{"href":"https:\/\/usism.azores.gov.pt\/wp\/index.php?rest_route=\/wp\/v2\/pages"}],"about":[{"href":"https:\/\/usism.azores.gov.pt\/wp\/index.php?rest_route=\/wp\/v2\/types\/page"}],"author":[{"embeddable":true,"href":"https:\/\/usism.azores.gov.pt\/wp\/index.php?rest_route=\/wp\/v2\/users\/3"}],"replies":[{"embeddable":true,"href":"https:\/\/usism.azores.gov.pt\/wp\/index.php?rest_route=%2Fwp%2Fv2%2Fcomments&post=2561"}],"version-history":[{"count":3,"href":"https:\/\/usism.azores.gov.pt\/wp\/index.php?rest_route=\/wp\/v2\/pages\/2561\/revisions"}],"predecessor-version":[{"id":2567,"href":"https:\/\/usism.azores.gov.pt\/wp\/index.php?rest_route=\/wp\/v2\/pages\/2561\/revisions\/2567"}],"up":[{"embeddable":true,"href":"https:\/\/usism.azores.gov.pt\/wp\/index.php?rest_route=\/wp\/v2\/pages\/1518"}],"wp:featuredmedia":[{"embeddable":true,"href":"https:\/\/usism.azores.gov.pt\/wp\/index.php?rest_route=\/wp\/v2\/media\/1524"}],"wp:attachment":[{"href":"https:\/\/usism.azores.gov.pt\/wp\/index.php?rest_route=%2Fwp%2Fv2%2Fmedia&parent=2561"}],"curies":[{"name":"wp","href":"https:\/\/api.w.org\/{rel}","templated":true}]}}