{"id":2120,"date":"2021-11-25T09:27:57","date_gmt":"2021-11-25T10:27:57","guid":{"rendered":"http:\/\/usism.pt\/wp\/?page_id=2120"},"modified":"2023-05-24T08:00:30","modified_gmt":"2023-05-24T09:00:30","slug":"processos-assistenciais-integrados","status":"publish","type":"page","link":"https:\/\/usism.azores.gov.pt\/wp\/?page_id=2120","title":{"rendered":"Processos Assistenciais Integrados"},"content":{"rendered":"<p>Consulte os seguintes documentos:<\/p>\n<p><a href=\"https:\/\/usism.azores.gov.pt\/wp\/wp-content\/uploads\/2023\/05\/Modelo.USFC_.300.1.4-A-Folheto-Roteiro-de-informacao-a-pessoa-com-asma.pdf\" target=\"_blank\" rel=\"noopener\">Panfleto de informa\u00e7\u00e3o \u00e0 pessoa com Asma<\/a><\/p>\n<p><a href=\"\/\/usism.azores.gov.pt\/wp\/wp-content\/uploads\/2023\/05\/Panfleto-SAI-300-1-2_A-Roteiro-de-Informacao-a-pessoa-adulta-com-Pre-obesidade-revisto.pdf\" target=\"_blank\" rel=\"noopener\">Panfleto de informa\u00e7\u00e3o \u00e0 pessoa adulta com Pr\u00e9-obesidade<\/a><\/p>\n<p><a href=\"https:\/\/usism.azores.gov.pt\/wp\/wp-content\/uploads\/2023\/05\/Panfleto-SAI-300-1-3_A-Roteiro-de-Informacao-a-pessoa-Adulta-com-RV.pdf\" target=\"_blank\" rel=\"noopener\">Panfleto de informa\u00e7\u00e3o \u00e0 pessoa Adulta com RV<\/a><\/p>\n<p><a href=\"https:\/\/usism.azores.gov.pt\/wp\/wp-content\/uploads\/2023\/05\/SIJ.300.1.1_A-Roteiro-de-Informacao-Crianca-e-adolescente-com-Febre.pdf\" target=\"_blank\" rel=\"noopener\">Panfleto de informa\u00e7\u00e3o crian\u00e7a e adolescente com febre<\/a><\/p>\n<p><a href=\"https:\/\/usism.azores.gov.pt\/wp\/wp-content\/uploads\/2023\/05\/Panfleto-SAI.300.1.1_A-Roteiro-Informacao-a-Pessoa-com-Diabetes-Mellitus-tipo-2.pdf\" target=\"_blank\" rel=\"noopener\">Panfleto de\u00a0 informa\u00e7\u00e3o \u00e0 pessoa com diabetes mellitus tipo 2<\/a><\/p>\n","protected":false},"excerpt":{"rendered":"<p>Consulte os seguintes documentos: Panfleto de informa\u00e7\u00e3o \u00e0 pessoa com Asma Panfleto de informa\u00e7\u00e3o \u00e0 pessoa adulta com Pr\u00e9-obesidade Panfleto de informa\u00e7\u00e3o \u00e0 pessoa Adulta com RV Panfleto de informa\u00e7\u00e3o crian\u00e7a e adolescente com febre Panfleto de\u00a0 informa\u00e7\u00e3o \u00e0 pessoa com diabetes mellitus tipo 2<\/p>\n","protected":false},"author":1,"featured_media":2122,"parent":971,"menu_order":0,"comment_status":"closed","ping_status":"closed","template":"","meta":{"footnotes":""},"class_list":["post-2120","page","type-page","status-publish","has-post-thumbnail","hentry"],"_links":{"self":[{"href":"https:\/\/usism.azores.gov.pt\/wp\/index.php?rest_route=\/wp\/v2\/pages\/2120","targetHints":{"allow":["GET"]}}],"collection":[{"href":"https:\/\/usism.azores.gov.pt\/wp\/index.php?rest_route=\/wp\/v2\/pages"}],"about":[{"href":"https:\/\/usism.azores.gov.pt\/wp\/index.php?rest_route=\/wp\/v2\/types\/page"}],"author":[{"embeddable":true,"href":"https:\/\/usism.azores.gov.pt\/wp\/index.php?rest_route=\/wp\/v2\/users\/1"}],"replies":[{"embeddable":true,"href":"https:\/\/usism.azores.gov.pt\/wp\/index.php?rest_route=%2Fwp%2Fv2%2Fcomments&post=2120"}],"version-history":[{"count":7,"href":"https:\/\/usism.azores.gov.pt\/wp\/index.php?rest_route=\/wp\/v2\/pages\/2120\/revisions"}],"predecessor-version":[{"id":2529,"href":"https:\/\/usism.azores.gov.pt\/wp\/index.php?rest_route=\/wp\/v2\/pages\/2120\/revisions\/2529"}],"up":[{"embeddable":true,"href":"https:\/\/usism.azores.gov.pt\/wp\/index.php?rest_route=\/wp\/v2\/pages\/971"}],"wp:featuredmedia":[{"embeddable":true,"href":"https:\/\/usism.azores.gov.pt\/wp\/index.php?rest_route=\/wp\/v2\/media\/2122"}],"wp:attachment":[{"href":"https:\/\/usism.azores.gov.pt\/wp\/index.php?rest_route=%2Fwp%2Fv2%2Fmedia&parent=2120"}],"curies":[{"name":"wp","href":"https:\/\/api.w.org\/{rel}","templated":true}]}}