{"id":1644,"date":"2020-03-20T18:39:47","date_gmt":"2020-03-20T19:39:47","guid":{"rendered":"http:\/\/usism.pt\/wp\/?page_id=1644"},"modified":"2025-05-22T10:31:07","modified_gmt":"2025-05-22T11:31:07","slug":"pedidos-de-receituario","status":"publish","type":"page","link":"https:\/\/usism.azores.gov.pt\/wp\/?page_id=1644","title":{"rendered":"Contactos e Pedidos de Receitu\u00e1rio"},"content":{"rendered":"<p>A renova\u00e7\u00e3o do receitu\u00e1rio dos utentes seguidos pelos M\u00e9dicos de Medicina Geral e Familiar da USISM, deve ser tratada atrav\u00e9s dos seguintes contactos:<\/p>\n<p>&nbsp;<\/p>\n<table  class=\" table table-hover\" >\n<tbody>\n<tr>\n<td style=\"text-align: center;\" width=\"299\"><strong>Centro de Sa\u00fade de Ponta Delgada<\/strong><\/td>\n<td style=\"text-align: center;\" width=\"100\"><strong>Telefone<\/strong><\/td>\n<td style=\"text-align: center;\" width=\"255\"><strong>Email<\/strong><\/td>\n<\/tr>\n<tr>\n<td>Sede (Geral)<\/td>\n<td>296 249 220<\/td>\n<td>usismiguel.gestutentes@azores.gov.pt<\/td>\n<\/tr>\n<tr>\n<td>Sede (M\u00f3dulo A)<\/td>\n<td><\/td>\n<td>usismiguel.moduloa@azores.gov.pt<\/td>\n<\/tr>\n<tr>\n<td>Sede (M\u00f3dulo B)<\/td>\n<td><\/td>\n<td>usismiguel.modulob@azores.gov.pt<\/td>\n<\/tr>\n<tr>\n<td>Sede (M\u00f3dulo C)<\/td>\n<td><\/td>\n<td>usismiguel.moduloc@azores.gov.pt<\/td>\n<\/tr>\n<tr>\n<td>Sede (M\u00f3dulo D)<\/td>\n<td><\/td>\n<td>usismiguel.modulod@azores.gov.pt<\/td>\n<\/tr>\n<tr>\n<td>Unidade de Sa\u00fade \u00c1gua de Pau<\/td>\n<td>296 913 555<\/td>\n<td>usismiguel.gestutentes@azores.gov.pt<\/td>\n<\/tr>\n<tr>\n<td>Unidade de Sa\u00fade Arrifes<\/td>\n<td>296 682 131<\/td>\n<td>usismiguel.arrifes@azores.gov.pt<\/td>\n<\/tr>\n<tr>\n<td>Unidade de Sa\u00fade Candel\u00e1ria<\/td>\n<td>296 295 055<\/td>\n<td>usismiguel.gestutentes@azores.gov.pt<\/td>\n<\/tr>\n<tr>\n<td>Unidade de Sa\u00fade Capelas<\/td>\n<td>296 248 240<\/td>\n<td>usismiguel.capelas@azores.gov.pt<\/td>\n<\/tr>\n<tr>\n<td>Unidade de Sa\u00fade Covoada<\/td>\n<td>296 682 150<\/td>\n<td>usismiguel.gestutentes@azores.gov.pt<\/td>\n<\/tr>\n<tr>\n<td>Unidade de Sa\u00fade de Faj\u00e3 de Baixo<\/td>\n<td>296 382 381<\/td>\n<td>usismiguel.gestutentes@azores.gov.pt<\/td>\n<\/tr>\n<tr>\n<td>Unidade de Sa\u00fade de Faj\u00e3 de Cima<\/td>\n<td>296 638 242<\/td>\n<td>usismiguel.gestutentes@azores.gov.pt<\/td>\n<\/tr>\n<tr>\n<td>Unidade de Sa\u00fade Fenais Luz<\/td>\n<td>296 919 651<\/td>\n<td>usismiguel.gestutentes@azores.gov.pt<\/td>\n<\/tr>\n<tr>\n<td>Unidade de Sa\u00fade Feteiras<\/td>\n<td>296 914 332<\/td>\n<td>usismiguel.feteiras@azores.gov.pt<\/td>\n<\/tr>\n<tr>\n<td>Unidade de Sa\u00fade Ginetes<\/td>\n<td>296 295 100<\/td>\n<td>usismiguel.gestutentes@azores.gov.pt<\/td>\n<\/tr>\n<tr>\n<td>Unidade de Sa\u00fade Lagoa<\/td>\n<td>296 960 280<\/td>\n<td>usismiguel.lagoa@azores.gov.pt<\/td>\n<\/tr>\n<tr>\n<td>Unidade de Sa\u00fade Livramento<\/td>\n<td>296 385 580<\/td>\n<td>usismiguel.livramento@azores.gov.pt<\/td>\n<\/tr>\n<tr>\n<td>Unidade de Sa\u00fade Mosteiros<\/td>\n<td>296 950 010<\/td>\n<td>usismiguel.mosteiros@azores.gov.pt<\/td>\n<\/tr>\n<tr>\n<td>Unidade de Sa\u00fade Relva<\/td>\n<td>296 672 713<\/td>\n<td>usismiguel.gestutentes@azores.gov.pt<\/td>\n<\/tr>\n<tr>\n<td>Unidade de Sa\u00fade Rem\u00e9dios<\/td>\n<td>296 917 640<\/td>\n<td>usismiguel.gestutentes@azores.gov.pt<\/td>\n<\/tr>\n<tr>\n<td>Unidade de Sa\u00fade Ribeira Ch\u00e3<\/td>\n<td>296 913 760<\/td>\n<td>usismiguel.gestutentes@azores.gov.pt<\/td>\n<\/tr>\n<tr>\n<td>Unidade de Sa\u00fade Santo Ant\u00f3nio<\/td>\n<td>296 989 156<\/td>\n<td>usismiguel.gestutentes@azores.gov.pt<\/td>\n<\/tr>\n<tr>\n<td>Unidade de Sa\u00fade Sete Cidades<\/td>\n<td>296 295 930<\/td>\n<td>usismiguel.gestutentes@azores.gov.pt<\/td>\n<\/tr>\n<tr>\n<td style=\"text-align: center;\"><strong>Centro de Sa\u00fade de Povoa\u00e7\u00e3o<\/strong><\/td>\n<td style=\"text-align: center;\"><strong>Telefone<\/strong><\/td>\n<td style=\"text-align: center;\"><strong>Email<\/strong><\/td>\n<\/tr>\n<tr>\n<td>Sede<\/td>\n<td>296 550 150<\/td>\n<td>sres-csp@azores.gov.pt<\/td>\n<\/tr>\n<tr>\n<td>Unidade de Sa\u00fade de \u00c1gua Retorta<\/td>\n<td>296 586 185<\/td>\n<td><\/td>\n<\/tr>\n<tr>\n<td>Unidade de Sa\u00fade do Faial da Terra<\/td>\n<td>296 586 042<\/td>\n<td><\/td>\n<\/tr>\n<tr>\n<td>Unidade de Sa\u00fade das Furnas<\/td>\n<td>296 584 224<\/td>\n<td><\/td>\n<\/tr>\n<tr>\n<td>Unidade de Sa\u00fade da Ribeira Quente<\/td>\n<td>296 584 278<\/td>\n<td><\/td>\n<\/tr>\n<tr>\n<td style=\"text-align: center;\"><strong>Centro de Sa\u00fade de Ribeira Grande<\/strong><\/td>\n<td style=\"text-align: center;\"><strong>Telefone<\/strong><\/td>\n<td style=\"text-align: center;\"><strong>Email<\/strong><\/td>\n<\/tr>\n<tr>\n<td>Sede (Geral)<\/td>\n<td>296 470 500<\/td>\n<td><\/td>\n<\/tr>\n<tr>\n<td>Sede (M\u00f3dulo A)<br \/>\nM\u00e9dicos: M\u00e1rio Tavares e Pedro Silveira<\/td>\n<td><\/td>\n<td>csrg.moduloa@azores.gov.pt<\/td>\n<\/tr>\n<tr>\n<td>Sede (M\u00f3dulo B)<br \/>\nM\u00e9dicos: Felipe Ventura e Paula Ponte<\/td>\n<td><\/td>\n<td>csrg.modulob@azores.gov.pt<\/td>\n<\/tr>\n<tr>\n<td>Sede (M\u00f3dulo C)<br \/>\nM\u00e9dicos: Anabela Lopes, Bruno Tavares e Filipe Estrela<\/td>\n<td><\/td>\n<td>csrg.moduloc@azores.gov.pt<\/td>\n<\/tr>\n<tr>\n<td>Unidade de Sa\u00fade dos Fenais d&#8217;Ajuda<\/td>\n<td>296 462 555<\/td>\n<td>csrg.fenaisajuda@azores.gov.pt<\/td>\n<\/tr>\n<tr>\n<td>Unidade de Sa\u00fade da Lomba da Maia<\/td>\n<td>296 446 152<\/td>\n<td>csrg.maia@azores.gov.pt<\/td>\n<\/tr>\n<tr>\n<td>Unidade de Sa\u00fade da Maia<\/td>\n<td>296 442 600<\/td>\n<td>csrg.maia@azores.gov.pt<\/td>\n<\/tr>\n<tr>\n<td>Unidade de Sa\u00fade do Pico da Pedra<\/td>\n<td>296 498 880<\/td>\n<td>csrg.picopedra@azores.gov.pt<\/td>\n<\/tr>\n<tr>\n<td>Unidade de Sa\u00fade de Rabo de Peixe<\/td>\n<td>296 491 870 296 491 783 296 491 784<\/td>\n<td><\/td>\n<\/tr>\n<tr>\n<td style=\"text-align: center;\"><strong>Centro de Sa\u00fade de Nordeste<\/strong><\/td>\n<td style=\"text-align: center;\"><strong>Telefone<\/strong><\/td>\n<td style=\"text-align: center;\"><strong>Email<\/strong><\/td>\n<\/tr>\n<tr>\n<td>Geral CSN<\/td>\n<td>296 480 090<\/td>\n<td>sres-csn@azores.gov.pt<\/td>\n<\/tr>\n<tr>\n<td>Secretariado Cl\u00ednico &#8211; NSF1<\/td>\n<td>296 480 091<\/td>\n<td>nsfcsn1@azores.gov.pt<\/td>\n<\/tr>\n<tr>\n<td>Secretariado Cl\u00ednico &#8211; NSF2<\/td>\n<td>296 480 092<\/td>\n<td>nsfcsn2@azores.gov.pt<\/td>\n<\/tr>\n<tr>\n<td>Secretariado Cl\u00ednico &#8211; NSF3<\/td>\n<td>296 480 097<\/td>\n<td>nsfcsn3@azores.gov.pt<\/td>\n<\/tr>\n<tr>\n<td>Unidade de Sa\u00fade da Achada<\/td>\n<td>296 452 232<\/td>\n<td><\/td>\n<\/tr>\n<tr>\n<td style=\"text-align: center;\"><strong>Centro de Sa\u00fade de Vila Franca do Campo<\/strong><\/td>\n<td style=\"text-align: center;\"><strong>Telefone<\/strong><\/td>\n<td style=\"text-align: center;\"><strong>Email<\/strong><\/td>\n<\/tr>\n<tr>\n<td>Sede<\/td>\n<td>296 539 420<\/td>\n<td>sres-csvfc@azores.gov.pt<\/td>\n<\/tr>\n<tr>\n<td>N\u00facleo de Sa\u00fade Familiar 1<\/td>\n<td>296 539 420<\/td>\n<td>nsfcsvfc1@azores.gov.pt<\/td>\n<\/tr>\n<tr>\n<td>N\u00facleos de Sa\u00fade Familiar 2, 3 e 6<\/td>\n<td>296 539 420<\/td>\n<td>saudefamiliar.csvfc@azores.gov.pt<\/td>\n<\/tr>\n<tr>\n<td>N\u00facleos de Sa\u00fade Familiar 4 e 5<\/td>\n<td>296 539 420<\/td>\n<td>nsfcsvfc45@azores.gov.pt<\/td>\n<\/tr>\n<tr>\n<td>Secretariado cl\u00ednico 7<\/td>\n<td>296 539 420<\/td>\n<td>secretariadoclinico.csvfc@azores.gov.pt<\/td>\n<\/tr>\n<tr>\n<td>Unidade de Sa\u00fade de Ponta Gar\u00e7a<\/td>\n<td>296 587 550<\/td>\n<td>saudefamiliar-pontagarca.csvfc@azores.gov.pt<\/td>\n<\/tr>\n<\/tbody>\n<\/table>\n<p>*Caso a sua Unidade de Sa\u00fade n\u00e3o apare\u00e7a nesta lista, por favor, entre em contacto com a Sede<\/p>\n","protected":false},"excerpt":{"rendered":"<p>A renova\u00e7\u00e3o do receitu\u00e1rio dos utentes seguidos pelos M\u00e9dicos de Medicina Geral e Familiar da USISM, deve ser tratada atrav\u00e9s dos seguintes contactos: &nbsp; Centro de Sa\u00fade de Ponta Delgada Telefone Email Sede (Geral) 296 249 220 usismiguel.gestutentes@azores.gov.pt Sede (M\u00f3dulo A) usismiguel.moduloa@azores.gov.pt Sede (M\u00f3dulo B) usismiguel.modulob@azores.gov.pt Sede (M\u00f3dulo C) usismiguel.moduloc@azores.gov.pt Sede (M\u00f3dulo D) usismiguel.modulod@azores.gov.pt Unidade [&hellip;]<\/p>\n","protected":false},"author":1,"featured_media":2909,"parent":557,"menu_order":0,"comment_status":"closed","ping_status":"closed","template":"","meta":{"footnotes":""},"class_list":["post-1644","page","type-page","status-publish","has-post-thumbnail","hentry"],"_links":{"self":[{"href":"https:\/\/usism.azores.gov.pt\/wp\/index.php?rest_route=\/wp\/v2\/pages\/1644","targetHints":{"allow":["GET"]}}],"collection":[{"href":"https:\/\/usism.azores.gov.pt\/wp\/index.php?rest_route=\/wp\/v2\/pages"}],"about":[{"href":"https:\/\/usism.azores.gov.pt\/wp\/index.php?rest_route=\/wp\/v2\/types\/page"}],"author":[{"embeddable":true,"href":"https:\/\/usism.azores.gov.pt\/wp\/index.php?rest_route=\/wp\/v2\/users\/1"}],"replies":[{"embeddable":true,"href":"https:\/\/usism.azores.gov.pt\/wp\/index.php?rest_route=%2Fwp%2Fv2%2Fcomments&post=1644"}],"version-history":[{"count":15,"href":"https:\/\/usism.azores.gov.pt\/wp\/index.php?rest_route=\/wp\/v2\/pages\/1644\/revisions"}],"predecessor-version":[{"id":2960,"href":"https:\/\/usism.azores.gov.pt\/wp\/index.php?rest_route=\/wp\/v2\/pages\/1644\/revisions\/2960"}],"up":[{"embeddable":true,"href":"https:\/\/usism.azores.gov.pt\/wp\/index.php?rest_route=\/wp\/v2\/pages\/557"}],"wp:featuredmedia":[{"embeddable":true,"href":"https:\/\/usism.azores.gov.pt\/wp\/index.php?rest_route=\/wp\/v2\/media\/2909"}],"wp:attachment":[{"href":"https:\/\/usism.azores.gov.pt\/wp\/index.php?rest_route=%2Fwp%2Fv2%2Fmedia&parent=1644"}],"curies":[{"name":"wp","href":"https:\/\/api.w.org\/{rel}","templated":true}]}}