{"id":1518,"date":"2019-08-13T10:26:23","date_gmt":"2019-08-13T11:26:23","guid":{"rendered":"http:\/\/usism.pt\/wp\/?page_id=1518"},"modified":"2025-12-09T09:45:26","modified_gmt":"2025-12-09T10:45:26","slug":"recrutamento","status":"publish","type":"page","link":"https:\/\/usism.azores.gov.pt\/wp\/?page_id=1518","title":{"rendered":"Recrutamento"},"content":{"rendered":"\r\n<h3 class=\"wp-block-heading\">Procedimentos\u00a0em curso<\/h3>\r\n\r\n\r\n\r\n<p>Todos os procedimentos s\u00e3o publicitados na <strong>BEPA &#8211; Bolsa de Emprego P\u00fablico dos A\u00e7ores<\/strong>.<\/p>\r\n\r\n\r\n\r\n<p>Para mais informa\u00e7\u00e3o, consulte a BEPA, utilizando o <strong>n\u00famero da oferta<\/strong>: <a title=\"Nova janela: p\u00e1gina inicial da BEPA\" href=\"http:\/\/bepa.azores.gov.pt\/\" target=\"_blank\" rel=\"noopener noreferrer\">http:\/\/bepa.azores.gov.pt\/<\/a>.<\/p>\r\n<hr class=\"wp-block-separator has-alpha-channel-opacity\" \/>\r\n<p><strong>Descri\u00e7\u00e3o:\u00a0<\/strong>Contrato de trabalho em fun\u00e7\u00f5es p\u00fablicas por tempo indeterminado com vista ao provimento de <strong>1 vaga<\/strong>\u00a0de <b>T\u00e9cnico Auxiliar de Sa\u00fade <\/b>do quadro de Ilha de S\u00e3o Miguel afeto ao\/\u00e0 Unidade de Sa\u00fade da Ilha de S\u00e3o Miguel do Servi\u00e7o Regional de Sa\u00fade da Secretaria Regional da Sa\u00fade.<\/p>\r\n<ul class=\"wp-block-list\">\r\n<li><strong>Oferta BEPA<\/strong>: <a href=\"https:\/\/bep.azores.gov.pt\/OfertaDetalhe?EncryptedOfertaId=2b4b3dd6-9263-4a71-a80d-17bf126dc41c\" target=\"_blank\" rel=\"noopener\">1272\/2025<\/a><\/li>\r\n<li><strong>Data<\/strong>: 5-12-2025<\/li>\r\n<li><strong>Documentos de apoio: <\/strong><a href=\"https:\/\/usism.azores.gov.pt\/wp\/?page_id=3188\">https:\/\/usism.azores.gov.pt\/wp\/?page_id=3188<\/a><\/li>\r\n<\/ul>\r\n<hr class=\"wp-block-separator has-alpha-channel-opacity\" \/>\r\n<p><strong>Descri\u00e7\u00e3o:\u00a0<\/strong>Contrato de trabalho em fun\u00e7\u00f5es p\u00fablicas por https:\/\/usism.azores.gov.pt\/wp\/?page_id=1634tempo indeterminado com vista ao provimento de <strong>2\u00a0lugar(es)<\/strong>\u00a0de\u00a0<strong>Assistente Operacional<\/strong>\u00a0do quadro de Ilha de S\u00e3o Miguel afeto ao\/\u00e0 Unidade de Sa\u00fade da Ilha de S\u00e3o Miguel do Servi\u00e7o Regional de Sa\u00fade da Secretaria Regional da Sa\u00fade.<\/p>\r\n<ul class=\"wp-block-list\">\r\n<li><strong>Oferta BEPA<\/strong>: <a href=\"https:\/\/bep.azores.gov.pt\/BEPA_Portal\/OfertaDetalhe?EncryptedOfertaId=cce5eae2-1d73-4111-8fd6-13fb53ba540b\" target=\"_blank\" rel=\"noopener\">677\/2025<\/a><\/li>\r\n<li><strong>Data<\/strong>: 12-08-2025<\/li>\r\n<li><strong>Documentos de apoio: <\/strong><a href=\"https:\/\/usism.azores.gov.pt\/wp\/?page_id=1634\">https:\/\/usism.azores.gov.pt\/wp\/?page_id=1634<\/a><\/li>\r\n<\/ul>\r\n<hr class=\"wp-block-separator has-alpha-channel-opacity\" \/>\r\n<p><strong>Descri\u00e7\u00e3o:\u00a0<\/strong>Contrato de trabalho em fun\u00e7\u00f5es p\u00fablicas por tempo indeterminado com vista ao provimento de <strong>4\u00a0lugar(es)<\/strong>\u00a0de\u00a0<strong>Assistente T\u00e9cnico<\/strong>\u00a0do quadro de Ilha de S\u00e3o Miguel afeto ao\/\u00e0 Unidade de Sa\u00fade da Ilha de S\u00e3o Miguel do Servi\u00e7o Regional de Sa\u00fade da Secretaria Regional da Sa\u00fade.<\/p>\r\n<ul class=\"wp-block-list\">\r\n<li><strong>Oferta BEPA<\/strong>: <a href=\"https:\/\/bep.azores.gov.pt\/BEPA_Portal\/OfertaDetalhe?OfertaId=7075\" target=\"_blank\" rel=\"noopener\">492\/2025<\/a><\/li>\r\n<li><strong>Data<\/strong>: 11-06-2025<\/li>\r\n<li><strong>Documentos de apoio:<\/strong><a href=\"https:\/\/usism.azores.gov.pt\/wp\/?page_id=2561\"> https:\/\/usism.azores.gov.pt\/wp\/?page_id=2561<\/a><\/li>\r\n<\/ul>\r\n\r\n\r\n<hr class=\"wp-block-separator has-alpha-channel-opacity\" \/>\r\n\r\n\r\n<p><strong>Descri\u00e7\u00e3o:\u00a0<\/strong>Contrato de trabalho em fun\u00e7\u00f5es p\u00fablicas por tempo indeterminado de 1 T\u00e9cnicos Superiores na \u00e1rea de <strong>Engenharia Mec\u00e2nica \/ Eletromec\u00e2nica,\u00a0<\/strong>a afetar \u00e0 Unidade de Sa\u00fade da Ilha de S\u00e3o Miguel.<\/p>\r\n\r\n\r\n\r\n<ul class=\"wp-block-list\">\r\n<li><strong>Oferta BEPA:\u00a0<\/strong><a href=\"https:\/\/bep.azores.gov.pt\/OfertaDetalhe?CodOferta=5085&amp;Ori=Default.aspx\">1164\/2023<\/a><\/li>\r\n<li><strong>Data:\u00a0<\/strong>13-10-2023<\/li>\r\n<\/ul>\r\n\r\n\r\n<hr class=\"wp-block-separator has-alpha-channel-opacity\" \/>\r\n\r\n\r\n<p><strong>Descri\u00e7\u00e3o:\u00a0<\/strong>Contrato de trabalho em fun\u00e7\u00f5es p\u00fablicas por tempo indeterminado de 2 T\u00e9cnicos Superiores na \u00e1rea de <strong>Gest\u00e3o de Empresas \/ Economia,\u00a0<\/strong>a afetar \u00e0 Unidade de Sa\u00fade da Ilha de S\u00e3o Miguel.<\/p>\r\n\r\n\r\n\r\n<ul class=\"wp-block-list\">\r\n<li><strong>Oferta BEPA:\u00a0<\/strong><a href=\"https:\/\/bep.azores.gov.pt\/OfertaDetalhe?CodOferta=4964&amp;Ori=BEP\">1106\/2023<\/a><\/li>\r\n<li><strong>Data:\u00a0<\/strong>04-10-2023<\/li>\r\n<\/ul>\r\n\r\n\r\n<hr class=\"wp-block-separator has-alpha-channel-opacity\" \/>\r\n\r\n\r\n<p><strong>Descri\u00e7\u00e3o:\u00a0<\/strong>Contrato de trabalho em fun\u00e7\u00f5es p\u00fablicas, a termo resolutivo incerto, de um<strong> T\u00e9cnico Superior<\/strong>, na \u00e1rea de Direito, a afetar \u00e0 Unidade de Sa\u00fade da Ilha de S\u00e3o Miguel.<\/p>\r\n\r\n\r\n\r\n<ul class=\"wp-block-list\">\r\n<li><strong>Oferta BEPA<\/strong>: <a href=\"https:\/\/bep.azores.gov.pt\/OfertaDetalhe?CodOferta=4784\" target=\"_blank\" rel=\"noopener\">831\/2023<\/a><\/li>\r\n<li><strong>Data<\/strong>: 06-09-2023<\/li>\r\n<\/ul>\r\n\r\n\r\n<hr class=\"wp-block-separator has-alpha-channel-opacity\" \/>\r\n\r\n\r\n<p><strong>Descri\u00e7\u00e3o: <\/strong>Contrato de trabalho em fun\u00e7\u00f5es p\u00fablicas por tempo indeterminado com vista ao provimento de <strong>6 lugar(es)<\/strong> de <span style=\"font-size: 14pt;\"><strong>Assistente T\u00e9cnico<\/strong><\/span> do quadro de Ilha de S\u00e3o Miguel afeto ao\/\u00e0 Unidade de Sa\u00fade da Ilha de S\u00e3o Miguel do Servi\u00e7o Regional de Sa\u00fade da Secretaria Regional da Sa\u00fade.<\/p>\r\n\r\n\r\n\r\n<ul class=\"wp-block-list\">\r\n<li><strong>Oferta BEPA<\/strong>: <a href=\"https:\/\/bep.azores.gov.pt\/OfertaDoc\/d2114881-58d9-4e36-9356-f046c8d55cf4.pdf\">600\/2023<\/a><\/li>\r\n<li><strong>Data<\/strong>: 05-07-2023<\/li>\r\n<\/ul>\r\n\r\n\r\n<hr class=\"wp-block-separator has-alpha-channel-opacity\" \/>\r\n\r\n\r\n<p><strong>Descri\u00e7\u00e3o: <\/strong>Contrato de trabalho em fun\u00e7\u00f5es p\u00fablicas por tempo indeterminado de 2 TSDT &#8211; <span style=\"font-size: 14pt;\"><strong>Terapeuta da Fala<\/strong><\/span>, 1 TSDT &#8211; <span style=\"font-size: 14pt;\"><strong>Terapeuta Ocupacional<\/strong><\/span> e 1 TSDT- <span style=\"font-size: 14pt;\"><strong>Fisioterapeuta<\/strong><\/span>, atrav\u00e9s de procedimento concursal comum \u00a0para a Unidade de Sa\u00fade da Ilha de S\u00e3o Miguel.<\/p>\r\n\r\n\r\n\r\n<p><strong>TSDT Terapeuta da Fala:<\/strong><\/p>\r\n\r\n\r\n\r\n<ul class=\"wp-block-list\">\r\n<li><strong>Oferta BEPA<\/strong>: <a href=\"https:\/\/bep.azores.gov.pt\/OfertaDoc\/446b125e-c0e7-455f-b1bf-3c353ac9d540.pdf\">589\/2023<\/a><\/li>\r\n<li><strong>Data<\/strong>: 28-06-2023<\/li>\r\n<\/ul>\r\n\r\n\r\n\r\n<p><strong>TSDT Terapeuta Ocupacional:<\/strong><\/p>\r\n\r\n\r\n\r\n<ul class=\"wp-block-list\">\r\n<li><strong>Oferta BEPA<\/strong>: <a href=\"https:\/\/bep.azores.gov.pt\/OfertaDoc\/f9ed98b9-0ff2-4740-a657-b3d556fbb7ce.pdf\">588\/2023<\/a><\/li>\r\n<li><strong>Data<\/strong>: 28-06-2023<\/li>\r\n<\/ul>\r\n\r\n\r\n\r\n<p><strong>TSDT Fisioterapeuta:<\/strong><\/p>\r\n\r\n\r\n\r\n<ul class=\"wp-block-list\">\r\n<li><strong>Oferta BEPA<\/strong>: <a href=\"https:\/\/bep.azores.gov.pt\/OfertaDoc\/cd76c5ea-8774-44d7-b670-8113ef8e3453.pdf\">587\/2023<\/a><\/li>\r\n<li><strong>Data<\/strong>: 28-06-2023<\/li>\r\n<\/ul>\r\n\r\n\r\n<hr class=\"wp-block-separator has-alpha-channel-opacity\" \/>\r\n\r\n\r\n<p><strong>Descri\u00e7\u00e3o: <\/strong>Contrato de trabalho em fun\u00e7\u00f5es p\u00fablicas de 1 T\u00e9cnico Superior na \u00e1rea de <span style=\"font-size: 12pt;\"><strong>Servi\u00e7o Social<\/strong><\/span>, atrav\u00e9s de <span style=\"font-size: 12pt;\"><strong>mobilidade<\/strong><\/span> por afeta\u00e7\u00e3o definitiva na mesma carreira e categoria, para a Unidade de Sa\u00fade da Ilha de S\u00e3o Miguel.<\/p>\r\n\r\n\r\n\r\n<ul class=\"wp-block-list\">\r\n<li><strong>Oferta BEPA<\/strong>: <a href=\"https:\/\/bep.azores.gov.pt\/OfertaDoc\/7b4b020b-c67c-4bfe-80e6-94687aa80973.pdf\">493\/2023<\/a><\/li>\r\n<li><strong>Data<\/strong>: 16-05-2023<\/li>\r\n<\/ul>\r\n\r\n\r\n<hr class=\"wp-block-separator has-alpha-channel-opacity\" \/>\r\n\r\n\r\n<p><strong>Descri\u00e7\u00e3o: <\/strong>Contrato de trabalho em fun\u00e7\u00f5es p\u00fablicas de 1 T\u00e9cnico Superior na \u00e1rea de <span style=\"font-size: 12pt;\"><strong>Servi\u00e7o Social<\/strong><\/span>, em regime de contrato de trabalho em fun\u00e7\u00f5es p\u00fablicas, a termo resolutivo incerto, a afetar \u00e0 Unidade de Sa\u00fade da Ilha de S\u00e3o Miguel.<\/p>\r\n\r\n\r\n\r\n<ul class=\"wp-block-list\">\r\n<li><strong>Oferta BEPA<\/strong>: <a href=\"https:\/\/bep.azores.gov.pt\/OfertaDoc\/206714f3-b5cc-4af2-8c60-36fa86109585.pdf\">290\/2023<\/a><\/li>\r\n<li><strong>Data<\/strong>: 07-05-2023<\/li>\r\n<\/ul>\r\n\r\n\r\n<hr class=\"wp-block-separator has-alpha-channel-opacity\" \/>\r\n\r\n\r\n<p><strong>Descri\u00e7\u00e3o: <\/strong>Contrato de trabalho em fun\u00e7\u00f5es p\u00fablicas de 2 T\u00e9cnicos Superiores\u00a0na \u00e1rea de <span style=\"font-size: 12pt;\"><strong>Servi\u00e7o Social<\/strong><\/span>, atrav\u00e9s de <span style=\"font-size: 12pt;\"><strong>mobilidade<\/strong><\/span>\u00a0por afeta\u00e7\u00e3o definitiva na mesma carreira e categoria, a afetar \u00e0 Unidade de Sa\u00fade da Ilha de S\u00e3o Miguel.<\/p>\r\n\r\n\r\n\r\n<ul class=\"wp-block-list\">\r\n<li><strong>Oferta BEPA<\/strong>: <a href=\"https:\/\/bep.azores.gov.pt\/OfertaDoc\/467782ac-1ee1-4ad6-9be1-96ea653c5393.pdf\">1556\/2022<\/a><\/li>\r\n<li><strong>Data<\/strong>: 08-11-2022<\/li>\r\n<\/ul>\r\n\r\n\r\n<hr class=\"wp-block-separator has-alpha-channel-opacity\" \/>\r\n\r\n\r\n<p><strong>Descri\u00e7\u00e3o: <\/strong>Procedimento concursal para a contrata\u00e7\u00e3o, na modalidade de contrato de trabalho em fun\u00e7\u00f5es p\u00fablicas por tempo indeterminado, tendo em vista o preenchimento de 1 (um) posto de trabalho para a categoria de <strong>Assistente, da carreira especial m\u00e9dica, na \u00e1rea de Sa\u00fade P\u00fablica<\/strong>, do Quadro Regional de Pessoal da Ilha de S\u00e3o Miguel, Secretaria Regional da Sa\u00fade, Dire\u00e7\u00e3o Regional da Sa\u00fade, a afetar \u00e0 Unidade de Sa\u00fade da Ilha de S\u00e3o Miguel.<\/p>\r\n\r\n\r\n\r\n<ul class=\"wp-block-list\">\r\n<li><strong>Oferta BEPA<\/strong>: <a href=\"https:\/\/bep.azores.gov.pt\/OfertaDoc\/4d194863-63f0-4f91-b6ff-d77c8bdb0386.pdf\">1136\/2022<\/a><\/li>\r\n<li><strong>Data<\/strong>: 4-11-2022<\/li>\r\n<\/ul>\r\n\r\n\r\n<hr class=\"wp-block-separator has-alpha-channel-opacity\" \/>\r\n\r\n\r\n<p><strong>Descri\u00e7\u00e3o:\u00a0<\/strong>Contrato de trabalho em fun\u00e7\u00f5es p\u00fablicas, a termo resolutivo incerto, de um<strong> T\u00e9cnico Superior<\/strong>, na \u00e1rea de Direito, a afetar \u00e0 Unidade de Sa\u00fade da Ilha de S\u00e3o Miguel.<\/p>\r\n\r\n\r\n\r\n<ul class=\"wp-block-list\">\r\n<li><strong>Oferta BEPA<\/strong>: <a href=\"https:\/\/bep.azores.gov.pt\/OfertaDoc\/cfe71226-2033-4534-b6af-155bad98d674.pdf\">1114\/2022<\/a><\/li>\r\n<li><strong>Data<\/strong>: 31-10-2022<\/li>\r\n<\/ul>\r\n\r\n\r\n<hr class=\"wp-block-separator has-alpha-channel-opacity\" \/>\r\n\r\n\r\n<p><strong>Descri\u00e7\u00e3o: <\/strong>Recrutamento de <strong>Assistentes T\u00e9cnicos<\/strong>, atrav\u00e9s de <span style=\"font-size: 14pt;\"><strong>mobilidade<\/strong><\/span> por afeta\u00e7\u00e3o definitiva na mesma carreira e categoria de Assistente T\u00e9cnico a afetar \u00e0 Unidade de Sa\u00fade da Ilha de S\u00e3o Miguel.<\/p>\r\n\r\n\r\n\r\n<ul class=\"wp-block-list\">\r\n<li><strong>Oferta BEPA<\/strong>:<a href=\"https:\/\/bep.azores.gov.pt\/OfertaDoc\/89161a2e-ec0c-48b6-bea0-4fa48555647b.pdf\"> 1106\/2022<\/a> e <a href=\"https:\/\/bep.azores.gov.pt\/OfertaDoc\/63e6f92c-9a6b-4af5-877e-cdc94eb1697a.pdf\">1108\/2022<\/a><\/li>\r\n<li><strong>Data<\/strong>: 26-10-2022<\/li>\r\n<\/ul>\r\n\r\n\r\n<hr class=\"wp-block-separator has-alpha-channel-opacity\" \/>\r\n\r\n\r\n<p><strong>Descri\u00e7\u00e3o:\u00a0<\/strong>Contrato de trabalho em fun\u00e7\u00f5es p\u00fablicas por tempo indeterminado, de <strong>oito Assistentes da Carreira Especial M\u00e9dica<\/strong>, \u00e1rea de Medicina Geral e Familiar, para o quadro regional de pessoal da Ilha de S\u00e3o Miguel, Secretaria Regional da Sa\u00fade e do Desporto, Dire\u00e7\u00e3o Regional da Sa\u00fade, a afetar \u00e0 Unidade de Sa\u00fade da Ilha de S\u00e3o Miguel.<\/p>\r\n\r\n\r\n\r\n<ul class=\"wp-block-list\">\r\n<li><strong>Oferta BEPA<\/strong>: <a href=\"https:\/\/bep.azores.gov.pt\/OfertaDoc\/4ba04f63-fc6b-4b90-b9bf-262104cabd24.pdf\">1004\/2022<\/a><\/li>\r\n<li><strong>Data<\/strong>: 7-10-2022<\/li>\r\n<\/ul>\r\n\r\n\r\n<hr class=\"wp-block-separator has-alpha-channel-opacity\" \/>\r\n\r\n\r\n<p><strong>Descri\u00e7\u00e3o:\u00a0<\/strong>Contrato por tempo indeterminado com vista ao provimento de <strong>30 lugar(es) de Assistente Operacional<\/strong> do quadro de Ilha de S\u00e3o Miguel afecto ao\/\u00e0 Unidade de Sa\u00fade da Ilha de S\u00e3o Miguel do Servi\u00e7o Regional de Sa\u00fade da Secretaria Regional da Sa\u00fade<\/p>\r\n\r\n\r\n\r\n<ul class=\"wp-block-list\">\r\n<li><strong>Oferta BEPA<\/strong>: <a href=\"https:\/\/bep.azores.gov.pt\/OfertaDoc\/59942967-b918-4561-a4e7-6639744fc331.pdf\">992\/2022<\/a><\/li>\r\n<li><strong>Data<\/strong>: 7-10-2022<\/li>\r\n<li><strong>Documentos de apoio:<\/strong><a href=\"https:\/\/usism.azores.gov.pt\/wp\/?page_id=1634\"> https:\/\/usism.azores.gov.pt\/wp\/?page_id=1634<\/a><\/li>\r\n<\/ul>\r\n\r\n\r\n<hr class=\"wp-block-separator has-alpha-channel-opacity\" \/>\r\n\r\n\r\n<p><strong>Descri\u00e7\u00e3o: <\/strong>Contrato por tempo indeterminado com vista ao provimento de 25 lugar(es) de Assistente Operacional do quadro de Ilha de S\u00e3o Miguel afecto ao\/\u00e0 Unidade de Sa\u00fade da Ilha de S\u00e3o Miguel do Servi\u00e7o Regional de Sa\u00fade da Secretaria Regional da Sa\u00fade<\/p>\r\n\r\n\r\n\r\n<ul class=\"wp-block-list\">\r\n<li><strong>Oferta BEPA<\/strong>: <a href=\"http:\/\/bepa.azores.gov.pt\/avisos\/f4e9b9b0-c2a9-4b6f-84e5-188628087dfb.pdf\" target=\"_blank\" rel=\"noopener noreferrer\">11141<\/a><\/li>\r\n<li><strong>Data<\/strong>: 26-12-2019<\/li>\r\n<li><strong>Documentos de Apoio<\/strong>:<a href=\"https:\/\/usism.azores.gov.pt\/wp\/?page_id=1634\" target=\"_blank\" rel=\"noopener noreferrer\"> https:\/\/usism.azores.gov.pt\/wp\/?page_id=1634\/<\/a><\/li>\r\n<\/ul>\r\n\r\n\r\n<hr class=\"wp-block-separator has-alpha-channel-opacity\" \/>\r\n\r\n\r\n<p><strong>Descri\u00e7\u00e3o: <\/strong>Contrato por tempo indeterminado com vista ao provimento de 20 lugar(es) de Enfermeiro do quadro de Ilha de S\u00e3o Miguel afecto ao\/\u00e0 Unidade de Sa\u00fade da Ilha de S\u00e3o Miguel do Servi\u00e7o Regional de Sa\u00fade da Secretaria Regional da Sa\u00fade<\/p>\r\n\r\n\r\n\r\n<ul class=\"wp-block-list\">\r\n<li><strong>Oferta BEPA<\/strong>: <a href=\"http:\/\/bepa.azores.gov.pt\/avisos\/876a1ddb-1319-4e19-9b4d-f9137263c431.pdf\">11139<\/a><\/li>\r\n<li><strong>Data<\/strong>: 26-12-2019<\/li>\r\n<\/ul>\r\n\r\n\r\n<hr class=\"wp-block-separator has-alpha-channel-opacity\" \/>\r\n\r\n\r\n<p><strong>Descri\u00e7\u00e3o: <\/strong>Contrato por tempo indeterminado com vista ao provimento de 7 lugar(es) de Assistente T\u00e9cnico do quadro de Ilha de S\u00e3o Miguel afecto ao\/\u00e0 Unidade de Sa\u00fade da Ilha de S\u00e3o Miguel do Servi\u00e7o Regional de Sa\u00fade da Secretaria Regional da Sa\u00fade<\/p>\r\n\r\n\r\n\r\n<ul class=\"wp-block-list\">\r\n<li><strong>Oferta BEPA<\/strong>: <a href=\"http:\/\/bepa.azores.gov.pt\/avisos\/2e66f55f-1613-40d7-a8bd-ee417251c6f0.pdf\">11127<\/a><\/li>\r\n<li><strong>Data<\/strong>: 16-12-2019<\/li>\r\n<\/ul>\r\n\r\n\r\n<hr class=\"wp-block-separator has-alpha-channel-opacity\" \/>\r\n\r\n\r\n<p><strong>Descri\u00e7\u00e3o:<\/strong> Contrato por tempo indeterminado com vista ao provimento de 2 lugar(es) de T\u00e9cnico Superior das \u00c1reas de Diagn\u00f3stico e Terap\u00eautica do quadro de Ilha de S\u00e3o Miguel afeto ao\/\u00e0 Unidade de Sa\u00fade da Ilha de S\u00e3o Miguel para a \u00e1rea Terapia Ocupacional da(o) Servi\u00e7o Regional de Sa\u00fade da(o) Secretaria Regional da Sa\u00fade<\/p>\r\n\r\n\r\n\r\n<ul class=\"wp-block-list\">\r\n<li><strong>Oferta BEPA<\/strong>:\u00a0<a title=\"Nova janela: aviso na BEPA\" href=\"http:\/\/bepa.azores.gov.pt\/avisos\/1787e18b-f31a-48ec-b8ec-e5640990ee36.pdf\" target=\"_blank\" rel=\"noopener noreferrer\">10873<\/a><\/li>\r\n<li><strong>Data<\/strong>: 13\/08\/2019<\/li>\r\n<\/ul>\r\n\r\n\r\n<hr class=\"wp-block-separator has-alpha-channel-opacity\" \/>\r\n\r\n\r\n<p><strong>Descri\u00e7\u00e3o:\u00a0<\/strong>Contrato por tempo indeterminado com vista ao provimento de 1 lugar(es) de T\u00e9cnico Superior das \u00c1reas de Diagn\u00f3stico e Terap\u00eautica do quadro de Ilha de S\u00e3o Miguel afeto ao\/\u00e0 Unidade de Sa\u00fade da Ilha de S\u00e3o Miguel para a \u00e1rea Sa\u00fade Ambiental da(o) Servi\u00e7o Regional de Sa\u00fade da(o) Secretaria Regional da Sa\u00fade<\/p>\r\n\r\n\r\n\r\n<ul class=\"wp-block-list\">\r\n<li><strong>Oferta BEPA<\/strong>: <a title=\"Nova janela: aviso na BEPA\" href=\"http:\/\/bepa.azores.gov.pt\/avisos\/c5005a4e-83e2-43c9-9b1a-2afa81efdf74.pdf\" target=\"_blank\" rel=\"noopener noreferrer\">10865<\/a><\/li>\r\n<li><strong>Data<\/strong>: 07\/08\/2019<\/li>\r\n<\/ul>\r\n\r\n\r\n<hr class=\"wp-block-separator has-alpha-channel-opacity\" \/>\r\n\r\n\r\n<p><strong>Descri\u00e7\u00e3o: <\/strong>Contrato por tempo indeterminado com vista ao provimento de 11 lugar(es) de Assistente do quadro de Ilha de S\u00e3o Miguel afeto ao\/\u00e0 Unidade de Sa\u00fade da Ilha de S\u00e3o Miguel para a \u00e1rea Medicina Geral e Familiar da(o) Servi\u00e7o Regional de Sa\u00fade da(o) Secretaria Regional da Sa\u00fade<\/p>\r\n\r\n\r\n\r\n<ul class=\"wp-block-list\">\r\n<li><strong>Oferta BEPA<\/strong>: <a title=\"Nova janela: aviso na BEPA\" href=\"http:\/\/bepa.azores.gov.pt\/avisos\/67430ecc-d2b0-4953-90a6-e9e8924825e8.pdf\" target=\"_blank\" rel=\"noopener noreferrer\">10818<\/a><\/li>\r\n<li><strong>Data<\/strong>: 22\/07\/2019<\/li>\r\n<\/ul>\r\n\r\n\r\n<hr class=\"wp-block-separator has-alpha-channel-opacity\" \/>\r\n\r\n\r\n<p><strong>Descri\u00e7\u00e3o:\u00a0<\/strong>Contrato por tempo indeterminado com vista ao provimento de 6 lugar(es) de T\u00e9cnico Superior das \u00c1reas de Diagn\u00f3stico e Terap\u00eautica do quadro de Ilha de S\u00e3o Miguel afeto ao\/\u00e0 Unidade de Sa\u00fade da Ilha de S\u00e3o Miguel para a \u00e1rea Fisioterapia da(o) Servi\u00e7o Regional de Sa\u00fade da(o) Secretaria Regional da Sa\u00fade<\/p>\r\n\r\n\r\n\r\n<ul class=\"wp-block-list\">\r\n<li><strong>Oferta BEPA<\/strong>: <a title=\"Nova janela: aviso na BEPA\" href=\"http:\/\/bepa.azores.gov.pt\/avisos\/a104ddf7-f982-4900-bd8d-6c93a244ab21.pdf\" target=\"_blank\" rel=\"noopener noreferrer\">10797<\/a><\/li>\r\n<li><strong>Data<\/strong>: 15\/07\/2019<\/li>\r\n<\/ul>\r\n\r\n\r\n<hr class=\"wp-block-separator has-alpha-channel-opacity\" \/>\r\n\r\n\r\n<p><strong>Descri\u00e7\u00e3o:<\/strong>\u00a0Contrato por tempo indeterminado com vista ao provimento de 1 lugar(es) de T\u00e9cnico Superior do quadro de Ilha de S\u00e3o Miguel afeto ao\/\u00e0 Unidade de Sa\u00fade da Ilha de S\u00e3o Miguel para a \u00e1rea Farm\u00e1cia da(o) Servi\u00e7o Regional de Sa\u00fade da(o) Secretaria Regional da Sa\u00fade<\/p>\r\n\r\n\r\n\r\n<ul class=\"wp-block-list\">\r\n<li><strong>Oferta BEPA<\/strong>:\u00a0<a title=\"Nova janela: aviso na BEPA\" href=\"http:\/\/bepa.azores.gov.pt\/avisos\/ee6b8159-6e17-48b8-a76c-f9d55ce9a47c.pdf\" target=\"_blank\" rel=\"noopener noreferrer\">10759<\/a><\/li>\r\n<li><strong>Data<\/strong>: 26\/06\/2019<\/li>\r\n<\/ul>\r\n\r\n\r\n<hr class=\"wp-block-separator has-alpha-channel-opacity\" \/>\r\n\r\n\r\n<p><strong>Descri\u00e7\u00e3o:<\/strong>\u00a0Contrato por tempo indeterminado com vista ao provimento de 1 lugar(es) de T\u00e9cnico Superior do quadro de Ilha de S\u00e3o Miguel afeto ao\/\u00e0 Unidade de Sa\u00fade da Ilha de S\u00e3o Miguel para a \u00e1rea Rela\u00e7\u00f5es P\u00fablicas e Comunica\u00e7\u00e3o da(o) Servi\u00e7o Regional de Sa\u00fade da(o) Secretaria Regional da Sa\u00fade<\/p>\r\n\r\n\r\n\r\n<ul class=\"wp-block-list\">\r\n<li><strong>Oferta BEPA<\/strong>:\u00a0<a title=\"Nova janela: aviso na BEPA\" href=\"http:\/\/bepa.azores.gov.pt\/avisos\/2e5e3866-1e46-431d-bb53-1c80f162e9e2.pdf\" target=\"_blank\" rel=\"noopener noreferrer\">10758<\/a><\/li>\r\n<li><strong>Data<\/strong>:\u00a026\/06\/2019<\/li>\r\n<\/ul>\r\n\r\n\r\n<hr class=\"wp-block-separator has-alpha-channel-opacity\" \/>\r\n\r\n\r\n<h3 class=\"wp-block-heading\">Formul\u00e1rios<\/h3>\r\n\r\n\r\n\r\n<ul class=\"wp-block-list\">\r\n<li>BEPA &gt; <a title=\"Nova janela: formul\u00e1rios na BEPA\" href=\"http:\/\/bepa.azores.gov.pt\/formularios.aspx\" target=\"_blank\" rel=\"noopener noreferrer\">Formul\u00e1rios<\/a><\/li>\r\n<\/ul>\r\n","protected":false},"excerpt":{"rendered":"<p>Procedimentos\u00a0em curso Todos os procedimentos s\u00e3o publicitados na BEPA &#8211; Bolsa de Emprego P\u00fablico dos A\u00e7ores. Descri\u00e7\u00e3o:\u00a0Contrato de trabalho em fun\u00e7\u00f5es p\u00fablicas por tempo indeterminado de 1 T\u00e9cnicos Superiores na \u00e1rea de Engenharia Mec\u00e2nica \/ Eletromec\u00e2nica,\u00a0a afetar \u00e0 Unidade de Sa\u00fade da Ilha de S\u00e3o Miguel. Oferta BEPA:\u00a01164\/2023 Data:\u00a013-10-2023 Descri\u00e7\u00e3o:\u00a0Contrato de trabalho em fun\u00e7\u00f5es p\u00fablicas [&hellip;]<\/p>\n","protected":false},"author":1,"featured_media":2439,"parent":2756,"menu_order":0,"comment_status":"closed","ping_status":"closed","template":"","meta":{"footnotes":""},"class_list":["post-1518","page","type-page","status-publish","has-post-thumbnail","hentry"],"_links":{"self":[{"href":"https:\/\/usism.azores.gov.pt\/wp\/index.php?rest_route=\/wp\/v2\/pages\/1518","targetHints":{"allow":["GET"]}}],"collection":[{"href":"https:\/\/usism.azores.gov.pt\/wp\/index.php?rest_route=\/wp\/v2\/pages"}],"about":[{"href":"https:\/\/usism.azores.gov.pt\/wp\/index.php?rest_route=\/wp\/v2\/types\/page"}],"author":[{"embeddable":true,"href":"https:\/\/usism.azores.gov.pt\/wp\/index.php?rest_route=\/wp\/v2\/users\/1"}],"replies":[{"embeddable":true,"href":"https:\/\/usism.azores.gov.pt\/wp\/index.php?rest_route=%2Fwp%2Fv2%2Fcomments&post=1518"}],"version-history":[{"count":56,"href":"https:\/\/usism.azores.gov.pt\/wp\/index.php?rest_route=\/wp\/v2\/pages\/1518\/revisions"}],"predecessor-version":[{"id":3191,"href":"https:\/\/usism.azores.gov.pt\/wp\/index.php?rest_route=\/wp\/v2\/pages\/1518\/revisions\/3191"}],"up":[{"embeddable":true,"href":"https:\/\/usism.azores.gov.pt\/wp\/index.php?rest_route=\/wp\/v2\/pages\/2756"}],"wp:featuredmedia":[{"embeddable":true,"href":"https:\/\/usism.azores.gov.pt\/wp\/index.php?rest_route=\/wp\/v2\/media\/2439"}],"wp:attachment":[{"href":"https:\/\/usism.azores.gov.pt\/wp\/index.php?rest_route=%2Fwp%2Fv2%2Fmedia&parent=1518"}],"curies":[{"name":"wp","href":"https:\/\/api.w.org\/{rel}","templated":true}]}}