{"id":1202,"date":"2019-07-02T07:39:36","date_gmt":"2019-07-02T08:39:36","guid":{"rendered":"http:\/\/usism.pt\/wp\/?page_id=1202"},"modified":"2025-09-16T10:48:57","modified_gmt":"2025-09-16T11:48:57","slug":"conselho-de-administracao","status":"publish","type":"page","link":"https:\/\/usism.azores.gov.pt\/wp\/?page_id=1202","title":{"rendered":"Conselho de Administra\u00e7\u00e3o"},"content":{"rendered":"<p><strong>Presidente do Conselho de Administra\u00e7\u00e3o | Sandra da Concei\u00e7\u00e3o de Sousa Pereira da Silva<\/strong><\/p>\n<p><a href=\"https:\/\/usism.azores.gov.pt\/wp\/?wpfb_dl=67\" target=\"_blank\">Despacho de nomea\u00e7\u00e3o e nota biogr\u00e1fica<\/a><\/p>\n<p>&nbsp;<\/p>\n<p><strong>Vogal Executivo | Jos\u00e9 Carvalho Santos<\/strong><\/p>\n<p><a href=\"https:\/\/usism.azores.gov.pt\/wp\/?wpfb_dl=68\" target=\"_blank\">Despacho de nomea\u00e7\u00e3o e nota biogr\u00e1fica<\/a><\/p>\n<p>&nbsp;<\/p>\n<p><strong>Vogal Executivo | Maria Manuela Ferreira<\/strong><\/p>\n<p><a href=\"https:\/\/usism.azores.gov.pt\/wp\/?wpfb_dl=69\" target=\"_blank\">Despacho de nomea\u00e7\u00e3o e nota biogr\u00e1fica<\/a><\/p>\n<p>&nbsp;<\/p>\n<p><strong>Vogal N\u00e3o Executivo | Andr\u00e9 Soares<\/strong><\/p>\n<p><a href=\"https:\/\/usism.azores.gov.pt\/wp\/?wpfb_dl=151\" target=\"_blank\">Despacho de nomea\u00e7\u00e3o e nota biogr\u00e1fica<\/a><\/p>\n<p>&nbsp;<\/p>\n<p><strong>Vogal N\u00e3o Executivo | Virg\u00edlio Fernando Ferreira Vieira<\/strong><\/p>\n<p><a href=\"https:\/\/usism.azores.gov.pt\/wp\/?wpfb_dl=71\" target=\"_blank\">Despacho de nomea\u00e7\u00e3o e nota biogr\u00e1fica<\/a><\/p>\n","protected":false},"excerpt":{"rendered":"<p>Presidente do Conselho de Administra\u00e7\u00e3o | Sandra da Concei\u00e7\u00e3o de Sousa Pereira da Silva Despacho de nomea\u00e7\u00e3o e nota biogr\u00e1fica &nbsp; Vogal Executivo | Jos\u00e9 Carvalho Santos Despacho de nomea\u00e7\u00e3o e nota biogr\u00e1fica &nbsp; Vogal Executivo | Maria Manuela Ferreira Despacho de nomea\u00e7\u00e3o e nota biogr\u00e1fica &nbsp; Vogal N\u00e3o Executivo | Andr\u00e9 Soares Despacho de [&hellip;]<\/p>\n","protected":false},"author":1,"featured_media":0,"parent":2756,"menu_order":0,"comment_status":"closed","ping_status":"closed","template":"","meta":{"footnotes":""},"class_list":["post-1202","page","type-page","status-publish","hentry"],"_links":{"self":[{"href":"https:\/\/usism.azores.gov.pt\/wp\/index.php?rest_route=\/wp\/v2\/pages\/1202","targetHints":{"allow":["GET"]}}],"collection":[{"href":"https:\/\/usism.azores.gov.pt\/wp\/index.php?rest_route=\/wp\/v2\/pages"}],"about":[{"href":"https:\/\/usism.azores.gov.pt\/wp\/index.php?rest_route=\/wp\/v2\/types\/page"}],"author":[{"embeddable":true,"href":"https:\/\/usism.azores.gov.pt\/wp\/index.php?rest_route=\/wp\/v2\/users\/1"}],"replies":[{"embeddable":true,"href":"https:\/\/usism.azores.gov.pt\/wp\/index.php?rest_route=%2Fwp%2Fv2%2Fcomments&post=1202"}],"version-history":[{"count":35,"href":"https:\/\/usism.azores.gov.pt\/wp\/index.php?rest_route=\/wp\/v2\/pages\/1202\/revisions"}],"predecessor-version":[{"id":3148,"href":"https:\/\/usism.azores.gov.pt\/wp\/index.php?rest_route=\/wp\/v2\/pages\/1202\/revisions\/3148"}],"up":[{"embeddable":true,"href":"https:\/\/usism.azores.gov.pt\/wp\/index.php?rest_route=\/wp\/v2\/pages\/2756"}],"wp:attachment":[{"href":"https:\/\/usism.azores.gov.pt\/wp\/index.php?rest_route=%2Fwp%2Fv2%2Fmedia&parent=1202"}],"curies":[{"name":"wp","href":"https:\/\/api.w.org\/{rel}","templated":true}]}}