{"id":1149,"date":"2018-08-07T08:21:47","date_gmt":"2018-08-07T09:21:47","guid":{"rendered":"http:\/\/usism.pt\/wp\/?page_id=1149"},"modified":"2018-08-07T08:21:47","modified_gmt":"2018-08-07T09:21:47","slug":"exposicao-solar-segura","status":"publish","type":"page","link":"https:\/\/usism.azores.gov.pt\/wp\/?page_id=1149","title":{"rendered":"Exposi\u00e7\u00e3o Solar Segura"},"content":{"rendered":"<p>O Ver\u00e3o \u00e9 uma \u00e9poca convidativa ao contacto com a natureza, ao relaxamento e ao desfrutar de banhos e mar, mas se o ar livre e a exposi\u00e7\u00e3o solar nos conferem v\u00e1rios benef\u00edcios, tamb\u00e9m se revestem de perigos aos quais devemos estar alerta e saber evitar.<\/p>\n<p>A exposi\u00e7\u00e3o ao sol \u00e9 essencial para a produ\u00e7\u00e3o de vitamina D3, pela pele. Esta vitamina, depois de absorvida, \u00e9 implicada no metabolismo do c\u00e1lcio, favorecendo a absor\u00e7\u00e3o deste mineral nos ossos. A sua car\u00eancia pode favorecer estados deficit\u00e1rios da vitamina, como o raquitismo, situa\u00e7\u00e3o cl\u00ednica que pode facilitar o aparecimento de defeitos na massa \u00f3ssea<a href=\"#_ftn1\" name=\"_ftnref1\">[1]<\/a>.<\/p>\n<p>Embora a car\u00eancia de exposi\u00e7\u00e3o solar possa incorrer ao risco de uma hipovitaminose, a evid\u00eancia cient\u00edfica decorrente de estudos epidemiol\u00f3gicos e de laborat\u00f3rio reconhece o excesso de exposi\u00e7\u00e3o solar como um fator de risco preponderante sobre o desenvolvimento de cancro de pele.<\/p>\n<p>Existem dois tipos de cancros de pele, os melanomas, que resultam de uma prolifera\u00e7\u00e3o maligna de melan\u00f3citos (c\u00e9lulas respons\u00e1veis pela pigmenta\u00e7\u00e3o cut\u00e2nea) e os cancros de pele n\u00e3o-melanoma, como o carcinoma das c\u00e9lulas escamosas (espinocelular, pavimento-celular ou epidermoide) e o carcinoma de c\u00e9lulas basais (basocelular ou basilioma). Embora possam justificar ainda uma mortalidade na ordem dos 5 a 10 casos por ano, nos A\u00e7ores, a sua dete\u00e7\u00e3o precoce \u00e9 essencial para o progn\u00f3stico mais favor\u00e1vel, a sobreviv\u00eancia e o sucesso do tratamento. Todos estes tipos de cancro t\u00eam a exposi\u00e7\u00e3o solar, designadamente a exposi\u00e7\u00e3o \u00e0 radia\u00e7\u00e3o UV (Ultravioleta) como principal fator de risco.<\/p>\n<p>A radia\u00e7\u00e3o solar \u00e9 constitu\u00edda por radia\u00e7\u00e3o de v\u00e1rios tipos, designadamente a UV, que comporta radia\u00e7\u00e3o UVA, UVB e UVC. A radia\u00e7\u00e3o UVB \u00e9 a mais nociva, sendo respons\u00e1vel pelas queimaduras solares, les\u00f5es oculares, assim como pelo foto-envelhecimento e cancro de pele.<\/p>\n<p>Dependendo da latitude e da altitude a que nos encontramos, bem como da hora do dia, da presen\u00e7a de nuvens, de \u00e1gua ou de neve, a radia\u00e7\u00e3o UVB apresenta oscila\u00e7\u00f5es de intensidade. Deste modo, quanto menor a latitude, maior a altitude, hora do dia mais pr\u00f3xima das 12h00, menor presen\u00e7a de nuvens e estadia em local com \u00e1gua e neve, maiores os riscos na exposi\u00e7\u00e3o solar. Nos A\u00e7ores, as profiss\u00f5es de maior risco s\u00e3o as associadas \u00e0 agricultura e pesca, sendo a exposi\u00e7\u00e3o nesta \u00faltima, agravada pelo efeito refletor de radia\u00e7\u00e3o que a \u00e1gua comporta.<\/p>\n<p>A toler\u00e2ncia \u00e0 radia\u00e7\u00e3o UV, seja esta proveniente diretamente do sol ou de fontes artificiais como sol\u00e1rios, depende do grau de pigmenta\u00e7\u00e3o da pele, designado como fototipo. Assim, quanto mais escura for a pele, maior o grau de prote\u00e7\u00e3o natural \u00e0 radia\u00e7\u00e3o UVB. A tabela abaixo permite a perce\u00e7\u00e3o do tempo de exposi\u00e7\u00e3o solar segura, mediante o fototipo correspondente<a href=\"#_ftn2\" name=\"_ftnref2\">[2]<\/a>.<\/p>\n<p><a href=\"http:\/\/usism.pt\/wp\/wp-content\/uploads\/2018\/08\/fototipo.jpg\" data-rel=\"lightbox-gallery-YL8J5Hku\" data-rl_title=\"\" data-rl_caption=\"\" title=\"\"><img fetchpriority=\"high\" decoding=\"async\" class=\"aligncenter size-large wp-image-1150\" src=\"http:\/\/usism.pt\/wp\/wp-content\/uploads\/2018\/08\/fototipo-1024x743.jpg\" alt=\"fototipo\" width=\"648\" height=\"470\" srcset=\"https:\/\/usism.azores.gov.pt\/wp\/wp-content\/uploads\/2018\/08\/fototipo-1024x743.jpg 1024w, https:\/\/usism.azores.gov.pt\/wp\/wp-content\/uploads\/2018\/08\/fototipo-300x218.jpg 300w, https:\/\/usism.azores.gov.pt\/wp\/wp-content\/uploads\/2018\/08\/fototipo-768x557.jpg 768w, https:\/\/usism.azores.gov.pt\/wp\/wp-content\/uploads\/2018\/08\/fototipo.jpg 1222w\" sizes=\"(max-width: 648px) 100vw, 648px\" \/><\/a><\/p>\n<p><a href=\"https:\/\/www.euromelanoma.org\/portugal\/preven%C8%9Bia-cancerului-de-piele\/conhe%C3%A7a-o-seu-tipo-de-pele-fototipo\" target=\"_blank\">Conhe\u00e7a o seu tipo de pele (fototipo)<\/a><\/p>\n<p>A preven\u00e7\u00e3o do cancro \u00e9 poss\u00edvel, desej\u00e1vel e altamente recomend\u00e1vel, essencialmente junto das popula\u00e7\u00f5es mais jovens, uma vez que os danos a n\u00edvel da pele ocorrem sobretudo nos primeiros 20 anos de vida. Para uma exposi\u00e7\u00e3o solar segura, tenha aten\u00e7\u00e3o \u00e0s seguintes informa\u00e7\u00f5es:<\/p>\n<ul>\n<li>A exposi\u00e7\u00e3o solar direta \u00e9 prejudicial e desaconselhada antes dos 3 anos de idade!<\/li>\n<li>Evitar a exposi\u00e7\u00e3o solar em horas consideradas de risco (entre as 11h e as 17h).<\/li>\n<li>Procurar uma sombra, sempre que poss\u00edvel, especialmente nos per\u00edodos do dia em que a nossa pr\u00f3pria sombra \u00e9 mais pequena do que n\u00f3s.<\/li>\n<li>Usar chap\u00e9u, de prefer\u00eancia de abas largas para proteger as orelhas e parte do pesco\u00e7o.<\/li>\n<li>Usar \u00f3culos escuros com prote\u00e7\u00e3o contra a radia\u00e7\u00e3o ultravioleta.<\/li>\n<li>Usar camisa de manga comprida, de tecido denso, n\u00e3o poroso, que proteja o decote e os bra\u00e7os, bem como cal\u00e7as (medida aplic\u00e1vel sobretudo aos trabalhadores da pesca, da agricultura e da lavoura).<\/li>\n<li>Aplicar o protetor solar, sempre com filtro de amplo espetro (anti UVA e UVB) e com fator de prote\u00e7\u00e3o solar (FPS) adequado ao fototipo (ver Tabela 2). A escolha do FPS deve variar na raz\u00e3o inversa ao fototipo, isto \u00e9, quanto mais baixo for o fototipo, mais alto deve ser o FPS.<\/li>\n<li>Beber \u00e1gua durante a exposi\u00e7\u00e3o ao sol, para evitar desidrata\u00e7\u00e3o<a href=\"#_ftn3\" name=\"_ftnref3\">[3]<\/a>.<\/li>\n<\/ul>\n<p><a href=\"#_ftnref1\" name=\"_ftn1\">[1]<\/a> Ghissassi FE, Baan R, Straif K, et al. A review of human carcinogens \u2013 Part D: radiation. <em>Lancet<\/em> 2009; 40: 751-2.<\/p>\n<p><a href=\"#_ftnref2\" name=\"_ftn2\">[2]<\/a> Centro de Oncologia dos A\u00e7ores Prof. Doutor Jos\u00e9 Conde. O Sol est\u00e1 \u00e0 porta. Junho 2016, dispon\u00edvel para consulta em <a href=\"https:\/\/www.azores.gov.pt\/NR\/rdonlyres\/72435FAA-E411-48FA-9277-3658C10C1274\/0\/Comunicado_08_Ca_Pele_COA_Junho_2016.pdf\">https:\/\/www.azores.gov.pt\/NR\/rdonlyres\/72435FAA-E411-48FA-9277-3658C10C1274\/0\/Comunicado_08_Ca_Pele_COA_Junho_2016.pdf<\/a><\/p>\n<p><a href=\"#_ftnref3\" name=\"_ftn3\">[3]<\/a> <a href=\"https:\/\/www.dgs.pt\/saude-ambiental-calor\/verao-em-seguranca\/proteja-se-do-sol.aspx\">https:\/\/www.dgs.pt\/saude-ambiental-calor\/verao-em-seguranca\/proteja-se-do-sol.aspx<\/a><\/p>\n","protected":false},"excerpt":{"rendered":"<p>O Ver\u00e3o \u00e9 uma \u00e9poca convidativa ao contacto com a natureza, ao relaxamento e ao desfrutar de banhos e mar, mas se o ar livre e a exposi\u00e7\u00e3o solar nos conferem v\u00e1rios benef\u00edcios, tamb\u00e9m se revestem de perigos aos quais devemos estar alerta e saber evitar. A exposi\u00e7\u00e3o ao sol \u00e9 essencial para a produ\u00e7\u00e3o [&hellip;]<\/p>\n","protected":false},"author":1,"featured_media":1148,"parent":971,"menu_order":0,"comment_status":"closed","ping_status":"closed","template":"","meta":{"footnotes":""},"class_list":["post-1149","page","type-page","status-publish","has-post-thumbnail","hentry"],"_links":{"self":[{"href":"https:\/\/usism.azores.gov.pt\/wp\/index.php?rest_route=\/wp\/v2\/pages\/1149","targetHints":{"allow":["GET"]}}],"collection":[{"href":"https:\/\/usism.azores.gov.pt\/wp\/index.php?rest_route=\/wp\/v2\/pages"}],"about":[{"href":"https:\/\/usism.azores.gov.pt\/wp\/index.php?rest_route=\/wp\/v2\/types\/page"}],"author":[{"embeddable":true,"href":"https:\/\/usism.azores.gov.pt\/wp\/index.php?rest_route=\/wp\/v2\/users\/1"}],"replies":[{"embeddable":true,"href":"https:\/\/usism.azores.gov.pt\/wp\/index.php?rest_route=%2Fwp%2Fv2%2Fcomments&post=1149"}],"version-history":[{"count":1,"href":"https:\/\/usism.azores.gov.pt\/wp\/index.php?rest_route=\/wp\/v2\/pages\/1149\/revisions"}],"predecessor-version":[{"id":1151,"href":"https:\/\/usism.azores.gov.pt\/wp\/index.php?rest_route=\/wp\/v2\/pages\/1149\/revisions\/1151"}],"up":[{"embeddable":true,"href":"https:\/\/usism.azores.gov.pt\/wp\/index.php?rest_route=\/wp\/v2\/pages\/971"}],"wp:featuredmedia":[{"embeddable":true,"href":"https:\/\/usism.azores.gov.pt\/wp\/index.php?rest_route=\/wp\/v2\/media\/1148"}],"wp:attachment":[{"href":"https:\/\/usism.azores.gov.pt\/wp\/index.php?rest_route=%2Fwp%2Fv2%2Fmedia&parent=1149"}],"curies":[{"name":"wp","href":"https:\/\/api.w.org\/{rel}","templated":true}]}}