{"id":114,"date":"2015-12-16T10:27:26","date_gmt":"2015-12-16T11:27:26","guid":{"rendered":"http:\/\/usism.pt\/wp\/?page_id=114"},"modified":"2022-08-05T14:21:29","modified_gmt":"2022-08-05T15:21:29","slug":"ficha-tecnica","status":"publish","type":"page","link":"https:\/\/usism.azores.gov.pt\/wp\/?page_id=114","title":{"rendered":"Ficha T\u00e9cnica"},"content":{"rendered":"<p>A p\u00e1gina web da USISM foi\u00a0desenvolvida e \u00e9 mantida\u00a0pelo Gabinete de Inform\u00e1tica da Unidade de Sa\u00fade da Ilha de S\u00e3o Miguel com recurso ao gestor de conte\u00fados\u00a0WordPress 4.4.1, com o tema <a href=\"https:\/\/colorlib.com\/wp\/themes\/sparkling\/\" target=\"_blank\" rel=\"noopener\">Sparkling<\/a> e \u00e9 mantida pelo Gabinete de Comunica\u00e7\u00e3o e Imagem da Unidade de Sa\u00fade da Ilha de S\u00e3o Miguel<\/p>\n<p>Esta p\u00e1gina web\u00a0encontra-se em constante evolu\u00e7\u00e3o com a adi\u00e7\u00e3o de novos conte\u00fados e o desenvolvimento de novas funcionalidades.<br \/>\nCaso detete algum problema ou tenha alguma sugest\u00e3o relacionada com a p\u00e1gina web da USISM, pf, entre em contacto connosco atrav\u00e9s do e-mail <a href=\"mailto:usismiguel.comunicacao@azores.gov.pt\">usismiguel.comunicacao@azores.gov.pt<\/a><\/p>\n<p>Obrigado pelo seu feedback.<\/p>\n<p>&nbsp;<\/p>\n<p>&nbsp;<\/p>\n","protected":false},"excerpt":{"rendered":"<p>A p\u00e1gina web da USISM foi\u00a0desenvolvida e \u00e9 mantida\u00a0pelo Gabinete de Inform\u00e1tica da Unidade de Sa\u00fade da Ilha de S\u00e3o Miguel com recurso ao gestor de conte\u00fados\u00a0WordPress 4.4.1, com o tema Sparkling e \u00e9 mantida pelo Gabinete de Comunica\u00e7\u00e3o e Imagem da Unidade de Sa\u00fade da Ilha de S\u00e3o Miguel Esta p\u00e1gina web\u00a0encontra-se em constante [&hellip;]<\/p>\n","protected":false},"author":1,"featured_media":0,"parent":0,"menu_order":0,"comment_status":"closed","ping_status":"closed","template":"","meta":{"footnotes":""},"class_list":["post-114","page","type-page","status-publish","hentry"],"_links":{"self":[{"href":"https:\/\/usism.azores.gov.pt\/wp\/index.php?rest_route=\/wp\/v2\/pages\/114","targetHints":{"allow":["GET"]}}],"collection":[{"href":"https:\/\/usism.azores.gov.pt\/wp\/index.php?rest_route=\/wp\/v2\/pages"}],"about":[{"href":"https:\/\/usism.azores.gov.pt\/wp\/index.php?rest_route=\/wp\/v2\/types\/page"}],"author":[{"embeddable":true,"href":"https:\/\/usism.azores.gov.pt\/wp\/index.php?rest_route=\/wp\/v2\/users\/1"}],"replies":[{"embeddable":true,"href":"https:\/\/usism.azores.gov.pt\/wp\/index.php?rest_route=%2Fwp%2Fv2%2Fcomments&post=114"}],"version-history":[{"count":9,"href":"https:\/\/usism.azores.gov.pt\/wp\/index.php?rest_route=\/wp\/v2\/pages\/114\/revisions"}],"predecessor-version":[{"id":2338,"href":"https:\/\/usism.azores.gov.pt\/wp\/index.php?rest_route=\/wp\/v2\/pages\/114\/revisions\/2338"}],"wp:attachment":[{"href":"https:\/\/usism.azores.gov.pt\/wp\/index.php?rest_route=%2Fwp%2Fv2%2Fmedia&parent=114"}],"curies":[{"name":"wp","href":"https:\/\/api.w.org\/{rel}","templated":true}]}}