{"id":1130,"date":"2018-06-27T08:15:50","date_gmt":"2018-06-27T09:15:50","guid":{"rendered":"http:\/\/usism.pt\/wp\/?page_id=1130"},"modified":"2019-12-26T11:14:02","modified_gmt":"2019-12-26T12:14:02","slug":"manuais-do-cuidador","status":"publish","type":"page","link":"https:\/\/usism.azores.gov.pt\/wp\/?page_id=1130","title":{"rendered":"Manuais do Cuidador"},"content":{"rendered":"<table class=\"table table-striped table-bordered\">\r\n<thead>\r\n\t<tr><th scope=\"col\"><a href=\"\/wp\/index.php?rest_route=%2Fwp%2Fv2%2Fpages%2F1130&wpfb_file_sort=&lt;file_display_name\">T\u00edtulo<\/a><\/th><\/tr>\r\n<\/thead>\r\n<tbody><tr><td><a href=\"https:\/\/usism.azores.gov.pt\/wp\/?wpfb_dl=1\" target=\"_blank\">Manual do Cuidador 1 - Promo\u00e7\u00e3o do Autocuidado e Lazer<\/a><\/tr><tr><td><a href=\"https:\/\/usism.azores.gov.pt\/wp\/?wpfb_dl=6\" target=\"_blank\">Manual do Cuidador 2 - Incontin\u00eancia Urin\u00e1ria no Idoso<\/a><\/tr><tr><td><a href=\"https:\/\/usism.azores.gov.pt\/wp\/?wpfb_dl=4\" target=\"_blank\">Manual do Cuidador 3 - Preven\u00e7\u00e3o de  Quedas em Idosos no Domic\u00edlio<\/a><\/tr><tr><td><a href=\"https:\/\/usism.azores.gov.pt\/wp\/?wpfb_dl=5\" target=\"_blank\">Manual do Cuidador 4 - Preven\u00e7\u00e3o de \u00dalceras por Press\u00e3o<\/a><\/tr><tr><td><a href=\"https:\/\/usism.azores.gov.pt\/wp\/?wpfb_dl=2\" target=\"_blank\">Manual do Cuidador 5 - Cuidados \u00e0 Pessoa Dependente<\/a><\/tr><tr><td><a href=\"https:\/\/usism.azores.gov.pt\/wp\/?wpfb_dl=3\" target=\"_blank\">Manual do Cuidador 6 - Cuide de Si, Cuide dos Seus<\/a><\/tr><\/tbody>\r\n<\/table>\r\n<div class=\"tablenav-pages\"><\/div>\n","protected":false},"excerpt":{"rendered":"","protected":false},"author":1,"featured_media":1133,"parent":971,"menu_order":0,"comment_status":"closed","ping_status":"closed","template":"","meta":{"footnotes":""},"class_list":["post-1130","page","type-page","status-publish","has-post-thumbnail","hentry"],"_links":{"self":[{"href":"https:\/\/usism.azores.gov.pt\/wp\/index.php?rest_route=\/wp\/v2\/pages\/1130","targetHints":{"allow":["GET"]}}],"collection":[{"href":"https:\/\/usism.azores.gov.pt\/wp\/index.php?rest_route=\/wp\/v2\/pages"}],"about":[{"href":"https:\/\/usism.azores.gov.pt\/wp\/index.php?rest_route=\/wp\/v2\/types\/page"}],"author":[{"embeddable":true,"href":"https:\/\/usism.azores.gov.pt\/wp\/index.php?rest_route=\/wp\/v2\/users\/1"}],"replies":[{"embeddable":true,"href":"https:\/\/usism.azores.gov.pt\/wp\/index.php?rest_route=%2Fwp%2Fv2%2Fcomments&post=1130"}],"version-history":[{"count":1,"href":"https:\/\/usism.azores.gov.pt\/wp\/index.php?rest_route=\/wp\/v2\/pages\/1130\/revisions"}],"predecessor-version":[{"id":1131,"href":"https:\/\/usism.azores.gov.pt\/wp\/index.php?rest_route=\/wp\/v2\/pages\/1130\/revisions\/1131"}],"up":[{"embeddable":true,"href":"https:\/\/usism.azores.gov.pt\/wp\/index.php?rest_route=\/wp\/v2\/pages\/971"}],"wp:featuredmedia":[{"embeddable":true,"href":"https:\/\/usism.azores.gov.pt\/wp\/index.php?rest_route=\/wp\/v2\/media\/1133"}],"wp:attachment":[{"href":"https:\/\/usism.azores.gov.pt\/wp\/index.php?rest_route=%2Fwp%2Fv2%2Fmedia&parent=1130"}],"curies":[{"name":"wp","href":"https:\/\/api.w.org\/{rel}","templated":true}]}}